{"id":20776,"date":"2024-12-19T13:40:30","date_gmt":"2024-12-19T12:40:30","guid":{"rendered":"https:\/\/trailrunningmallorca.es\/?page_id=20776"},"modified":"2024-12-19T13:42:44","modified_gmt":"2024-12-19T12:42:44","slug":"rutas-son-servera","status":"publish","type":"page","link":"https:\/\/trailrunningmallorca.es\/index.php\/rutas-son-servera\/","title":{"rendered":"Rutas Son Servera"},"content":{"rendered":"<div class=\"pt-cv-wrapper\"><div class=\"pt-cv-view pt-cv-blockgrid iscvblock iscvhybrid list1 layout1 pt-cv-pgregular pt-cv-justify\" id=\"pt-cv-view-c8b373552q\"><div data-id=\"pt-cv-page-1\" class=\"pt-cv-page\" data-cvc=\"1\"><div class=\" pt-cv-content-item pt-cv-2-col\"  data-pid=\"20437\"><div class=\"pt-cv-thumb-wrapper pull-left \"><a href=\"https:\/\/trailrunningmallorca.es\/index.php\/2024\/10\/09\/font-na-penyal\/\" class=\"_self pt-cv-href-thumbnail pt-cv-thumb-left\" target=\"_self\" ><img loading=\"lazy\" decoding=\"async\" width=\"2000\" height=\"1126\" src=\"https:\/\/trailrunningmallorca.es\/wp-content\/uploads\/2024\/10\/nggallery_import\/20240625_125838.jpeg\" class=\"pt-cv-thumbnail img-none pull-left\" alt=\"Puig de sa Font, Na Penyal\" \/><\/a><div class=\"pt-cv-taxoterm over_top_left\"><a href='https:\/\/trailrunningmallorca.es\/index.php\/category\/rutas-comarcas\/llevant\/' title='Llevant' class='pt-cv-tax-llevant'>Llevant<\/a><a href='https:\/\/trailrunningmallorca.es\/index.php\/category\/clasificacion-rutas\/rutas-por-distancia\/menos-de-10-km\/' title='Menos de 10 Km' class='pt-cv-tax-menos-de-10-km'>Menos de 10 Km<\/a><a href='https:\/\/trailrunningmallorca.es\/index.php\/category\/clasificacion-rutas\/rutas-por-dificultad\/moderado\/' title='Moderado' class='pt-cv-tax-moderado'>Moderado<\/a><a href='https:\/\/trailrunningmallorca.es\/index.php\/category\/rutas-comarcas\/llevant\/son-servera\/' title='Son Servera' class='pt-cv-tax-son-servera'>Son Servera<\/a><\/div><\/div>\n<div class=\"pt-cv-colwrap\"><h4 class=\"pt-cv-title\"><a href=\"https:\/\/trailrunningmallorca.es\/index.php\/2024\/10\/09\/font-na-penyal\/\" class=\"_self\" target=\"_self\" >Puig de sa Font, Na Penyal<\/a><\/h4><div class=\"pt-cv-content\">Una preciosa ruta por el levante de Mallorca muy divertida, en la que veremos muchos elementos etnogr\u00e1ficos y en donde coronaremos dos cimas modestas pero con unas vistas increibles, el Puig de sa Font y el Puig de na Penyal. Itinerario (Son Servera, Sant Lloren\u00e7) Son Servera Esgl\u00e9sia Nova Cam\u00ed ...<br \/><div class=\"pt-cv-rmwrap\"><a href=\"https:\/\/trailrunningmallorca.es\/index.php\/2024\/10\/09\/font-na-penyal\/\" class=\"_self pt-cv-readmore btn btn-success\" target=\"_self\">Leer M\u00e1s<\/a><\/div><\/div><\/div><\/div><\/div><\/div><\/div>\t\t\t<style type=\"text\/css\" id=\"pt-cv-inline-style-923cbf5fil\">\n#pt-cv-view-c8b373552q .pt-cv-thumb-wrapper:not(.miniwrap) { width: 450px; }#pt-cv-view-c8b373552q .pt-cv-thumbnail:not(.pt-cv-thumbnailsm) { height: 250px; }#pt-cv-view-c8b373552q > .pt-cv-page {grid-template-columns: repeat(1, 1fr);grid-gap: 15px;}\n@media all and (max-width: 1024px) { \n#pt-cv-view-c8b373552q > .pt-cv-page {grid-template-columns: repeat(1, 1fr);}\n} \n@media all and (max-width: 767px) { \n#pt-cv-view-c8b373552q > .pt-cv-page {grid-template-columns: repeat(1, 1fr);}\n} <\/style>\r\n\t\t\t\t\t\t<style type=\"text\/css\" id=\"pt-cv-inline-style-9e46f23ajq\">#pt-cv-view-c8b373552q .pt-cv-content-item { padding-top: 0px !important; padding-right: 0px !important; padding-bottom: 0px !important; padding-left: 0px !important; }\n#pt-cv-view-c8b373552q  .pt-cv-content-item   { background-color: #ffffff !important; border-width: 1px 1px 1px 1px !important; border-style: none !important; border-radius: 0px 0px 0px 0px !important; }\n#pt-cv-view-c8b373552q .pt-cv-taxoterm * { font-family: 'Open Sans', Arial, serif !important; font-size: 11px !important; line-height: 1.3 !important; color: #000000 !important; background-color: #efefef !important; margin: 2px 5px 0px 0px !important; padding: 5px 5px 5px 5px !important; }\n#pt-cv-view-c8b373552q .pt-cv-title a, #pt-cv-view-c8b373552q  .panel-title { font-family: 'Open Sans', Arial, serif !important; font-size: 18px !important; line-height: 1.3 !important; color: #dd3333 !important; font-weight: 600 !important; padding: 3px 3px 3px 3px !important; display: block !important; }\n#pt-cv-view-c8b373552q  .pt-cv-title a:hover, #pt-cv-view-c8b373552q  .panel-title:hover   { font-family: 'Open Sans', Arial, serif !important; font-size: 18px !important; line-height: 1.3 !important; color: #3724e5 !important; }\n#pt-cv-view-c8b373552q .pt-cv-content , #pt-cv-view-c8b373552q  .pt-cv-content *:not(.pt-cv-readmore):not(style):not(script) { font-family: 'Open Sans', Arial, serif !important; font-size: 13px !important; color: #000000 !important; text-transform: capitalize !important; line-height: 2 !important; padding: 5px 5px 5px 5px !important; }\n#pt-cv-view-c8b373552q .pt-cv-readmore  { color: #ffffff !important; background-color: #00aeef !important; }\n#pt-cv-view-c8b373552q .pt-cv-readmore:hover  { color: #ffffff !important; background-color: #00aeef !important; }\n#pt-cv-view-c8b373552q  + .pt-cv-pagination-wrapper .pt-cv-more , #pt-cv-view-c8b373552q  + .pt-cv-pagination-wrapper .pagination .active a, .pt-cv-pagination[data-sid='c8b373552q'] .active a { color: #ffffff !important; background-color: #00aeef !important; }\n#pt-cv-view-c8b373552q { text-align: justify; }<\/style>\r\n\t\t\t<link href='\/\/fonts.googleapis.com\/css?family=Open+Sans' rel='stylesheet' type='text\/css'>\n\n\n<p><\/p>\n","protected":false},"excerpt":{"rendered":"<table class=\"rw-rating-table rw-ltr rw-left rw-no-labels\"><tr><td><nobr>&nbsp;<\/nobr><\/td><td><div class=\"rw-left\"><div class=\"rw-ui-container rw-class-blog-post rw-urid-207770\"><\/div><\/div><\/td><\/tr><\/table><p>&nbsp; Itinerario (Son Servera, Sant Lloren\u00e7) Son Servera, Esgl\u00e9sia Nova L a ruta se inicia en el centro de Son Servera, antes de iniciar la subida el Puig de sa Font, visitamos una iglesia muy singular en el pueblo y&hellip; <\/p>\n","protected":false},"author":1,"featured_media":0,"parent":0,"menu_order":0,"comment_status":"closed","ping_status":"closed","template":"","meta":{"ngg_post_thumbnail":0,"footnotes":""},"class_list":["post-20776","page","type-page","status-publish","hentry"],"_links":{"self":[{"href":"https:\/\/trailrunningmallorca.es\/index.php\/wp-json\/wp\/v2\/pages\/20776","targetHints":{"allow":["GET"]}}],"collection":[{"href":"https:\/\/trailrunningmallorca.es\/index.php\/wp-json\/wp\/v2\/pages"}],"about":[{"href":"https:\/\/trailrunningmallorca.es\/index.php\/wp-json\/wp\/v2\/types\/page"}],"author":[{"embeddable":true,"href":"https:\/\/trailrunningmallorca.es\/index.php\/wp-json\/wp\/v2\/users\/1"}],"replies":[{"embeddable":true,"href":"https:\/\/trailrunningmallorca.es\/index.php\/wp-json\/wp\/v2\/comments?post=20776"}],"version-history":[{"count":0,"href":"https:\/\/trailrunningmallorca.es\/index.php\/wp-json\/wp\/v2\/pages\/20776\/revisions"}],"wp:attachment":[{"href":"https:\/\/trailrunningmallorca.es\/index.php\/wp-json\/wp\/v2\/media?parent=20776"}],"curies":[{"name":"wp","href":"https:\/\/api.w.org\/{rel}","templated":true}]}}