{"id":20252,"date":"2024-09-14T17:32:42","date_gmt":"2024-09-14T15:32:42","guid":{"rendered":"https:\/\/trailrunningmallorca.es\/?page_id=20252"},"modified":"2024-09-14T17:32:44","modified_gmt":"2024-09-14T15:32:44","slug":"rutas-ses-salines","status":"publish","type":"page","link":"https:\/\/trailrunningmallorca.es\/index.php\/rutas-ses-salines\/","title":{"rendered":"Rutas Ses Salines"},"content":{"rendered":"<div class=\"pt-cv-wrapper\"><div class=\"pt-cv-view pt-cv-blockgrid iscvblock iscvhybrid list1 layout3 cveffect-darken pt-cv-pgregular pt-cv-justify\" id=\"pt-cv-view-7737346t0s\"><div data-id=\"pt-cv-page-1\" class=\"pt-cv-page\" data-cvc=\"1\"><div class=\" pt-cv-content-item pt-cv-2-col\"  data-pid=\"18896\"><div class=\"pt-cv-thumb-wrapper pull-left \"><a href=\"https:\/\/trailrunningmallorca.es\/index.php\/2024\/04\/09\/cas-perets\/\" class=\"_self pt-cv-href-thumbnail pt-cv-thumb-left\" target=\"_self\" ><img loading=\"lazy\" decoding=\"async\" width=\"2000\" height=\"1126\" src=\"https:\/\/trailrunningmallorca.es\/wp-content\/uploads\/2024\/04\/nggallery_import\/20240305_111044.jpg\" class=\"pt-cv-thumbnail img-none pull-left\" alt=\"Es Llombards, Camp des Pou, Cas Perets, Els Antigors\" \/><\/a><\/div>\n<div class=\"pt-cv-remain-wrapper\"><div class=\"pt-cv-colwrap\"><div class=\"pt-cv-taxoterm above_title\"><a href='https:\/\/trailrunningmallorca.es\/index.php\/category\/clasificacion-rutas\/rutas-por-distancia\/entre-20-km-y-25-km\/' title='Entre 20 km y 25 km' class='pt-cv-tax-entre-20-km-y-25-km'>Entre 20 km y 25 km<\/a><a href='https:\/\/trailrunningmallorca.es\/index.php\/category\/clasificacion-rutas\/rutas-por-dificultad\/facil\/' title='F\u00e1cil' class='pt-cv-tax-facil'>F\u00e1cil<\/a><a href='https:\/\/trailrunningmallorca.es\/index.php\/category\/rutas-comarcas\/migjorn\/' title='Migjorn' class='pt-cv-tax-migjorn'>Migjorn<\/a><a href='https:\/\/trailrunningmallorca.es\/index.php\/category\/rutas-comarcas\/migjorn\/ses-salines\/' title='Ses Salines' class='pt-cv-tax-ses-salines'>Ses Salines<\/a><\/div><h4 class=\"pt-cv-title\"><a href=\"https:\/\/trailrunningmallorca.es\/index.php\/2024\/04\/09\/cas-perets\/\" class=\"_self\" target=\"_self\" >Es Llombards, Camp des Pou, Cas Perets, Els Antigors<\/a><\/h4><div class=\"pt-cv-content\">Magn\u00edfica vuelta invernal por la comarca del Migjorn de Mallorca entre Ses Salines y Santany\u00ed. La primera parte transcurre en su gran parte por caminos asfaltados, nos dirigimos hacia Es Llombards, pasando por la magn\u00edfica posesi\u00f3n de Es Rafal Gen\u00e0s. Corremos un tramo dentro de Santany\u00ed por el Camp den ...<br \/><div class=\"pt-cv-rmwrap\"><a href=\"https:\/\/trailrunningmallorca.es\/index.php\/2024\/04\/09\/cas-perets\/\" class=\"_self pt-cv-readmore btn btn-success\" target=\"_self\">Leer M\u00e1s<\/a><\/div><\/div><\/div><\/div><\/div><\/div><\/div><\/div>\t\t\t<style type=\"text\/css\" id=\"pt-cv-inline-style-679bc08wgo\">\n#pt-cv-view-7737346t0s .pt-cv-thumb-wrapper:not(.miniwrap) { width: 500px; }#pt-cv-view-7737346t0s .pt-cv-thumbnail:not(.pt-cv-thumbnailsm) { height: 350px; }#pt-cv-view-7737346t0s > .pt-cv-page {grid-template-columns: repeat(1, 1fr);grid-gap: 15px;}\n@media all and (max-width: 1024px) { \n#pt-cv-view-7737346t0s > .pt-cv-page {grid-template-columns: repeat(1, 1fr);}\n} \n@media all and (max-width: 767px) { \n#pt-cv-view-7737346t0s > .pt-cv-page {grid-template-columns: repeat(1, 1fr);}\n} <\/style>\r\n\t\t\t\t\t\t<style type=\"text\/css\" id=\"pt-cv-inline-style-354b2e9ojf\">#pt-cv-view-7737346t0s .pt-cv-remain-wrapper { padding-top: 0px !important; padding-right: 0px !important; padding-bottom: 0px !important; padding-left: 0px !important; }\n#pt-cv-view-7737346t0s  .pt-cv-remain-wrapper   { background-color: #ffffff !important; border-width: 1px 1px 1px 1px !important; border-style: solid !important; border-color: #000000 !important; border-radius: 0px 0px 0px 0px !important; }\n#pt-cv-view-7737346t0s .pt-cv-taxoterm * { font-family: 'Open Sans', Arial, serif !important; font-size: 11px !important; line-height: 1.3 !important; color: #ffffff !important; background-color: #f9b339 !important; margin: 15px 0px 0px 15px !important; padding: 5px 5px 5px 5px !important; }\n#pt-cv-view-7737346t0s .pt-cv-title a, #pt-cv-view-7737346t0s  .panel-title { font-family: 'Open Sans', Arial, serif !important; font-size: 18px !important; line-height: 1.3 !important; color: #e86535 !important; font-weight: 600 !important; margin: 0px 0px 0px 5px !important; padding: 10px 10px 0px 10px !important; display: block !important; }\n#pt-cv-view-7737346t0s  .pt-cv-title a:hover, #pt-cv-view-7737346t0s  .panel-title:hover   { font-family: 'Open Sans', Arial, serif !important; font-size: 18px !important; line-height: 1.3 !important; color: #3724e5 !important; }\n#pt-cv-view-7737346t0s .pt-cv-content , #pt-cv-view-7737346t0s  .pt-cv-content *:not(.pt-cv-readmore):not(style):not(script) { font-family: 'Open Sans', Arial, serif !important; font-size: 13px !important; color: #000000 !important; text-transform: capitalize !important; line-height: 2 !important; margin: 0px 0px 0px 0px !important; padding: 10px 15px 10px 15px !important; }\n#pt-cv-view-7737346t0s .pt-cv-readmore  { color: #ffffff !important; background-color: #00aeef !important; }\n#pt-cv-view-7737346t0s .pt-cv-readmore:hover  { color: #ffffff !important; background-color: #00aeef !important; }\n#pt-cv-view-7737346t0s  + .pt-cv-pagination-wrapper .pt-cv-more , #pt-cv-view-7737346t0s  + .pt-cv-pagination-wrapper .pagination .active a, .pt-cv-pagination[data-sid='7737346t0s'] .active a { color: #ffffff !important; background-color: #00aeef !important; }\n#pt-cv-view-7737346t0s { text-align: justify; }<\/style>\r\n\t\t\t<link href='\/\/fonts.googleapis.com\/css?family=Open+Sans' rel='stylesheet' type='text\/css'>\n","protected":false},"excerpt":{"rendered":"<table class=\"rw-rating-table rw-ltr rw-left rw-no-labels\"><tr><td><nobr>&nbsp;<\/nobr><\/td><td><div class=\"rw-left\"><div class=\"rw-ui-container rw-class-blog-post rw-urid-202530\"><\/div><\/div><\/td><\/tr><\/table><p>&nbsp; Itinerario Ses Salines, Cam\u00ed de Ca&#8217;s Perets L a ruta arranca en la plaza Mayor de Ses Salines, en d\u00f3nde podremos ver el Ayuntamiento y un poco m\u00e1s adelante la iglesia parroquial de Sant Bartomeu, el edificio m\u00e1s emblem\u00e1tico&hellip; <\/p>\n","protected":false},"author":1,"featured_media":0,"parent":0,"menu_order":0,"comment_status":"closed","ping_status":"closed","template":"","meta":{"ngg_post_thumbnail":0,"footnotes":""},"class_list":["post-20252","page","type-page","status-publish","hentry"],"_links":{"self":[{"href":"https:\/\/trailrunningmallorca.es\/index.php\/wp-json\/wp\/v2\/pages\/20252","targetHints":{"allow":["GET"]}}],"collection":[{"href":"https:\/\/trailrunningmallorca.es\/index.php\/wp-json\/wp\/v2\/pages"}],"about":[{"href":"https:\/\/trailrunningmallorca.es\/index.php\/wp-json\/wp\/v2\/types\/page"}],"author":[{"embeddable":true,"href":"https:\/\/trailrunningmallorca.es\/index.php\/wp-json\/wp\/v2\/users\/1"}],"replies":[{"embeddable":true,"href":"https:\/\/trailrunningmallorca.es\/index.php\/wp-json\/wp\/v2\/comments?post=20252"}],"version-history":[{"count":0,"href":"https:\/\/trailrunningmallorca.es\/index.php\/wp-json\/wp\/v2\/pages\/20252\/revisions"}],"wp:attachment":[{"href":"https:\/\/trailrunningmallorca.es\/index.php\/wp-json\/wp\/v2\/media?parent=20252"}],"curies":[{"name":"wp","href":"https:\/\/api.w.org\/{rel}","templated":true}]}}