{"id":1976,"date":"2016-04-30T16:58:28","date_gmt":"2016-04-30T14:58:28","guid":{"rendered":"http:\/\/trailrunningmallorca.es\/?page_id=1976"},"modified":"2017-04-07T16:43:46","modified_gmt":"2017-04-07T14:43:46","slug":"indice-rutas-trekking-avanzado","status":"publish","type":"page","link":"https:\/\/trailrunningmallorca.es\/index.php\/indice-rutas-trekking-avanzado\/","title":{"rendered":"\u00cdndice Rutas Trekking Avanzado"},"content":{"rendered":"<p class=\"p1\"><div class=\"responsive-tabs\">\n<h2 class=\"tabtitle\">Tramuntana Sur<\/h2>\n<div class=\"tabcontent\">\n\n<h5 class=\"p1\">Andratx &#8211; Calvi\u00e0<\/h5>\n<div class=\"su-divider su-divider-style-default\" style=\"margin:5px 0;border-width:1px;border-color:#aacdb1\"><\/div>\n<div class=\"pt-cv-wrapper\">Error: puede que no exista la vista de <strong>5fa69f6azf<\/strong><\/div>\n<h5>Esporles<\/h5>\n<div class=\"su-divider su-divider-style-default\" style=\"margin:5px 0;border-width:1px;border-color:#aacdb1\"><\/div>\n<div class=\"pt-cv-wrapper\">Error: puede que no exista la vista de <strong>e890df139e<\/strong><\/div>\n<h5>Puigpunyent<\/h5>\n<div class=\"su-divider su-divider-style-default\" style=\"margin:5px 0;border-width:1px;border-color:#aacdb1\"><\/div>\n<div class=\"pt-cv-wrapper\">Error: puede que no exista la vista de <strong>322f91co6p<\/strong><\/div>\n<p class=\"p1\">\n<\/div><h2 class=\"tabtitle\">Tramuntana Central<\/h2>\n<div class=\"tabcontent\">\n\n<h5 class=\"p1\">Alar\u00f3<\/h5>\n<div class=\"su-divider su-divider-style-default\" style=\"margin:5px 0;border-width:1px;border-color:#aacdb1\"><\/div>\n<p class=\"p1\"><div class=\"pt-cv-wrapper\">Error: puede que no exista la vista de <strong>08b1a179lu<\/strong><\/div>\n<h5 class=\"p1\">Bunyola<\/h5>\n<div class=\"su-divider su-divider-style-default\" style=\"margin:5px 0;border-width:1px;border-color:#aacdb1\"><\/div>\n<p class=\"p1\"><div class=\"pt-cv-wrapper\">Error: puede que no exista la vista de <strong>c107406dh6<\/strong><\/div>\n<h5 class=\"p1\">Dei\u00e0<\/h5>\n<div class=\"su-divider su-divider-style-default\" style=\"margin:5px 0;border-width:1px;border-color:#aacdb1\"><\/div>\n<p class=\"p1\"><div class=\"pt-cv-wrapper\">Error: puede que no exista la vista de <strong>a2106d7w1h<\/strong><\/div>\n<h5 class=\"p1\">S\u00f3ller<\/h5>\n<div class=\"su-divider su-divider-style-default\" style=\"margin:5px 0;border-width:1px;border-color:#aacdb1\"><\/div>\n<p class=\"p1\"><div class=\"pt-cv-wrapper\">Error: puede que no exista la vista de <strong>4582baaun0<\/strong><\/div>\n<h5 class=\"p1\">Valldemossa<\/h5>\n<div class=\"su-divider su-divider-style-default\" style=\"margin:5px 0;border-width:1px;border-color:#aacdb1\"><\/div>\n<p class=\"p1\"><div class=\"pt-cv-wrapper\">Error: puede que no exista la vista de <strong>4082c38ftv<\/strong><\/div>\n<p class=\"p1\">\n<\/div><h2 class=\"tabtitle\">Tramuntana Norte<\/h2>\n<div class=\"tabcontent\">\n\n<h5 class=\"p1\">Escorca<\/h5>\n<div class=\"su-divider su-divider-style-default\" style=\"margin:5px 0;border-width:1px;border-color:#aacdb1\"><\/div>\n<p class=\"p1\"><div class=\"pt-cv-wrapper\">Error: puede que no exista la vista de <strong>a4515c3j6l<\/strong><\/div>\n<h5 class=\"p1\">Pollen\u00e7a<\/h5>\n<div class=\"su-divider su-divider-style-default\" style=\"margin:5px 0;border-width:1px;border-color:#aacdb1\"><\/div>\n<p class=\"p1\"><div class=\"pt-cv-wrapper\">Error: puede que no exista la vista de <strong>ccea404n07<\/strong><\/div>\n<h5 class=\"p1\">Selva-Caimari<\/h5>\n<div class=\"su-divider su-divider-style-default\" style=\"margin:5px 0;border-width:1px;border-color:#aacdb1\"><\/div>\n<p class=\"p1\"><div class=\"pt-cv-wrapper\">Error: puede que no exista la vista de <strong>296a340r5m<\/strong><\/div>\n<p class=\"p1\">\n<\/div><h2 class=\"tabtitle\">Caps del Nord<\/h2>\n<div class=\"tabcontent\">\n\n<h5 class=\"p1\">Caps del Nord<\/h5>\n<div class=\"su-divider su-divider-style-default\" style=\"margin:5px 0;border-width:1px;border-color:#aacdb1\"><\/div>\n<p class=\"p1\"><div class=\"pt-cv-wrapper\">Error: puede que no exista la vista de <strong>7a13db9pu3<\/strong><\/div>\n<p class=\"p1\"><\/div><\/div>\n","protected":false},"excerpt":{"rendered":"<p>Andratx &#8211; Calvi\u00e0 Esporles Puigpunyent Alar\u00f3 Bunyola Dei\u00e0 S\u00f3ller Valldemossa Escorca Pollen\u00e7a Selva-Caimari Caps del Nord<\/p>\n","protected":false},"author":1,"featured_media":0,"parent":0,"menu_order":0,"comment_status":"closed","ping_status":"closed","template":"","meta":{"ngg_post_thumbnail":0,"footnotes":""},"class_list":["post-1976","page","type-page","status-publish","hentry"],"_links":{"self":[{"href":"https:\/\/trailrunningmallorca.es\/index.php\/wp-json\/wp\/v2\/pages\/1976","targetHints":{"allow":["GET"]}}],"collection":[{"href":"https:\/\/trailrunningmallorca.es\/index.php\/wp-json\/wp\/v2\/pages"}],"about":[{"href":"https:\/\/trailrunningmallorca.es\/index.php\/wp-json\/wp\/v2\/types\/page"}],"author":[{"embeddable":true,"href":"https:\/\/trailrunningmallorca.es\/index.php\/wp-json\/wp\/v2\/users\/1"}],"replies":[{"embeddable":true,"href":"https:\/\/trailrunningmallorca.es\/index.php\/wp-json\/wp\/v2\/comments?post=1976"}],"version-history":[{"count":0,"href":"https:\/\/trailrunningmallorca.es\/index.php\/wp-json\/wp\/v2\/pages\/1976\/revisions"}],"wp:attachment":[{"href":"https:\/\/trailrunningmallorca.es\/index.php\/wp-json\/wp\/v2\/media?parent=1976"}],"curies":[{"name":"wp","href":"https:\/\/api.w.org\/{rel}","templated":true}]}}