{"id":19606,"date":"2024-06-11T19:00:45","date_gmt":"2024-06-11T17:00:45","guid":{"rendered":"https:\/\/trailrunningmallorca.es\/?page_id=19606"},"modified":"2024-06-15T11:08:23","modified_gmt":"2024-06-15T09:08:23","slug":"rutas-palma","status":"publish","type":"page","link":"https:\/\/trailrunningmallorca.es\/index.php\/rutas-palma\/","title":{"rendered":"Rutas Municipio Palma"},"content":{"rendered":"<div class=\"pt-cv-wrapper\"><div class=\"pt-cv-view pt-cv-blockgrid iscvblock iscvhybrid list1 layout1 pt-cv-pgregular pt-cv-justify\" id=\"pt-cv-view-87b555cj3p\"><div data-id=\"pt-cv-page-1\" class=\"pt-cv-page\" data-cvc=\"1\"><div class=\" pt-cv-content-item pt-cv-2-col\"  data-pid=\"16307\"><div class=\"pt-cv-thumb-wrapper pull-left \"><a href=\"https:\/\/trailrunningmallorca.es\/index.php\/2023\/08\/27\/barranc-son-gual\/\" class=\"_self pt-cv-href-thumbnail pt-cv-thumb-left\" target=\"_self\" ><img loading=\"lazy\" decoding=\"async\" width=\"924\" height=\"2000\" src=\"https:\/\/trailrunningmallorca.es\/wp-content\/uploads\/2023\/08\/nggallery_import\/20230323_114308.jpg\" class=\"pt-cv-thumbnail img-none pull-left\" alt=\"Barranc de Son Gual (Es Clot Net) y Xorrigo\" \/><\/a><div class=\"pt-cv-taxoterm over_top_left\"><a href='https:\/\/trailrunningmallorca.es\/index.php\/category\/clasificacion-rutas\/rutas-por-dificultad\/facil\/' title='F\u00e1cil' class='pt-cv-tax-facil'>F\u00e1cil<\/a><a href='https:\/\/trailrunningmallorca.es\/index.php\/category\/clasificacion-rutas\/rutas-por-distancia\/menos-de-10-km\/' title='Menos de 10 Km' class='pt-cv-tax-menos-de-10-km'>Menos de 10 Km<\/a><a href='https:\/\/trailrunningmallorca.es\/index.php\/category\/rutas-comarcas\/palma-running\/' title='Palma de Mallorca' class='pt-cv-tax-palma-running'>Palma de Mallorca<\/a><a href='https:\/\/trailrunningmallorca.es\/index.php\/category\/rutas-comarcas\/palma-running\/rutas-municipio-palma\/' title='Rutas municipio Palma' class='pt-cv-tax-rutas-municipio-palma'>Rutas municipio Palma<\/a><\/div><\/div>\n<div class=\"pt-cv-colwrap\"><h4 class=\"pt-cv-title\"><a href=\"https:\/\/trailrunningmallorca.es\/index.php\/2023\/08\/27\/barranc-son-gual\/\" class=\"_self\" target=\"_self\" >Barranc de Son Gual (Es Clot Net) y Xorrigo<\/a><\/h4><div class=\"pt-cv-content\">Aviso importante: Hay que tener en cuenta que transitamos por territorio de cazadores, y fincas privadas. De momento se puede pasar, hay algunas barreras pero se pueden franquear Una vuelta que me sorprendi\u00f3 y mucho, parece mentira que tan cerca de la carretera de Manacor exista un accidente geogr\u00e1fico como ...<br \/><div class=\"pt-cv-rmwrap\"><a href=\"https:\/\/trailrunningmallorca.es\/index.php\/2023\/08\/27\/barranc-son-gual\/\" class=\"_self pt-cv-readmore btn btn-success\" target=\"_self\">Leer M\u00e1s<\/a><\/div><\/div><\/div><\/div>\n<div class=\" pt-cv-content-item pt-cv-2-col\"  data-pid=\"22019\"><div class=\"pt-cv-thumb-wrapper pull-left \"><a href=\"https:\/\/trailrunningmallorca.es\/index.php\/2025\/12\/02\/cami-vell-palma-puigpunyent\/\" class=\"_self pt-cv-href-thumbnail pt-cv-thumb-left\" target=\"_self\" ><img loading=\"lazy\" decoding=\"async\" width=\"2000\" height=\"1126\" src=\"https:\/\/trailrunningmallorca.es\/wp-content\/uploads\/2025\/11\/nggallery_import\/20250831_190133.jpeg\" class=\"pt-cv-thumbnail img-none pull-left\" alt=\"Cam\u00ed Vell de Palma a Puigpunyent\" \/><\/a><div class=\"pt-cv-taxoterm over_top_left\"><a href='https:\/\/trailrunningmallorca.es\/index.php\/category\/clasificacion-rutas\/rutas-por-distancia\/entre-15-km-y-20-km\/' title='Entre 15 km y 20 km' class='pt-cv-tax-entre-15-km-y-20-km'>Entre 15 km y 20 km<\/a><a href='https:\/\/trailrunningmallorca.es\/index.php\/category\/clasificacion-rutas\/rutas-por-dificultad\/moderado\/' title='Moderado' class='pt-cv-tax-moderado'>Moderado<\/a><a href='https:\/\/trailrunningmallorca.es\/index.php\/category\/rutas-comarcas\/palma-running\/' title='Palma de Mallorca' class='pt-cv-tax-palma-running'>Palma de Mallorca<\/a><a href='https:\/\/trailrunningmallorca.es\/index.php\/category\/rutas-comarcas\/palma-running\/rutas-municipio-palma\/' title='Rutas municipio Palma' class='pt-cv-tax-rutas-municipio-palma'>Rutas municipio Palma<\/a><\/div><\/div>\n<div class=\"pt-cv-colwrap\"><h4 class=\"pt-cv-title\"><a href=\"https:\/\/trailrunningmallorca.es\/index.php\/2025\/12\/02\/cami-vell-palma-puigpunyent\/\" class=\"_self\" target=\"_self\" >Cam\u00ed Vell de Palma a Puigpunyent<\/a><\/h4><div class=\"pt-cv-content\">Recorremos el antiguo camino real que data del siglo XIII recientemente restaurado e incorporado por el Consell de Mallorca a la ruta de pedre en sec y que es la entrada a la Serra de Tramuntana desde Palma. Salimos de Pinar Parque y llegamos a Puigpunyent pasando por el Coll ...<br \/><div class=\"pt-cv-rmwrap\"><a href=\"https:\/\/trailrunningmallorca.es\/index.php\/2025\/12\/02\/cami-vell-palma-puigpunyent\/\" class=\"_self pt-cv-readmore btn btn-success\" target=\"_self\">Leer M\u00e1s<\/a><\/div><\/div><\/div><\/div>\n<div class=\" pt-cv-content-item pt-cv-2-col\"  data-pid=\"10580\"><div class=\"pt-cv-thumb-wrapper pull-left \"><a href=\"https:\/\/trailrunningmallorca.es\/index.php\/2022\/03\/04\/camins-sant-jordi\/\" class=\"_self pt-cv-href-thumbnail pt-cv-thumb-left\" target=\"_self\" ><img loading=\"lazy\" decoding=\"async\" width=\"1800\" height=\"1012\" src=\"https:\/\/trailrunningmallorca.es\/wp-content\/uploads\/2022\/03\/nggallery_import\/IMG_3319.jpeg\" class=\"pt-cv-thumbnail img-none pull-left\" alt=\"Camins de Sant Jordi\" \/><\/a><div class=\"pt-cv-taxoterm over_top_left\"><a href='https:\/\/trailrunningmallorca.es\/index.php\/category\/clasificacion-rutas\/rutas-por-distancia\/entre-10-km-y-15-km\/' title='Entre 10 km y 15 km' class='pt-cv-tax-entre-10-km-y-15-km'>Entre 10 km y 15 km<\/a><a href='https:\/\/trailrunningmallorca.es\/index.php\/category\/clasificacion-rutas\/rutas-por-dificultad\/facil\/' title='F\u00e1cil' class='pt-cv-tax-facil'>F\u00e1cil<\/a><a href='https:\/\/trailrunningmallorca.es\/index.php\/category\/rutas-comarcas\/palma-running\/' title='Palma de Mallorca' class='pt-cv-tax-palma-running'>Palma de Mallorca<\/a><a href='https:\/\/trailrunningmallorca.es\/index.php\/category\/rutas-comarcas\/palma-running\/rutas-municipio-palma\/' title='Rutas municipio Palma' class='pt-cv-tax-rutas-municipio-palma'>Rutas municipio Palma<\/a><\/div><\/div>\n<div class=\"pt-cv-colwrap\"><h4 class=\"pt-cv-title\"><a href=\"https:\/\/trailrunningmallorca.es\/index.php\/2022\/03\/04\/camins-sant-jordi\/\" class=\"_self\" target=\"_self\" >Camins de Sant Jordi<\/a><\/h4><div class=\"pt-cv-content\">Aviso importante: Hay problemas de paso por el cam\u00ed de ses Covetes, ha salido en prensa que un propietario agrede y amenaza a los senderistas que pasan por este camino. De momento est\u00e1 en manos del SEPRONA para determinar si hay derecho de paso o no. Mientras no aconsejo pasar ...<br \/><div class=\"pt-cv-rmwrap\"><a href=\"https:\/\/trailrunningmallorca.es\/index.php\/2022\/03\/04\/camins-sant-jordi\/\" class=\"_self pt-cv-readmore btn btn-success\" target=\"_self\">Leer M\u00e1s<\/a><\/div><\/div><\/div><\/div>\n<div class=\" pt-cv-content-item pt-cv-2-col\"  data-pid=\"4263\"><div class=\"pt-cv-thumb-wrapper pull-left \"><a href=\"https:\/\/trailrunningmallorca.es\/index.php\/2017\/05\/28\/cross-parc-bit-uib\/\" class=\"_self pt-cv-href-thumbnail pt-cv-thumb-left\" target=\"_self\" ><img loading=\"lazy\" decoding=\"async\" width=\"2000\" height=\"1500\" src=\"https:\/\/trailrunningmallorca.es\/wp-content\/uploads\/ngg_featured\/03.jpeg\" class=\"pt-cv-thumbnail img-none pull-left\" alt=\"Cross Parc Bit - UIB\" \/><\/a><div class=\"pt-cv-taxoterm over_top_left\"><a href='https:\/\/trailrunningmallorca.es\/index.php\/category\/clasificacion-rutas\/rutas-por-dificultad\/facil\/' title='F\u00e1cil' class='pt-cv-tax-facil'>F\u00e1cil<\/a><a href='https:\/\/trailrunningmallorca.es\/index.php\/category\/clasificacion-rutas\/rutas-por-distancia\/menos-de-10-km\/' title='Menos de 10 Km' class='pt-cv-tax-menos-de-10-km'>Menos de 10 Km<\/a><a href='https:\/\/trailrunningmallorca.es\/index.php\/category\/rutas-comarcas\/palma-running\/' title='Palma de Mallorca' class='pt-cv-tax-palma-running'>Palma de Mallorca<\/a><a href='https:\/\/trailrunningmallorca.es\/index.php\/category\/rutas-comarcas\/palma-running\/rutas-municipio-palma\/' title='Rutas municipio Palma' class='pt-cv-tax-rutas-municipio-palma'>Rutas municipio Palma<\/a><\/div><\/div>\n<div class=\"pt-cv-colwrap\"><h4 class=\"pt-cv-title\"><a href=\"https:\/\/trailrunningmallorca.es\/index.php\/2017\/05\/28\/cross-parc-bit-uib\/\" class=\"_self\" target=\"_self\" >Cross Parc Bit &#8211; UIB<\/a><\/h4><div class=\"pt-cv-content\">Aviso importante : Debido a la construcci\u00f3n del tramo del metro UIB-Parc Bit, el camino del cross que pasaba por los terrenos de la UIB est\u00e1 intransitable. Una de las pocas alternativas que tenemos en Palma para correr por tierra en terreno plano. Bonita ruta que rodea el Parc Bit ...<br \/><div class=\"pt-cv-rmwrap\"><a href=\"https:\/\/trailrunningmallorca.es\/index.php\/2017\/05\/28\/cross-parc-bit-uib\/\" class=\"_self pt-cv-readmore btn btn-success\" target=\"_self\">Leer M\u00e1s<\/a><\/div><\/div><\/div><\/div>\n<div class=\" pt-cv-content-item pt-cv-2-col\"  data-pid=\"15325\"><div class=\"pt-cv-thumb-wrapper pull-left \"><a href=\"https:\/\/trailrunningmallorca.es\/index.php\/2023\/05\/29\/uib-esporles\/\" class=\"_self pt-cv-href-thumbnail pt-cv-thumb-left\" target=\"_self\" ><img loading=\"lazy\" decoding=\"async\" width=\"720\" height=\"960\" src=\"https:\/\/trailrunningmallorca.es\/wp-content\/uploads\/2023\/05\/nggallery_import\/20230325_112943.jpeg\" class=\"pt-cv-thumbnail img-none pull-left\" alt=\"UIB a Esporles (GR221)\" \/><\/a><div class=\"pt-cv-taxoterm over_top_left\"><a href='https:\/\/trailrunningmallorca.es\/index.php\/category\/clasificacion-rutas\/rutas-por-distancia\/entre-10-km-y-15-km\/' title='Entre 10 km y 15 km' class='pt-cv-tax-entre-10-km-y-15-km'>Entre 10 km y 15 km<\/a><a href='https:\/\/trailrunningmallorca.es\/index.php\/category\/clasificacion-rutas\/rutas-por-dificultad\/facil\/' title='F\u00e1cil' class='pt-cv-tax-facil'>F\u00e1cil<\/a><a href='https:\/\/trailrunningmallorca.es\/index.php\/category\/rutas-comarcas\/palma-running\/' title='Palma de Mallorca' class='pt-cv-tax-palma-running'>Palma de Mallorca<\/a><a href='https:\/\/trailrunningmallorca.es\/index.php\/category\/rutas-comarcas\/palma-running\/rutas-municipio-palma\/' title='Rutas municipio Palma' class='pt-cv-tax-rutas-municipio-palma'>Rutas municipio Palma<\/a><\/div><\/div>\n<div class=\"pt-cv-colwrap\"><h4 class=\"pt-cv-title\"><a href=\"https:\/\/trailrunningmallorca.es\/index.php\/2023\/05\/29\/uib-esporles\/\" class=\"_self\" target=\"_self\" >UIB a Esporles (GR221)<\/a><\/h4><div class=\"pt-cv-content\">Este camino, que hace poco forma parte del GR221 y que conecta Palma con la Serra de Tramuntana, se inicia en el campus de la UIB, pasa por el Parc Bit, llega a la urbanizaci\u00f3n de Establiments Nou y discurre posteriormente junto a las possessions de Es Rafalet, Son Malferit ...<br \/><div class=\"pt-cv-rmwrap\"><a href=\"https:\/\/trailrunningmallorca.es\/index.php\/2023\/05\/29\/uib-esporles\/\" class=\"_self pt-cv-readmore btn btn-success\" target=\"_self\">Leer M\u00e1s<\/a><\/div><\/div><\/div><\/div>\n<div class=\" pt-cv-content-item pt-cv-2-col\"  data-pid=\"11708\"><div class=\"pt-cv-thumb-wrapper pull-left \"><a href=\"https:\/\/trailrunningmallorca.es\/index.php\/2022\/06\/07\/son-muntaner-suredeta\/\" class=\"_self pt-cv-href-thumbnail pt-cv-thumb-left\" target=\"_self\" ><img loading=\"lazy\" decoding=\"async\" width=\"2000\" height=\"1500\" src=\"https:\/\/trailrunningmallorca.es\/wp-content\/uploads\/2022\/06\/nggallery_import\/IMG_2100.jpeg\" class=\"pt-cv-thumbnail img-none pull-left\" alt=\"Volta Son Muntaner y Son Suredeta\" \/><\/a><div class=\"pt-cv-taxoterm over_top_left\"><a href='https:\/\/trailrunningmallorca.es\/index.php\/category\/clasificacion-rutas\/rutas-por-dificultad\/facil\/' title='F\u00e1cil' class='pt-cv-tax-facil'>F\u00e1cil<\/a><a href='https:\/\/trailrunningmallorca.es\/index.php\/category\/clasificacion-rutas\/rutas-por-distancia\/menos-de-10-km\/' title='Menos de 10 Km' class='pt-cv-tax-menos-de-10-km'>Menos de 10 Km<\/a><a href='https:\/\/trailrunningmallorca.es\/index.php\/category\/rutas-comarcas\/palma-running\/' title='Palma de Mallorca' class='pt-cv-tax-palma-running'>Palma de Mallorca<\/a><a href='https:\/\/trailrunningmallorca.es\/index.php\/category\/rutas-comarcas\/palma-running\/rutas-municipio-palma\/' title='Rutas municipio Palma' class='pt-cv-tax-rutas-municipio-palma'>Rutas municipio Palma<\/a><\/div><\/div>\n<div class=\"pt-cv-colwrap\"><h4 class=\"pt-cv-title\"><a href=\"https:\/\/trailrunningmallorca.es\/index.php\/2022\/06\/07\/son-muntaner-suredeta\/\" class=\"_self\" target=\"_self\" >Volta Son Muntaner y Son Suredeta<\/a><\/h4><div class=\"pt-cv-content\">Una bonita vuelta por la zona de Palma, f\u00e1cil y con lugares muy interesantes. Se trata de dar una vuelta al Puig de Son Muntaner, situado entre Son Rapinya y el cuartel militar de infanter\u00eda Jaime II. Veremos algunas fincas del municipio de Palma como de Son Quint, Son Puigdorfila ...<br \/><div class=\"pt-cv-rmwrap\"><a href=\"https:\/\/trailrunningmallorca.es\/index.php\/2022\/06\/07\/son-muntaner-suredeta\/\" class=\"_self pt-cv-readmore btn btn-success\" target=\"_self\">Leer M\u00e1s<\/a><\/div><\/div><\/div><\/div>\n<div class=\" pt-cv-content-item pt-cv-2-col\"  data-pid=\"16800\"><div class=\"pt-cv-thumb-wrapper pull-left \"><a href=\"https:\/\/trailrunningmallorca.es\/index.php\/2023\/09\/14\/volta-bunyoli\/\" class=\"_self pt-cv-href-thumbnail pt-cv-thumb-left\" target=\"_self\" ><img loading=\"lazy\" decoding=\"async\" width=\"2000\" height=\"1126\" src=\"https:\/\/trailrunningmallorca.es\/wp-content\/uploads\/2023\/09\/nggallery_import\/20230610_111518.jpg\" class=\"pt-cv-thumbnail img-none pull-left\" alt=\"Vuelta Sarri\u00e0, Es Verger, Sobremunt, Bunyol\u00ed\" \/><\/a><div class=\"pt-cv-taxoterm over_top_left\"><a href='https:\/\/trailrunningmallorca.es\/index.php\/category\/clasificacion-rutas\/rutas-por-distancia\/entre-10-km-y-15-km\/' title='Entre 10 km y 15 km' class='pt-cv-tax-entre-10-km-y-15-km'>Entre 10 km y 15 km<\/a><a href='https:\/\/trailrunningmallorca.es\/index.php\/category\/clasificacion-rutas\/rutas-por-dificultad\/moderado\/' title='Moderado' class='pt-cv-tax-moderado'>Moderado<\/a><a href='https:\/\/trailrunningmallorca.es\/index.php\/category\/rutas-comarcas\/palma-running\/' title='Palma de Mallorca' class='pt-cv-tax-palma-running'>Palma de Mallorca<\/a><a href='https:\/\/trailrunningmallorca.es\/index.php\/category\/rutas-comarcas\/palma-running\/rutas-municipio-palma\/' title='Rutas municipio Palma' class='pt-cv-tax-rutas-municipio-palma'>Rutas municipio Palma<\/a><\/div><\/div>\n<div class=\"pt-cv-colwrap\"><h4 class=\"pt-cv-title\"><a href=\"https:\/\/trailrunningmallorca.es\/index.php\/2023\/09\/14\/volta-bunyoli\/\" class=\"_self\" target=\"_self\" >Vuelta Sarri\u00e0, Es Verger, Sobremunt, Bunyol\u00ed<\/a><\/h4><div class=\"pt-cv-content\">Una de las mejores rutas que se pueden hacer dentro del municipio de Palma, una ruta en la que conoceremos dos grandes fincas, de las m\u00e1s importantes del t\u00e9rmino de Palma, Sarri\u00e0 y Bunyoli. Una vuelta exigente que arranca en el cam\u00ed de Sarri\u00e0, nos lleva hacia Esporles, cerca del ...<br \/><div class=\"pt-cv-rmwrap\"><a href=\"https:\/\/trailrunningmallorca.es\/index.php\/2023\/09\/14\/volta-bunyoli\/\" class=\"_self pt-cv-readmore btn btn-success\" target=\"_self\">Leer M\u00e1s<\/a><\/div><\/div><\/div><\/div><\/div><\/div><\/div>\t\t\t<style type=\"text\/css\" id=\"pt-cv-inline-style-64f3e29sxo\">\n#pt-cv-view-87b555cj3p .pt-cv-thumb-wrapper:not(.miniwrap) { width: 450px; }#pt-cv-view-87b555cj3p .pt-cv-thumbnail:not(.pt-cv-thumbnailsm) { height: 250px; }#pt-cv-view-87b555cj3p > .pt-cv-page {grid-template-columns: repeat(1, 1fr);grid-gap: 15px;}\n@media all and (max-width: 1024px) { \n#pt-cv-view-87b555cj3p > .pt-cv-page {grid-template-columns: repeat(1, 1fr);}\n} \n@media all and (max-width: 767px) { \n#pt-cv-view-87b555cj3p > .pt-cv-page {grid-template-columns: repeat(1, 1fr);}\n} <\/style>\r\n\t\t\t\t\t\t<style type=\"text\/css\" id=\"pt-cv-inline-style-fbc65b53rm\">#pt-cv-view-87b555cj3p .pt-cv-content-item { padding-top: 0px !important; padding-right: 0px !important; padding-bottom: 0px !important; padding-left: 0px !important; }\n#pt-cv-view-87b555cj3p  .pt-cv-content-item   { background-color: #ffffff !important; border-width: 1px 1px 1px 1px !important; border-style: none !important; border-radius: 0px 0px 0px 0px !important; }\n#pt-cv-view-87b555cj3p .pt-cv-taxoterm * { font-family: 'Open Sans', Arial, serif !important; font-size: 11px !important; line-height: 1.3 !important; color: #000000 !important; background-color: #efefef !important; margin: 2px 5px 0px 0px !important; padding: 5px 5px 5px 5px !important; }\n#pt-cv-view-87b555cj3p .pt-cv-title a, #pt-cv-view-87b555cj3p  .panel-title { font-family: 'Open Sans', Arial, serif !important; font-size: 18px !important; line-height: 1.3 !important; color: #dd3333 !important; font-weight: 600 !important; padding: 3px 3px 3px 3px !important; display: block !important; }\n#pt-cv-view-87b555cj3p  .pt-cv-title a:hover, #pt-cv-view-87b555cj3p  .panel-title:hover   { font-family: 'Open Sans', Arial, serif !important; font-size: 18px !important; line-height: 1.3 !important; color: #3724e5 !important; }\n#pt-cv-view-87b555cj3p .pt-cv-content , #pt-cv-view-87b555cj3p  .pt-cv-content *:not(.pt-cv-readmore):not(style):not(script) { font-family: 'Open Sans', Arial, serif !important; font-size: 13px !important; color: #000000 !important; text-transform: capitalize !important; line-height: 2 !important; padding: 5px 5px 5px 5px !important; }\n#pt-cv-view-87b555cj3p .pt-cv-readmore  { color: #ffffff !important; background-color: #00aeef !important; }\n#pt-cv-view-87b555cj3p .pt-cv-readmore:hover  { color: #ffffff !important; background-color: #00aeef !important; }\n#pt-cv-view-87b555cj3p  + .pt-cv-pagination-wrapper .pt-cv-more , #pt-cv-view-87b555cj3p  + .pt-cv-pagination-wrapper .pagination .active a, .pt-cv-pagination[data-sid='87b555cj3p'] .active a { color: #ffffff !important; background-color: #00aeef !important; }\n#pt-cv-view-87b555cj3p { text-align: justify; }<\/style>\r\n\t\t\t<link href='\/\/fonts.googleapis.com\/css?family=Open+Sans' rel='stylesheet' type='text\/css'>\n","protected":false},"excerpt":{"rendered":"<table class=\"rw-rating-table rw-ltr rw-left rw-no-labels\"><tr><td><nobr>&nbsp;<\/nobr><\/td><td><div class=\"rw-left\"><div class=\"rw-ui-container rw-class-blog-post rw-urid-196070\"><\/div><\/div><\/td><\/tr><\/table><p>&nbsp; Itinerario Finca de Sarri\u00e0 Aparcamos en el cam\u00ed de Sarri\u00e0, cerca de la finca hom\u00f3nima. Sarri\u00e0 es una possessi\u00f3 y antigua caballer\u00eda de Palma situada en Establiments, barrio en el distrito norte de Palma. Est\u00e1 documentada en 1245, bajo&hellip; <\/p>\n","protected":false},"author":1,"featured_media":0,"parent":0,"menu_order":0,"comment_status":"closed","ping_status":"closed","template":"","meta":{"ngg_post_thumbnail":0,"footnotes":""},"class_list":["post-19606","page","type-page","status-publish","hentry"],"_links":{"self":[{"href":"https:\/\/trailrunningmallorca.es\/index.php\/wp-json\/wp\/v2\/pages\/19606","targetHints":{"allow":["GET"]}}],"collection":[{"href":"https:\/\/trailrunningmallorca.es\/index.php\/wp-json\/wp\/v2\/pages"}],"about":[{"href":"https:\/\/trailrunningmallorca.es\/index.php\/wp-json\/wp\/v2\/types\/page"}],"author":[{"embeddable":true,"href":"https:\/\/trailrunningmallorca.es\/index.php\/wp-json\/wp\/v2\/users\/1"}],"replies":[{"embeddable":true,"href":"https:\/\/trailrunningmallorca.es\/index.php\/wp-json\/wp\/v2\/comments?post=19606"}],"version-history":[{"count":0,"href":"https:\/\/trailrunningmallorca.es\/index.php\/wp-json\/wp\/v2\/pages\/19606\/revisions"}],"wp:attachment":[{"href":"https:\/\/trailrunningmallorca.es\/index.php\/wp-json\/wp\/v2\/media?parent=19606"}],"curies":[{"name":"wp","href":"https:\/\/api.w.org\/{rel}","templated":true}]}}