{"id":19393,"date":"2024-05-28T11:15:58","date_gmt":"2024-05-28T09:15:58","guid":{"rendered":"https:\/\/trailrunningmallorca.es\/?page_id=19393"},"modified":"2024-06-15T11:47:16","modified_gmt":"2024-06-15T09:47:16","slug":"rutas-sencelles","status":"publish","type":"page","link":"https:\/\/trailrunningmallorca.es\/index.php\/rutas-sencelles\/","title":{"rendered":"Rutas Sencelles"},"content":{"rendered":"<div class=\"pt-cv-wrapper\"><div class=\"pt-cv-view pt-cv-blockgrid iscvblock iscvhybrid list1 layout2 pt-cv-pgregular pt-cv-justify pt-cv-alternate-left\" id=\"pt-cv-view-9423927azc\"><div data-id=\"pt-cv-page-1\" class=\"pt-cv-page\" data-cvc=\"1\"><div class=\" pt-cv-content-item pt-cv-2-col\"  data-pid=\"16297\"><div class=\"pt-cv-thumb-wrapper pull-right \"><a href=\"https:\/\/trailrunningmallorca.es\/index.php\/2023\/08\/25\/biniali\/\" class=\"_self pt-cv-href-thumbnail pt-cv-thumb-right\" target=\"_self\" ><img loading=\"lazy\" decoding=\"async\" width=\"2000\" height=\"1500\" src=\"https:\/\/trailrunningmallorca.es\/wp-content\/uploads\/2023\/08\/nggallery_import\/18.jpeg\" class=\"pt-cv-thumbnail img-none pull-right\" alt=\"Camins de Biniali, entre la Garriga d&#039;Amunt y Biniagual\" \/><\/a><\/div>\n<div class=\"pt-cv-remain-wrapper\"><div class=\"pt-cv-colwrap\"><div class=\"pt-cv-taxoterm above_title\"><a href='https:\/\/trailrunningmallorca.es\/index.php\/category\/clasificacion-rutas\/rutas-por-distancia\/entre-15-km-y-20-km\/' title='Entre 15 km y 20 km' class='pt-cv-tax-entre-15-km-y-20-km'>Entre 15 km y 20 km<\/a><a href='https:\/\/trailrunningmallorca.es\/index.php\/category\/clasificacion-rutas\/rutas-por-dificultad\/facil\/' title='F\u00e1cil' class='pt-cv-tax-facil'>F\u00e1cil<\/a><a href='https:\/\/trailrunningmallorca.es\/index.php\/category\/rutas-comarcas\/pla-de-mallorca\/' title='Pla de Mallorca' class='pt-cv-tax-pla-de-mallorca'>Pla de Mallorca<\/a><a href='https:\/\/trailrunningmallorca.es\/index.php\/category\/rutas-comarcas\/pla-de-mallorca\/sencelles\/' title='Sencelles' class='pt-cv-tax-sencelles'>Sencelles<\/a><\/div><h4 class=\"pt-cv-title\"><a href=\"https:\/\/trailrunningmallorca.es\/index.php\/2023\/08\/25\/biniali\/\" class=\"_self\" target=\"_self\" >Camins de Biniali, entre la Garriga d&#8217;Amunt y Biniagual<\/a><\/h4><div class=\"pt-cv-content\">Seguimos descubriendo los pueblos de Mallorca, en esta ruta le toca a Biniali, una pedan\u00eda de Sencelles, declarada Bien de Inter\u00e9s Cultural (BIC). Y no me extra\u00f1a, es un lugar precioso, tranquilo y con mucha historia que vale la pena descubrir. Una vuelta larga, en forma de ocho, de m\u00e1s ...<br \/><div class=\"pt-cv-rmwrap\"><a href=\"https:\/\/trailrunningmallorca.es\/index.php\/2023\/08\/25\/biniali\/\" class=\"_self pt-cv-readmore btn btn-success\" target=\"_self\">Leer M\u00e1s<\/a><\/div><\/div><\/div><\/div><\/div>\n<div class=\" pt-cv-content-item pt-cv-2-col\"  data-pid=\"18531\"><div class=\"pt-cv-thumb-wrapper pull-right \"><a href=\"https:\/\/trailrunningmallorca.es\/index.php\/2024\/02\/12\/ruta-arqueologica-sencelles-costitx\/\" class=\"_self pt-cv-href-thumbnail pt-cv-thumb-right\" target=\"_self\" ><img loading=\"lazy\" decoding=\"async\" width=\"2000\" height=\"1124\" src=\"https:\/\/trailrunningmallorca.es\/wp-content\/uploads\/2024\/02\/nggallery_import\/11.jpeg\" class=\"pt-cv-thumbnail img-none pull-right\" alt=\"Ruta Arqueol\u00f3gica Sencelles \u2013 Costitx\" \/><\/a><\/div>\n<div class=\"pt-cv-remain-wrapper\"><div class=\"pt-cv-colwrap\"><div class=\"pt-cv-taxoterm above_title\"><a href='https:\/\/trailrunningmallorca.es\/index.php\/category\/clasificacion-rutas\/rutas-por-distancia\/entre-15-km-y-20-km\/' title='Entre 15 km y 20 km' class='pt-cv-tax-entre-15-km-y-20-km'>Entre 15 km y 20 km<\/a><a href='https:\/\/trailrunningmallorca.es\/index.php\/category\/clasificacion-rutas\/rutas-por-dificultad\/facil\/' title='F\u00e1cil' class='pt-cv-tax-facil'>F\u00e1cil<\/a><a href='https:\/\/trailrunningmallorca.es\/index.php\/category\/rutas-comarcas\/pla-de-mallorca\/' title='Pla de Mallorca' class='pt-cv-tax-pla-de-mallorca'>Pla de Mallorca<\/a><a href='https:\/\/trailrunningmallorca.es\/index.php\/category\/rutas-comarcas\/pla-de-mallorca\/sencelles\/' title='Sencelles' class='pt-cv-tax-sencelles'>Sencelles<\/a><\/div><h4 class=\"pt-cv-title\"><a href=\"https:\/\/trailrunningmallorca.es\/index.php\/2024\/02\/12\/ruta-arqueologica-sencelles-costitx\/\" class=\"_self\" target=\"_self\" >Ruta Arqueol\u00f3gica Sencelles \u2013 Costitx<\/a><\/h4><div class=\"pt-cv-content\">Una interesante y cultural vuelta por el Pla de Mallorca. Mientras corremos, vamos visitando los yacimientos m\u00e1s emblem\u00e1ticos entre los municipios de Sencelles y Costitx. Adem\u00e1s visitamos el observatorio astron\u00f3mico de Costitx que no forma parte de la ruta pero que es muy recomendable. Itinerario Pla\u00e7a Major de Sencelles Cova ...<br \/><div class=\"pt-cv-rmwrap\"><a href=\"https:\/\/trailrunningmallorca.es\/index.php\/2024\/02\/12\/ruta-arqueologica-sencelles-costitx\/\" class=\"_self pt-cv-readmore btn btn-success\" target=\"_self\">Leer M\u00e1s<\/a><\/div><\/div><\/div><\/div><\/div>\n<div class=\" pt-cv-content-item pt-cv-2-col\"  data-pid=\"14112\"><div class=\"pt-cv-thumb-wrapper pull-right \"><a href=\"https:\/\/trailrunningmallorca.es\/index.php\/2023\/03\/20\/camins-sencelles2\/\" class=\"_self pt-cv-href-thumbnail pt-cv-thumb-right\" target=\"_self\" ><img loading=\"lazy\" decoding=\"async\" width=\"2000\" height=\"1500\" src=\"https:\/\/trailrunningmallorca.es\/wp-content\/uploads\/2023\/03\/IMG_5870.jpeg\" class=\"pt-cv-thumbnail img-none pull-right\" alt=\"Volta per Laiar, Aireflor i Morell\u00f3\" \/><\/a><\/div>\n<div class=\"pt-cv-remain-wrapper\"><div class=\"pt-cv-colwrap\"><div class=\"pt-cv-taxoterm above_title\"><a href='https:\/\/trailrunningmallorca.es\/index.php\/category\/clasificacion-rutas\/rutas-por-distancia\/entre-10-km-y-15-km\/' title='Entre 10 km y 15 km' class='pt-cv-tax-entre-10-km-y-15-km'>Entre 10 km y 15 km<\/a><a href='https:\/\/trailrunningmallorca.es\/index.php\/category\/clasificacion-rutas\/rutas-por-dificultad\/facil\/' title='F\u00e1cil' class='pt-cv-tax-facil'>F\u00e1cil<\/a><a href='https:\/\/trailrunningmallorca.es\/index.php\/category\/rutas-comarcas\/pla-de-mallorca\/' title='Pla de Mallorca' class='pt-cv-tax-pla-de-mallorca'>Pla de Mallorca<\/a><a href='https:\/\/trailrunningmallorca.es\/index.php\/category\/rutas-comarcas\/pla-de-mallorca\/sencelles\/' title='Sencelles' class='pt-cv-tax-sencelles'>Sencelles<\/a><\/div><h4 class=\"pt-cv-title\"><a href=\"https:\/\/trailrunningmallorca.es\/index.php\/2023\/03\/20\/camins-sencelles2\/\" class=\"_self\" target=\"_self\" >Volta per Laiar, Aireflor i Morell\u00f3<\/a><\/h4><div class=\"pt-cv-content\">Seguimos disfrutando del Pla de Mallorca, la verdad que estamos descubriendo lugares y paisajes magn\u00edficos. En esta ocasi\u00f3n damos una vuelta por caminos de Sencelles, que nos ofrece un entorno digno de ver. Itinerario Sencelles Cam\u00ed de Son Boi Cam\u00ed dels Inferns Ctra. de Algaida Ca'n Rai\u00f3 de Laiar Cam\u00ed ...<br \/><div class=\"pt-cv-rmwrap\"><a href=\"https:\/\/trailrunningmallorca.es\/index.php\/2023\/03\/20\/camins-sencelles2\/\" class=\"_self pt-cv-readmore btn btn-success\" target=\"_self\">Leer M\u00e1s<\/a><\/div><\/div><\/div><\/div><\/div><\/div><\/div><\/div>\t\t\t<style type=\"text\/css\" id=\"pt-cv-inline-style-5fbda6236b\">\n#pt-cv-view-9423927azc .pt-cv-thumb-wrapper:not(.miniwrap) { width: 400px; }#pt-cv-view-9423927azc .pt-cv-thumbnail:not(.pt-cv-thumbnailsm) { height: 250px; }#pt-cv-view-9423927azc > .pt-cv-page {grid-template-columns: repeat(1, 1fr);grid-gap: 15px;}\n@media all and (max-width: 1024px) { \n#pt-cv-view-9423927azc > .pt-cv-page {grid-template-columns: repeat(1, 1fr);}\n} \n@media all and (max-width: 767px) { \n#pt-cv-view-9423927azc > .pt-cv-page {grid-template-columns: repeat(1, 1fr);}\n} <\/style>\r\n\t\t\t\t\t\t<style type=\"text\/css\" id=\"pt-cv-inline-style-1d1f3c0ogq\">#pt-cv-view-9423927azc .pt-cv-content-item { padding-top: 0px !important; padding-right: 0px !important; padding-bottom: 0px !important; padding-left: 0px !important; }\n#pt-cv-view-9423927azc  .pt-cv-content-item   { background-color: #f8f3fa !important; border-width: 1px 1px 1px 1px !important; border-style: none !important; border-radius: 20px 20px 20px 20px !important; }\n#pt-cv-view-9423927azc .pt-cv-taxoterm * { font-family: 'Open Sans', Arial, serif !important; font-size: 11px !important; line-height: 1.3 !important; color: #9b53e2 !important; background-color: #ffffff !important; margin: 15px 0px 0px 10px !important; padding: 5px 5px 5px 5px !important; }\n#pt-cv-view-9423927azc .pt-cv-title a, #pt-cv-view-9423927azc  .panel-title { font-family: 'Open Sans', Arial, serif !important; font-size: 18px !important; line-height: 1.3 !important; color: #000000 !important; font-weight: 600 !important; padding: 10px 10px 0px 10px !important; display: block !important; }\n#pt-cv-view-9423927azc  .pt-cv-title a:hover, #pt-cv-view-9423927azc  .panel-title:hover   { font-family: 'Open Sans', Arial, serif !important; font-size: 18px !important; line-height: 1.3 !important; color: #3724e5 !important; }\n#pt-cv-view-9423927azc .pt-cv-content , #pt-cv-view-9423927azc  .pt-cv-content *:not(.pt-cv-readmore):not(style):not(script) { font-family: 'Open Sans', Arial, serif !important; font-size: 13px !important; color: #000000 !important; text-transform: capitalize !important; line-height: 2 !important; padding: 10px 10px 10px 10px !important; }\n#pt-cv-view-9423927azc .pt-cv-readmore  { color: #ffffff !important; background-color: #00aeef !important; }\n#pt-cv-view-9423927azc .pt-cv-readmore:hover  { color: #ffffff !important; background-color: #00aeef !important; }\n#pt-cv-view-9423927azc  + .pt-cv-pagination-wrapper .pt-cv-more , #pt-cv-view-9423927azc  + .pt-cv-pagination-wrapper .pagination .active a, .pt-cv-pagination[data-sid='9423927azc'] .active a { color: #ffffff !important; background-color: #00aeef !important; }\n#pt-cv-view-9423927azc { text-align: justify; }<\/style>\r\n\t\t\t<link href='\/\/fonts.googleapis.com\/css?family=Open+Sans' rel='stylesheet' type='text\/css'>\n","protected":false},"excerpt":{"rendered":"<table class=\"rw-rating-table rw-ltr rw-left rw-no-labels\"><tr><td><nobr>&nbsp;<\/nobr><\/td><td><div class=\"rw-left\"><div class=\"rw-ui-container rw-class-blog-post rw-urid-193940\"><\/div><\/div><\/td><\/tr><\/table><p>&nbsp; Itinerario L Salimos del pueblo pasando al lado de un molino y enseguida cogemos el cam\u00ed de Son Boi, que est\u00e1 se\u00f1alizado, asfaltado y en ligera bajada. A poco m\u00e1s de 1 km, cogemos un camino de tierra, acompa\u00f1ado&hellip; <\/p>\n","protected":false},"author":1,"featured_media":0,"parent":0,"menu_order":0,"comment_status":"closed","ping_status":"closed","template":"","meta":{"ngg_post_thumbnail":0,"footnotes":""},"class_list":["post-19393","page","type-page","status-publish","hentry"],"_links":{"self":[{"href":"https:\/\/trailrunningmallorca.es\/index.php\/wp-json\/wp\/v2\/pages\/19393","targetHints":{"allow":["GET"]}}],"collection":[{"href":"https:\/\/trailrunningmallorca.es\/index.php\/wp-json\/wp\/v2\/pages"}],"about":[{"href":"https:\/\/trailrunningmallorca.es\/index.php\/wp-json\/wp\/v2\/types\/page"}],"author":[{"embeddable":true,"href":"https:\/\/trailrunningmallorca.es\/index.php\/wp-json\/wp\/v2\/users\/1"}],"replies":[{"embeddable":true,"href":"https:\/\/trailrunningmallorca.es\/index.php\/wp-json\/wp\/v2\/comments?post=19393"}],"version-history":[{"count":0,"href":"https:\/\/trailrunningmallorca.es\/index.php\/wp-json\/wp\/v2\/pages\/19393\/revisions"}],"wp:attachment":[{"href":"https:\/\/trailrunningmallorca.es\/index.php\/wp-json\/wp\/v2\/media?parent=19393"}],"curies":[{"name":"wp","href":"https:\/\/api.w.org\/{rel}","templated":true}]}}