{"id":19391,"date":"2024-05-28T11:15:08","date_gmt":"2024-05-28T09:15:08","guid":{"rendered":"https:\/\/trailrunningmallorca.es\/?page_id=19391"},"modified":"2024-06-15T11:46:06","modified_gmt":"2024-06-15T09:46:06","slug":"rutas-santa-margalida","status":"publish","type":"page","link":"https:\/\/trailrunningmallorca.es\/index.php\/rutas-santa-margalida\/","title":{"rendered":"Rutas Santa Margalida"},"content":{"rendered":"<div class=\"pt-cv-wrapper\"><div class=\"pt-cv-view pt-cv-blockgrid iscvblock iscvhybrid list1 layout2 pt-cv-pgregular pt-cv-justify pt-cv-alternate-left\" id=\"pt-cv-view-bee0ec0io3\"><div data-id=\"pt-cv-page-1\" class=\"pt-cv-page\" data-cvc=\"1\"><div class=\" pt-cv-content-item pt-cv-2-col\"  data-pid=\"13075\"><div class=\"pt-cv-thumb-wrapper pull-right \"><a href=\"https:\/\/trailrunningmallorca.es\/index.php\/2023\/01\/03\/son-real\/\" class=\"_self pt-cv-href-thumbnail pt-cv-thumb-right\" target=\"_self\" ><img loading=\"lazy\" decoding=\"async\" width=\"2048\" height=\"1536\" src=\"https:\/\/trailrunningmallorca.es\/wp-content\/uploads\/2023\/01\/nggallery_import\/IMG_3112.jpeg\" class=\"pt-cv-thumbnail img-none pull-right\" alt=\"Vuelta Finca Son Real desde Ca&#039;n Picafort\" \/><\/a><\/div>\n<div class=\"pt-cv-remain-wrapper\"><div class=\"pt-cv-colwrap\"><div class=\"pt-cv-taxoterm above_title\"><a href='https:\/\/trailrunningmallorca.es\/index.php\/category\/clasificacion-rutas\/rutas-por-distancia\/entre-10-km-y-15-km\/' title='Entre 10 km y 15 km' class='pt-cv-tax-entre-10-km-y-15-km'>Entre 10 km y 15 km<\/a><a href='https:\/\/trailrunningmallorca.es\/index.php\/category\/clasificacion-rutas\/rutas-por-dificultad\/facil\/' title='F\u00e1cil' class='pt-cv-tax-facil'>F\u00e1cil<\/a><a href='https:\/\/trailrunningmallorca.es\/index.php\/category\/rutas-comarcas\/pla-de-mallorca\/' title='Pla de Mallorca' class='pt-cv-tax-pla-de-mallorca'>Pla de Mallorca<\/a><a href='https:\/\/trailrunningmallorca.es\/index.php\/category\/clasificacion-rutas\/rutas-costeras\/' title='Rutas costeras' class='pt-cv-tax-rutas-costeras'>Rutas costeras<\/a><a href='https:\/\/trailrunningmallorca.es\/index.php\/category\/rutas-comarcas\/pla-de-mallorca\/santa-margalida\/' title='Santa Margalida' class='pt-cv-tax-santa-margalida'>Santa Margalida<\/a><\/div><h4 class=\"pt-cv-title\"><a href=\"https:\/\/trailrunningmallorca.es\/index.php\/2023\/01\/03\/son-real\/\" class=\"_self\" target=\"_self\" >Vuelta Finca Son Real desde Ca&#8217;n Picafort<\/a><\/h4><div class=\"pt-cv-content\">Una ruta fant\u00e1stica por el municipio de Santa Margalida, dando una vuelta desde Ca'n Picafort hacia la finca p\u00fablica de Son Real. Como plato fuerte, podremos visitar la necr\u00f3polis de Son Real, que data de la \u00e9poca talay\u00f3tica y post talay\u00f3tica. Los paisajes son paradis\u00edacos, una ruta para disfrutar en ...<br \/><div class=\"pt-cv-rmwrap\"><a href=\"https:\/\/trailrunningmallorca.es\/index.php\/2023\/01\/03\/son-real\/\" class=\"_self pt-cv-readmore btn btn-success\" target=\"_self\">Leer M\u00e1s<\/a><\/div><\/div><\/div><\/div><\/div><\/div><\/div><\/div>\t\t\t<style type=\"text\/css\" id=\"pt-cv-inline-style-390d30c01r\">\n#pt-cv-view-bee0ec0io3 .pt-cv-thumb-wrapper:not(.miniwrap) { width: 400px; }#pt-cv-view-bee0ec0io3 .pt-cv-thumbnail:not(.pt-cv-thumbnailsm) { height: 250px; }#pt-cv-view-bee0ec0io3 > .pt-cv-page {grid-template-columns: repeat(1, 1fr);grid-gap: 15px;}\n@media all and (max-width: 1024px) { \n#pt-cv-view-bee0ec0io3 > .pt-cv-page {grid-template-columns: repeat(1, 1fr);}\n} \n@media all and (max-width: 767px) { \n#pt-cv-view-bee0ec0io3 > .pt-cv-page {grid-template-columns: repeat(1, 1fr);}\n} <\/style>\r\n\t\t\t\t\t\t<style type=\"text\/css\" id=\"pt-cv-inline-style-749f0e6qkb\">#pt-cv-view-bee0ec0io3 .pt-cv-content-item { padding-top: 0px !important; padding-right: 0px !important; padding-bottom: 0px !important; padding-left: 0px !important; }\n#pt-cv-view-bee0ec0io3  .pt-cv-content-item   { background-color: #f8f3fa !important; border-width: 1px 1px 1px 1px !important; border-style: none !important; border-radius: 20px 20px 20px 20px !important; }\n#pt-cv-view-bee0ec0io3 .pt-cv-taxoterm * { font-family: 'Open Sans', Arial, serif !important; font-size: 11px !important; line-height: 1.3 !important; color: #9b53e2 !important; background-color: #ffffff !important; margin: 15px 0px 0px 10px !important; padding: 5px 5px 5px 5px !important; }\n#pt-cv-view-bee0ec0io3 .pt-cv-title a, #pt-cv-view-bee0ec0io3  .panel-title { font-family: 'Open Sans', Arial, serif !important; font-size: 18px !important; line-height: 1.3 !important; color: #000000 !important; font-weight: 600 !important; padding: 10px 10px 0px 10px !important; display: block !important; }\n#pt-cv-view-bee0ec0io3  .pt-cv-title a:hover, #pt-cv-view-bee0ec0io3  .panel-title:hover   { font-family: 'Open Sans', Arial, serif !important; font-size: 18px !important; line-height: 1.3 !important; color: #3724e5 !important; }\n#pt-cv-view-bee0ec0io3 .pt-cv-content , #pt-cv-view-bee0ec0io3  .pt-cv-content *:not(.pt-cv-readmore):not(style):not(script) { font-family: 'Open Sans', Arial, serif !important; font-size: 13px !important; color: #000000 !important; text-transform: capitalize !important; line-height: 2 !important; padding: 10px 10px 10px 10px !important; }\n#pt-cv-view-bee0ec0io3 .pt-cv-readmore  { color: #ffffff !important; background-color: #00aeef !important; }\n#pt-cv-view-bee0ec0io3 .pt-cv-readmore:hover  { color: #ffffff !important; background-color: #00aeef !important; }\n#pt-cv-view-bee0ec0io3  + .pt-cv-pagination-wrapper .pt-cv-more , #pt-cv-view-bee0ec0io3  + .pt-cv-pagination-wrapper .pagination .active a, .pt-cv-pagination[data-sid='bee0ec0io3'] .active a { color: #ffffff !important; background-color: #00aeef !important; }\n#pt-cv-view-bee0ec0io3 { text-align: justify; }<\/style>\r\n\t\t\t<link href='\/\/fonts.googleapis.com\/css?family=Open+Sans' rel='stylesheet' type='text\/css'>\n","protected":false},"excerpt":{"rendered":"<table class=\"rw-rating-table rw-ltr rw-left rw-no-labels\"><tr><td><nobr>&nbsp;<\/nobr><\/td><td><div class=\"rw-left\"><div class=\"rw-ui-container rw-class-blog-post rw-urid-193920\"><\/div><\/div><\/td><\/tr><\/table><p>&nbsp; Itinerario El itinerario sale de Son Baul\u00f3, una urbanizaci\u00f3n tur\u00edstica ubicada en Ca&#8217;n Picafort. Nos dirigimos hacia la playa hom\u00f3nima que separa Ca&#8217;n Picafort de Son Real, a escasos metros de la playa, se encuentran uno de los grupos&hellip; <\/p>\n","protected":false},"author":1,"featured_media":0,"parent":0,"menu_order":0,"comment_status":"closed","ping_status":"closed","template":"","meta":{"ngg_post_thumbnail":0,"footnotes":""},"class_list":["post-19391","page","type-page","status-publish","hentry"],"_links":{"self":[{"href":"https:\/\/trailrunningmallorca.es\/index.php\/wp-json\/wp\/v2\/pages\/19391","targetHints":{"allow":["GET"]}}],"collection":[{"href":"https:\/\/trailrunningmallorca.es\/index.php\/wp-json\/wp\/v2\/pages"}],"about":[{"href":"https:\/\/trailrunningmallorca.es\/index.php\/wp-json\/wp\/v2\/types\/page"}],"author":[{"embeddable":true,"href":"https:\/\/trailrunningmallorca.es\/index.php\/wp-json\/wp\/v2\/users\/1"}],"replies":[{"embeddable":true,"href":"https:\/\/trailrunningmallorca.es\/index.php\/wp-json\/wp\/v2\/comments?post=19391"}],"version-history":[{"count":0,"href":"https:\/\/trailrunningmallorca.es\/index.php\/wp-json\/wp\/v2\/pages\/19391\/revisions"}],"wp:attachment":[{"href":"https:\/\/trailrunningmallorca.es\/index.php\/wp-json\/wp\/v2\/media?parent=19391"}],"curies":[{"name":"wp","href":"https:\/\/api.w.org\/{rel}","templated":true}]}}