{"id":19387,"date":"2024-05-28T11:13:38","date_gmt":"2024-05-28T09:13:38","guid":{"rendered":"https:\/\/trailrunningmallorca.es\/?page_id=19387"},"modified":"2024-06-15T11:45:19","modified_gmt":"2024-06-15T09:45:19","slug":"rutas-porreres","status":"publish","type":"page","link":"https:\/\/trailrunningmallorca.es\/index.php\/rutas-porreres\/","title":{"rendered":"Rutas Porreres"},"content":{"rendered":"<div class=\"pt-cv-wrapper\"><div class=\"pt-cv-view pt-cv-blockgrid iscvblock iscvhybrid list1 layout2 pt-cv-pgregular pt-cv-justify pt-cv-alternate-left\" id=\"pt-cv-view-ed4e0bety4\"><div data-id=\"pt-cv-page-1\" class=\"pt-cv-page\" data-cvc=\"1\"><div class=\" pt-cv-content-item pt-cv-2-col\"  data-pid=\"21164\"><div class=\"pt-cv-thumb-wrapper pull-right \"><a href=\"https:\/\/trailrunningmallorca.es\/index.php\/2025\/03\/04\/ruta-hidraulica-2\/\" class=\"_self pt-cv-href-thumbnail pt-cv-thumb-right\" target=\"_self\" ><img loading=\"lazy\" decoding=\"async\" width=\"2000\" height=\"1126\" src=\"https:\/\/trailrunningmallorca.es\/wp-content\/uploads\/2025\/03\/nggallery_import\/20241127_113018.jpeg\" class=\"pt-cv-thumbnail img-none pull-right\" alt=\"Ruta hidr\u00e1ulica 2\" \/><\/a><\/div>\n<div class=\"pt-cv-remain-wrapper\"><div class=\"pt-cv-colwrap\"><div class=\"pt-cv-taxoterm above_title\"><a href='https:\/\/trailrunningmallorca.es\/index.php\/category\/clasificacion-rutas\/rutas-por-distancia\/entre-20-km-y-25-km\/' title='Entre 20 km y 25 km' class='pt-cv-tax-entre-20-km-y-25-km'>Entre 20 km y 25 km<\/a><a href='https:\/\/trailrunningmallorca.es\/index.php\/category\/clasificacion-rutas\/rutas-por-dificultad\/facil\/' title='F\u00e1cil' class='pt-cv-tax-facil'>F\u00e1cil<\/a><a href='https:\/\/trailrunningmallorca.es\/index.php\/category\/rutas-comarcas\/pla-de-mallorca\/' title='Pla de Mallorca' class='pt-cv-tax-pla-de-mallorca'>Pla de Mallorca<\/a><a href='https:\/\/trailrunningmallorca.es\/index.php\/category\/rutas-comarcas\/pla-de-mallorca\/porreres\/' title='Porreres' class='pt-cv-tax-porreres'>Porreres<\/a><\/div><h4 class=\"pt-cv-title\"><a href=\"https:\/\/trailrunningmallorca.es\/index.php\/2025\/03\/04\/ruta-hidraulica-2\/\" class=\"_self\" target=\"_self\" >Ruta hidr\u00e1ulica 2<\/a><\/h4><div class=\"pt-cv-content\">Seguimos con las rutas hidr\u00e1ulicas del municipio de Porreres, esta vez la n\u00famero 2, para seguir visitando los elementos etnogr\u00e1ficos y caminos rurales. Los grandes protagonistas son los pozos de agua que suministraban agua al pueblo y a los campos de cultivo. Adem\u00e1s tambi\u00e9n visitamos el Mol\u00ed de n'Amengual, un ...<br \/><div class=\"pt-cv-rmwrap\"><a href=\"https:\/\/trailrunningmallorca.es\/index.php\/2025\/03\/04\/ruta-hidraulica-2\/\" class=\"_self pt-cv-readmore btn btn-success\" target=\"_self\">Leer M\u00e1s<\/a><\/div><\/div><\/div><\/div><\/div>\n<div class=\" pt-cv-content-item pt-cv-2-col\"  data-pid=\"13476\"><div class=\"pt-cv-thumb-wrapper pull-right \"><a href=\"https:\/\/trailrunningmallorca.es\/index.php\/2023\/01\/28\/ruta-hidraulica-3\/\" class=\"_self pt-cv-href-thumbnail pt-cv-thumb-right\" target=\"_self\" ><img loading=\"lazy\" decoding=\"async\" width=\"2000\" height=\"1500\" src=\"https:\/\/trailrunningmallorca.es\/wp-content\/uploads\/2023\/01\/nggallery_import\/IMG_5400.jpeg\" class=\"pt-cv-thumbnail img-none pull-right\" alt=\"Ruta hidr\u00e1ulica 3 - Porreres\" \/><\/a><\/div>\n<div class=\"pt-cv-remain-wrapper\"><div class=\"pt-cv-colwrap\"><div class=\"pt-cv-taxoterm above_title\"><a href='https:\/\/trailrunningmallorca.es\/index.php\/category\/clasificacion-rutas\/rutas-por-distancia\/entre-10-km-y-15-km\/' title='Entre 10 km y 15 km' class='pt-cv-tax-entre-10-km-y-15-km'>Entre 10 km y 15 km<\/a><a href='https:\/\/trailrunningmallorca.es\/index.php\/category\/clasificacion-rutas\/rutas-por-dificultad\/facil\/' title='F\u00e1cil' class='pt-cv-tax-facil'>F\u00e1cil<\/a><a href='https:\/\/trailrunningmallorca.es\/index.php\/category\/rutas-comarcas\/pla-de-mallorca\/' title='Pla de Mallorca' class='pt-cv-tax-pla-de-mallorca'>Pla de Mallorca<\/a><a href='https:\/\/trailrunningmallorca.es\/index.php\/category\/rutas-comarcas\/pla-de-mallorca\/porreres\/' title='Porreres' class='pt-cv-tax-porreres'>Porreres<\/a><\/div><h4 class=\"pt-cv-title\"><a href=\"https:\/\/trailrunningmallorca.es\/index.php\/2023\/01\/28\/ruta-hidraulica-3\/\" class=\"_self\" target=\"_self\" >Ruta hidr\u00e1ulica 3 &#8211; Porreres<\/a><\/h4><div class=\"pt-cv-content\">Nos desplazamos a Porreres, otro municipio muy bonito del Pla de Mallorca, en esta ocasi\u00f3n realizamos una ruta marcada por el Ayuntamiento como Ruta Hidr\u00e1ulica 3. Las Rutas Hidr\u00e1ulicas de Porreres consisten en cuatro rutas de forma circular que se recorren por caminos p\u00fablicos del municipio y que proponen la ...<br \/><div class=\"pt-cv-rmwrap\"><a href=\"https:\/\/trailrunningmallorca.es\/index.php\/2023\/01\/28\/ruta-hidraulica-3\/\" class=\"_self pt-cv-readmore btn btn-success\" target=\"_self\">Leer M\u00e1s<\/a><\/div><\/div><\/div><\/div><\/div>\n<div class=\" pt-cv-content-item pt-cv-2-col\"  data-pid=\"14578\"><div class=\"pt-cv-thumb-wrapper pull-right \"><a href=\"https:\/\/trailrunningmallorca.es\/index.php\/2023\/04\/24\/ruta-hidraulica-4\/\" class=\"_self pt-cv-href-thumbnail pt-cv-thumb-right\" target=\"_self\" ><img loading=\"lazy\" decoding=\"async\" width=\"2000\" height=\"924\" src=\"https:\/\/trailrunningmallorca.es\/wp-content\/uploads\/2023\/04\/ruta-hidraulica-4.jpeg\" class=\"pt-cv-thumbnail img-none pull-right\" alt=\"Ruta hidr\u00e1ulica 4, Santuario de Monti-Sion\" \/><\/a><\/div>\n<div class=\"pt-cv-remain-wrapper\"><div class=\"pt-cv-colwrap\"><div class=\"pt-cv-taxoterm above_title\"><a href='https:\/\/trailrunningmallorca.es\/index.php\/category\/clasificacion-rutas\/rutas-por-distancia\/entre-15-km-y-20-km\/' title='Entre 15 km y 20 km' class='pt-cv-tax-entre-15-km-y-20-km'>Entre 15 km y 20 km<\/a><a href='https:\/\/trailrunningmallorca.es\/index.php\/category\/clasificacion-rutas\/rutas-por-dificultad\/facil\/' title='F\u00e1cil' class='pt-cv-tax-facil'>F\u00e1cil<\/a><a href='https:\/\/trailrunningmallorca.es\/index.php\/category\/rutas-comarcas\/pla-de-mallorca\/' title='Pla de Mallorca' class='pt-cv-tax-pla-de-mallorca'>Pla de Mallorca<\/a><a href='https:\/\/trailrunningmallorca.es\/index.php\/category\/rutas-comarcas\/pla-de-mallorca\/porreres\/' title='Porreres' class='pt-cv-tax-porreres'>Porreres<\/a><\/div><h4 class=\"pt-cv-title\"><a href=\"https:\/\/trailrunningmallorca.es\/index.php\/2023\/04\/24\/ruta-hidraulica-4\/\" class=\"_self\" target=\"_self\" >Ruta hidr\u00e1ulica 4, Santuario de Monti-Sion<\/a><\/h4><div class=\"pt-cv-content\">Otra ruta preciosa por el municipio de Porreres, para ir a hacer la ruta hidr\u00e1ulica 4 se\u00f1alizada por el Ayuntamiento y visitar los antiguos pozos que abastec\u00edan de agua al municipio. Adem\u00e1s subimos al Santuario de Montision, con unas vistas espectaculares y se conserva una de las aulas de gram\u00e1tica ...<br \/><div class=\"pt-cv-rmwrap\"><a href=\"https:\/\/trailrunningmallorca.es\/index.php\/2023\/04\/24\/ruta-hidraulica-4\/\" class=\"_self pt-cv-readmore btn btn-success\" target=\"_self\">Leer M\u00e1s<\/a><\/div><\/div><\/div><\/div><\/div><\/div><\/div><\/div>\t\t\t<style type=\"text\/css\" id=\"pt-cv-inline-style-4ad8f8f9wb\">\n#pt-cv-view-ed4e0bety4 .pt-cv-thumb-wrapper:not(.miniwrap) { width: 400px; }#pt-cv-view-ed4e0bety4 .pt-cv-thumbnail:not(.pt-cv-thumbnailsm) { height: 250px; }#pt-cv-view-ed4e0bety4 > .pt-cv-page {grid-template-columns: repeat(1, 1fr);grid-gap: 15px;}\n@media all and (max-width: 1024px) { \n#pt-cv-view-ed4e0bety4 > .pt-cv-page {grid-template-columns: repeat(1, 1fr);}\n} \n@media all and (max-width: 767px) { \n#pt-cv-view-ed4e0bety4 > .pt-cv-page {grid-template-columns: repeat(1, 1fr);}\n} <\/style>\r\n\t\t\t\t\t\t<style type=\"text\/css\" id=\"pt-cv-inline-style-72e60abohn\">#pt-cv-view-ed4e0bety4 .pt-cv-content-item { padding-top: 0px !important; padding-right: 0px !important; padding-bottom: 0px !important; padding-left: 0px !important; }\n#pt-cv-view-ed4e0bety4  .pt-cv-content-item   { background-color: #f8f3fa !important; border-width: 1px 1px 1px 1px !important; border-style: none !important; border-radius: 20px 20px 20px 20px !important; }\n#pt-cv-view-ed4e0bety4 .pt-cv-taxoterm * { font-family: 'Open Sans', Arial, serif !important; font-size: 11px !important; line-height: 1.3 !important; color: #9b53e2 !important; background-color: #ffffff !important; margin: 15px 0px 0px 10px !important; padding: 5px 5px 5px 5px !important; }\n#pt-cv-view-ed4e0bety4 .pt-cv-title a, #pt-cv-view-ed4e0bety4  .panel-title { font-family: 'Open Sans', Arial, serif !important; font-size: 18px !important; line-height: 1.3 !important; color: #000000 !important; font-weight: 600 !important; padding: 10px 10px 0px 10px !important; display: block !important; }\n#pt-cv-view-ed4e0bety4  .pt-cv-title a:hover, #pt-cv-view-ed4e0bety4  .panel-title:hover   { font-family: 'Open Sans', Arial, serif !important; font-size: 18px !important; line-height: 1.3 !important; color: #3724e5 !important; }\n#pt-cv-view-ed4e0bety4 .pt-cv-content , #pt-cv-view-ed4e0bety4  .pt-cv-content *:not(.pt-cv-readmore):not(style):not(script) { font-family: 'Open Sans', Arial, serif !important; font-size: 13px !important; color: #000000 !important; text-transform: capitalize !important; line-height: 2 !important; padding: 10px 10px 10px 10px !important; }\n#pt-cv-view-ed4e0bety4 .pt-cv-readmore  { color: #ffffff !important; background-color: #00aeef !important; }\n#pt-cv-view-ed4e0bety4 .pt-cv-readmore:hover  { color: #ffffff !important; background-color: #00aeef !important; }\n#pt-cv-view-ed4e0bety4  + .pt-cv-pagination-wrapper .pt-cv-more , #pt-cv-view-ed4e0bety4  + .pt-cv-pagination-wrapper .pagination .active a, .pt-cv-pagination[data-sid='ed4e0bety4'] .active a { color: #ffffff !important; background-color: #00aeef !important; }\n#pt-cv-view-ed4e0bety4 { text-align: justify; }<\/style>\r\n\t\t\t<link href='\/\/fonts.googleapis.com\/css?family=Open+Sans' rel='stylesheet' type='text\/css'>\n","protected":false},"excerpt":{"rendered":"<table class=\"rw-rating-table rw-ltr rw-left rw-no-labels\"><tr><td><nobr>&nbsp;<\/nobr><\/td><td><div class=\"rw-left\"><div class=\"rw-ui-container rw-class-blog-post rw-urid-193880\"><\/div><\/div><\/td><\/tr><\/table><p>&nbsp; Itinerario S Salimos del centro del pueblo en direcci\u00f3n sur hacia Monti-Sion, cogemos la carretera que fue construida por los habitantes de Porreras y que nos llevar\u00e1 dir\u00e9ctamente hacia el Santuario, la visita vale la pena, se sit\u00faa a&hellip; <\/p>\n","protected":false},"author":1,"featured_media":0,"parent":0,"menu_order":0,"comment_status":"closed","ping_status":"closed","template":"","meta":{"ngg_post_thumbnail":0,"footnotes":""},"class_list":["post-19387","page","type-page","status-publish","hentry"],"_links":{"self":[{"href":"https:\/\/trailrunningmallorca.es\/index.php\/wp-json\/wp\/v2\/pages\/19387","targetHints":{"allow":["GET"]}}],"collection":[{"href":"https:\/\/trailrunningmallorca.es\/index.php\/wp-json\/wp\/v2\/pages"}],"about":[{"href":"https:\/\/trailrunningmallorca.es\/index.php\/wp-json\/wp\/v2\/types\/page"}],"author":[{"embeddable":true,"href":"https:\/\/trailrunningmallorca.es\/index.php\/wp-json\/wp\/v2\/users\/1"}],"replies":[{"embeddable":true,"href":"https:\/\/trailrunningmallorca.es\/index.php\/wp-json\/wp\/v2\/comments?post=19387"}],"version-history":[{"count":0,"href":"https:\/\/trailrunningmallorca.es\/index.php\/wp-json\/wp\/v2\/pages\/19387\/revisions"}],"wp:attachment":[{"href":"https:\/\/trailrunningmallorca.es\/index.php\/wp-json\/wp\/v2\/media?parent=19387"}],"curies":[{"name":"wp","href":"https:\/\/api.w.org\/{rel}","templated":true}]}}