{"id":19385,"date":"2024-05-28T11:12:35","date_gmt":"2024-05-28T09:12:35","guid":{"rendered":"https:\/\/trailrunningmallorca.es\/?page_id=19385"},"modified":"2024-06-15T11:08:06","modified_gmt":"2024-06-15T09:08:06","slug":"rutas-montuiri","status":"publish","type":"page","link":"https:\/\/trailrunningmallorca.es\/index.php\/rutas-montuiri\/","title":{"rendered":"Rutas Montu\u00efri"},"content":{"rendered":"<div class=\"pt-cv-wrapper\"><div class=\"pt-cv-view pt-cv-blockgrid iscvblock iscvhybrid list1 layout2 pt-cv-pgregular pt-cv-justify pt-cv-alternate-left\" id=\"pt-cv-view-3244a513jv\"><div data-id=\"pt-cv-page-1\" class=\"pt-cv-page\" data-cvc=\"1\"><div class=\" pt-cv-content-item pt-cv-2-col\"  data-pid=\"13816\"><div class=\"pt-cv-thumb-wrapper pull-right \"><a href=\"https:\/\/trailrunningmallorca.es\/index.php\/2023\/02\/25\/camins-montuiri\/\" class=\"_self pt-cv-href-thumbnail pt-cv-thumb-right\" target=\"_self\" ><img loading=\"lazy\" decoding=\"async\" width=\"960\" height=\"720\" src=\"https:\/\/trailrunningmallorca.es\/wp-content\/uploads\/2023\/02\/nggallery_import\/IMG_5897-1.jpeg\" class=\"pt-cv-thumbnail img-none pull-right\" alt=\"Camins de Montuiri y Puig de Sant Miquel\" \/><\/a><\/div>\n<div class=\"pt-cv-remain-wrapper\"><div class=\"pt-cv-colwrap\"><div class=\"pt-cv-taxoterm above_title\"><a href='https:\/\/trailrunningmallorca.es\/index.php\/category\/clasificacion-rutas\/rutas-por-distancia\/entre-20-km-y-25-km\/' title='Entre 20 km y 25 km' class='pt-cv-tax-entre-20-km-y-25-km'>Entre 20 km y 25 km<\/a><a href='https:\/\/trailrunningmallorca.es\/index.php\/category\/clasificacion-rutas\/rutas-por-dificultad\/facil\/' title='F\u00e1cil' class='pt-cv-tax-facil'>F\u00e1cil<\/a><a href='https:\/\/trailrunningmallorca.es\/index.php\/category\/rutas-comarcas\/pla-de-mallorca\/montuiri\/' title='Montuiri' class='pt-cv-tax-montuiri'>Montuiri<\/a><a href='https:\/\/trailrunningmallorca.es\/index.php\/category\/rutas-comarcas\/pla-de-mallorca\/' title='Pla de Mallorca' class='pt-cv-tax-pla-de-mallorca'>Pla de Mallorca<\/a><\/div><h4 class=\"pt-cv-title\"><a href=\"https:\/\/trailrunningmallorca.es\/index.php\/2023\/02\/25\/camins-montuiri\/\" class=\"_self\" target=\"_self\" >Camins de Montuiri y Puig de Sant Miquel<\/a><\/h4><div class=\"pt-cv-content\">Preciosa esta vuelta por los caminos del municipio de Montuiri, dividida en dos partes. Primero trazamos un ocho por caminos rurales del Este del municipio, llegando hasta el cam\u00ed de Ca'n Comunes, disfrutando de magn\u00edficos paisajes una infinidad de fincas. En la segunda parte, salimos de nuevo de Montuiri y ...<br \/><div class=\"pt-cv-rmwrap\"><a href=\"https:\/\/trailrunningmallorca.es\/index.php\/2023\/02\/25\/camins-montuiri\/\" class=\"_self pt-cv-readmore btn btn-success\" target=\"_self\">Leer M\u00e1s<\/a><\/div><\/div><\/div><\/div><\/div><\/div><\/div><\/div>\t\t\t<style type=\"text\/css\" id=\"pt-cv-inline-style-3fbbadd4ze\">\n#pt-cv-view-3244a513jv .pt-cv-thumb-wrapper:not(.miniwrap) { width: 400px; }#pt-cv-view-3244a513jv .pt-cv-thumbnail:not(.pt-cv-thumbnailsm) { height: 250px; }#pt-cv-view-3244a513jv > .pt-cv-page {grid-template-columns: repeat(1, 1fr);grid-gap: 15px;}\n@media all and (max-width: 1024px) { \n#pt-cv-view-3244a513jv > .pt-cv-page {grid-template-columns: repeat(1, 1fr);}\n} \n@media all and (max-width: 767px) { \n#pt-cv-view-3244a513jv > .pt-cv-page {grid-template-columns: repeat(1, 1fr);}\n} <\/style>\r\n\t\t\t\t\t\t<style type=\"text\/css\" id=\"pt-cv-inline-style-9d9e3a8ya2\">#pt-cv-view-3244a513jv .pt-cv-content-item { padding-top: 0px !important; padding-right: 0px !important; padding-bottom: 0px !important; padding-left: 0px !important; }\n#pt-cv-view-3244a513jv  .pt-cv-content-item   { background-color: #f8f3fa !important; border-width: 1px 1px 1px 1px !important; border-style: none !important; border-radius: 20px 20px 20px 20px !important; }\n#pt-cv-view-3244a513jv .pt-cv-taxoterm * { font-family: 'Open Sans', Arial, serif !important; font-size: 11px !important; line-height: 1.3 !important; color: #9b53e2 !important; background-color: #ffffff !important; margin: 15px 0px 0px 10px !important; padding: 5px 5px 5px 5px !important; }\n#pt-cv-view-3244a513jv .pt-cv-title a, #pt-cv-view-3244a513jv  .panel-title { font-family: 'Open Sans', Arial, serif !important; font-size: 18px !important; line-height: 1.3 !important; color: #000000 !important; font-weight: 600 !important; padding: 10px 10px 0px 10px !important; display: block !important; }\n#pt-cv-view-3244a513jv  .pt-cv-title a:hover, #pt-cv-view-3244a513jv  .panel-title:hover   { font-family: 'Open Sans', Arial, serif !important; font-size: 18px !important; line-height: 1.3 !important; color: #3724e5 !important; }\n#pt-cv-view-3244a513jv .pt-cv-content , #pt-cv-view-3244a513jv  .pt-cv-content *:not(.pt-cv-readmore):not(style):not(script) { font-family: 'Open Sans', Arial, serif !important; font-size: 13px !important; color: #000000 !important; text-transform: capitalize !important; line-height: 2 !important; padding: 10px 10px 10px 10px !important; }\n#pt-cv-view-3244a513jv .pt-cv-readmore  { color: #ffffff !important; background-color: #00aeef !important; }\n#pt-cv-view-3244a513jv .pt-cv-readmore:hover  { color: #ffffff !important; background-color: #00aeef !important; }\n#pt-cv-view-3244a513jv  + .pt-cv-pagination-wrapper .pt-cv-more , #pt-cv-view-3244a513jv  + .pt-cv-pagination-wrapper .pagination .active a, .pt-cv-pagination[data-sid='3244a513jv'] .active a { color: #ffffff !important; background-color: #00aeef !important; }\n#pt-cv-view-3244a513jv { text-align: justify; }<\/style>\r\n\t\t\t<link href='\/\/fonts.googleapis.com\/css?family=Open+Sans' rel='stylesheet' type='text\/css'>\n","protected":false},"excerpt":{"rendered":"<table class=\"rw-rating-table rw-ltr rw-left rw-no-labels\"><tr><td><nobr>&nbsp;<\/nobr><\/td><td><div class=\"rw-left\"><div class=\"rw-ui-container rw-class-blog-post rw-urid-193860\"><\/div><\/div><\/td><\/tr><\/table><p>&nbsp; Itinerario P ocos pueblos de la isla pueden afirmar, como ocurre con Montu\u00efri, que su historia refleja la mayor parte de etapas hist\u00f3ricas del conjunto de la isla. As\u00ed, los datos del primer poblamiento humano del actual t\u00e9rmino municipal&hellip; <\/p>\n","protected":false},"author":1,"featured_media":0,"parent":0,"menu_order":0,"comment_status":"closed","ping_status":"closed","template":"","meta":{"ngg_post_thumbnail":0,"footnotes":""},"class_list":["post-19385","page","type-page","status-publish","hentry"],"_links":{"self":[{"href":"https:\/\/trailrunningmallorca.es\/index.php\/wp-json\/wp\/v2\/pages\/19385","targetHints":{"allow":["GET"]}}],"collection":[{"href":"https:\/\/trailrunningmallorca.es\/index.php\/wp-json\/wp\/v2\/pages"}],"about":[{"href":"https:\/\/trailrunningmallorca.es\/index.php\/wp-json\/wp\/v2\/types\/page"}],"author":[{"embeddable":true,"href":"https:\/\/trailrunningmallorca.es\/index.php\/wp-json\/wp\/v2\/users\/1"}],"replies":[{"embeddable":true,"href":"https:\/\/trailrunningmallorca.es\/index.php\/wp-json\/wp\/v2\/comments?post=19385"}],"version-history":[{"count":0,"href":"https:\/\/trailrunningmallorca.es\/index.php\/wp-json\/wp\/v2\/pages\/19385\/revisions"}],"wp:attachment":[{"href":"https:\/\/trailrunningmallorca.es\/index.php\/wp-json\/wp\/v2\/media?parent=19385"}],"curies":[{"name":"wp","href":"https:\/\/api.w.org\/{rel}","templated":true}]}}