{"id":19377,"date":"2024-05-28T11:08:49","date_gmt":"2024-05-28T09:08:49","guid":{"rendered":"https:\/\/trailrunningmallorca.es\/?page_id=19377"},"modified":"2024-06-15T11:02:15","modified_gmt":"2024-06-15T09:02:15","slug":"rutas-ariany","status":"publish","type":"page","link":"https:\/\/trailrunningmallorca.es\/index.php\/rutas-ariany\/","title":{"rendered":"Rutas Ariany"},"content":{"rendered":"<div class=\"pt-cv-wrapper\"><div class=\"pt-cv-view pt-cv-blockgrid iscvblock iscvhybrid list1 layout2 pt-cv-pgregular pt-cv-justify pt-cv-alternate-left\" id=\"pt-cv-view-95775869x8\"><div data-id=\"pt-cv-page-1\" class=\"pt-cv-page\" data-cvc=\"1\"><div class=\" pt-cv-content-item pt-cv-2-col\"  data-pid=\"13303\"><div class=\"pt-cv-thumb-wrapper pull-right \"><a href=\"https:\/\/trailrunningmallorca.es\/index.php\/2023\/01\/19\/camins-ariany\/\" class=\"_self pt-cv-href-thumbnail pt-cv-thumb-right\" target=\"_self\" ><img loading=\"lazy\" decoding=\"async\" width=\"2000\" height=\"1500\" src=\"https:\/\/trailrunningmallorca.es\/wp-content\/uploads\/2023\/01\/nggallery_import\/IMG_5271.jpeg\" class=\"pt-cv-thumbnail img-none pull-right\" alt=\"Camins d&#039;Ariany : Pou Jur\u00e0, Son Nivorra, Puig des Rafat\" \/><\/a><\/div>\n<div class=\"pt-cv-remain-wrapper\"><div class=\"pt-cv-colwrap\"><div class=\"pt-cv-taxoterm above_title\"><a href='https:\/\/trailrunningmallorca.es\/index.php\/category\/rutas-comarcas\/pla-de-mallorca\/ariany\/' title='Ariany' class='pt-cv-tax-ariany'>Ariany<\/a><a href='https:\/\/trailrunningmallorca.es\/index.php\/category\/clasificacion-rutas\/rutas-por-distancia\/entre-15-km-y-20-km\/' title='Entre 15 km y 20 km' class='pt-cv-tax-entre-15-km-y-20-km'>Entre 15 km y 20 km<\/a><a href='https:\/\/trailrunningmallorca.es\/index.php\/category\/clasificacion-rutas\/rutas-por-dificultad\/facil\/' title='F\u00e1cil' class='pt-cv-tax-facil'>F\u00e1cil<\/a><a href='https:\/\/trailrunningmallorca.es\/index.php\/category\/rutas-comarcas\/pla-de-mallorca\/' title='Pla de Mallorca' class='pt-cv-tax-pla-de-mallorca'>Pla de Mallorca<\/a><\/div><h4 class=\"pt-cv-title\"><a href=\"https:\/\/trailrunningmallorca.es\/index.php\/2023\/01\/19\/camins-ariany\/\" class=\"_self\" target=\"_self\" >Camins d&#8217;Ariany : Pou Jur\u00e0, Son Nivorra, Puig des Rafat<\/a><\/h4><div class=\"pt-cv-content\">Un pueblo magn\u00edfico, tal y como se indica a la entrada, es la \"joya del Pla\", su entorno rural y la riqueza etnogr\u00e1fica es inmensa. Para descubrirlo hacemos una ruta por los campos del municipio, dando una magn\u00edfica vuelta hacia el este llegando a Son Nivorra y hacia el Oeste, ...<br \/><div class=\"pt-cv-rmwrap\"><a href=\"https:\/\/trailrunningmallorca.es\/index.php\/2023\/01\/19\/camins-ariany\/\" class=\"_self pt-cv-readmore btn btn-success\" target=\"_self\">Leer M\u00e1s<\/a><\/div><\/div><\/div><\/div><\/div><\/div><\/div><\/div>\t\t\t<style type=\"text\/css\" id=\"pt-cv-inline-style-3517809n6t\">\n#pt-cv-view-95775869x8 .pt-cv-thumb-wrapper:not(.miniwrap) { width: 400px; }#pt-cv-view-95775869x8 .pt-cv-thumbnail:not(.pt-cv-thumbnailsm) { height: 250px; }#pt-cv-view-95775869x8 > .pt-cv-page {grid-template-columns: repeat(1, 1fr);grid-gap: 15px;}\n@media all and (max-width: 1024px) { \n#pt-cv-view-95775869x8 > .pt-cv-page {grid-template-columns: repeat(1, 1fr);}\n} \n@media all and (max-width: 767px) { \n#pt-cv-view-95775869x8 > .pt-cv-page {grid-template-columns: repeat(1, 1fr);}\n} <\/style>\r\n\t\t\t\t\t\t<style type=\"text\/css\" id=\"pt-cv-inline-style-7f76733qa3\">#pt-cv-view-95775869x8 .pt-cv-content-item { padding-top: 0px !important; padding-right: 0px !important; padding-bottom: 0px !important; padding-left: 0px !important; }\n#pt-cv-view-95775869x8  .pt-cv-content-item   { background-color: #f8f3fa !important; border-width: 1px 1px 1px 1px !important; border-style: none !important; border-radius: 20px 20px 20px 20px !important; }\n#pt-cv-view-95775869x8 .pt-cv-taxoterm * { font-family: 'Open Sans', Arial, serif !important; font-size: 11px !important; line-height: 1.3 !important; color: #9b53e2 !important; background-color: #ffffff !important; margin: 15px 0px 0px 10px !important; padding: 5px 5px 5px 5px !important; }\n#pt-cv-view-95775869x8 .pt-cv-title a, #pt-cv-view-95775869x8  .panel-title { font-family: 'Open Sans', Arial, serif !important; font-size: 18px !important; line-height: 1.3 !important; color: #000000 !important; font-weight: 600 !important; padding: 10px 10px 0px 10px !important; display: block !important; }\n#pt-cv-view-95775869x8  .pt-cv-title a:hover, #pt-cv-view-95775869x8  .panel-title:hover   { font-family: 'Open Sans', Arial, serif !important; font-size: 18px !important; line-height: 1.3 !important; color: #3724e5 !important; }\n#pt-cv-view-95775869x8 .pt-cv-content , #pt-cv-view-95775869x8  .pt-cv-content *:not(.pt-cv-readmore):not(style):not(script) { font-family: 'Open Sans', Arial, serif !important; font-size: 13px !important; color: #000000 !important; text-transform: capitalize !important; line-height: 2 !important; padding: 10px 10px 10px 10px !important; }\n#pt-cv-view-95775869x8 .pt-cv-readmore  { color: #ffffff !important; background-color: #00aeef !important; }\n#pt-cv-view-95775869x8 .pt-cv-readmore:hover  { color: #ffffff !important; background-color: #00aeef !important; }\n#pt-cv-view-95775869x8  + .pt-cv-pagination-wrapper .pt-cv-more , #pt-cv-view-95775869x8  + .pt-cv-pagination-wrapper .pagination .active a, .pt-cv-pagination[data-sid='95775869x8'] .active a { color: #ffffff !important; background-color: #00aeef !important; }\n#pt-cv-view-95775869x8 { text-align: justify; }<\/style>\r\n\t\t\t<link href='\/\/fonts.googleapis.com\/css?family=Open+Sans' rel='stylesheet' type='text\/css'>\n","protected":false},"excerpt":{"rendered":"<table class=\"rw-rating-table rw-ltr rw-left rw-no-labels\"><tr><td><nobr>&nbsp;<\/nobr><\/td><td><div class=\"rw-left\"><div class=\"rw-ui-container rw-class-blog-post rw-urid-193780\"><\/div><\/div><\/td><\/tr><\/table><p>&nbsp; Itinerario S alimos del pueblo en direcci\u00f3n noroeste por el cam\u00ed dels molins y enseguida veremos el Mol\u00ed de Can Gener y el Mol\u00ed de&#8217;n Benet. Vamos siguiendo el GPS ya que hay algunos cruces de caminos, algunos de&hellip; <\/p>\n","protected":false},"author":1,"featured_media":0,"parent":0,"menu_order":0,"comment_status":"closed","ping_status":"closed","template":"","meta":{"ngg_post_thumbnail":0,"footnotes":""},"class_list":["post-19377","page","type-page","status-publish","hentry"],"_links":{"self":[{"href":"https:\/\/trailrunningmallorca.es\/index.php\/wp-json\/wp\/v2\/pages\/19377","targetHints":{"allow":["GET"]}}],"collection":[{"href":"https:\/\/trailrunningmallorca.es\/index.php\/wp-json\/wp\/v2\/pages"}],"about":[{"href":"https:\/\/trailrunningmallorca.es\/index.php\/wp-json\/wp\/v2\/types\/page"}],"author":[{"embeddable":true,"href":"https:\/\/trailrunningmallorca.es\/index.php\/wp-json\/wp\/v2\/users\/1"}],"replies":[{"embeddable":true,"href":"https:\/\/trailrunningmallorca.es\/index.php\/wp-json\/wp\/v2\/comments?post=19377"}],"version-history":[{"count":0,"href":"https:\/\/trailrunningmallorca.es\/index.php\/wp-json\/wp\/v2\/pages\/19377\/revisions"}],"wp:attachment":[{"href":"https:\/\/trailrunningmallorca.es\/index.php\/wp-json\/wp\/v2\/media?parent=19377"}],"curies":[{"name":"wp","href":"https:\/\/api.w.org\/{rel}","templated":true}]}}