{"id":19367,"date":"2024-05-28T11:02:47","date_gmt":"2024-05-28T09:02:47","guid":{"rendered":"https:\/\/trailrunningmallorca.es\/?page_id=19367"},"modified":"2024-06-15T11:06:12","modified_gmt":"2024-06-15T09:06:12","slug":"rutas-felanitx","status":"publish","type":"page","link":"https:\/\/trailrunningmallorca.es\/index.php\/rutas-felanitx\/","title":{"rendered":"Rutas Felanitx"},"content":{"rendered":"<div class=\"pt-cv-wrapper\"><div class=\"pt-cv-view pt-cv-blockgrid iscvblock iscvhybrid list1 layout3 cveffect-darken pt-cv-pgregular pt-cv-justify\" id=\"pt-cv-view-877a8d9n2m\"><div data-id=\"pt-cv-page-1\" class=\"pt-cv-page\" data-cvc=\"1\"><div class=\" pt-cv-content-item pt-cv-2-col\"  data-pid=\"22269\"><div class=\"pt-cv-thumb-wrapper pull-left \"><a href=\"https:\/\/trailrunningmallorca.es\/index.php\/2026\/02\/17\/cas-concos1\/\" class=\"_self pt-cv-href-thumbnail pt-cv-thumb-left\" target=\"_self\" ><img loading=\"lazy\" decoding=\"async\" width=\"2000\" height=\"1126\" src=\"https:\/\/trailrunningmallorca.es\/wp-content\/uploads\/2026\/02\/nggallery_import\/20250227_132915.jpeg\" class=\"pt-cv-thumbnail img-none pull-left\" alt=\"Camins de Ca&#039;s Concos (Son Negre i Es Rossells)\" \/><\/a><\/div>\n<div class=\"pt-cv-remain-wrapper\"><div class=\"pt-cv-colwrap\"><div class=\"pt-cv-taxoterm above_title\"><a href='https:\/\/trailrunningmallorca.es\/index.php\/category\/clasificacion-rutas\/rutas-por-distancia\/entre-15-km-y-20-km\/' title='Entre 15 km y 20 km' class='pt-cv-tax-entre-15-km-y-20-km'>Entre 15 km y 20 km<\/a><a href='https:\/\/trailrunningmallorca.es\/index.php\/category\/clasificacion-rutas\/rutas-por-dificultad\/facil\/' title='F\u00e1cil' class='pt-cv-tax-facil'>F\u00e1cil<\/a><a href='https:\/\/trailrunningmallorca.es\/index.php\/category\/rutas-comarcas\/migjorn\/felanitx\/' title='Felanitx' class='pt-cv-tax-felanitx'>Felanitx<\/a><a href='https:\/\/trailrunningmallorca.es\/index.php\/category\/rutas-comarcas\/migjorn\/' title='Migjorn' class='pt-cv-tax-migjorn'>Migjorn<\/a><\/div><h4 class=\"pt-cv-title\"><a href=\"https:\/\/trailrunningmallorca.es\/index.php\/2026\/02\/17\/cas-concos1\/\" class=\"_self\" target=\"_self\" >Camins de Ca&#8217;s Concos (Son Negre i Es Rossells)<\/a><\/h4><div class=\"pt-cv-content\">Cas Concos d'es Cavaller es una pedan\u00eda perteneciente al municipio de Felanitx, una de las zonas m\u00e1s interesantes del levante mallorqu\u00edn, con un entramado de caminos ideales para caminar o correr por magn\u00edficas pistas de tierra. En este itinerario hacemos nos adentramos en este laberinto de caminos, primero llegando al ...<br \/><div class=\"pt-cv-rmwrap\"><a href=\"https:\/\/trailrunningmallorca.es\/index.php\/2026\/02\/17\/cas-concos1\/\" class=\"_self pt-cv-readmore btn btn-success\" target=\"_self\">Leer M\u00e1s<\/a><\/div><\/div><\/div><\/div><\/div>\n<div class=\" pt-cv-content-item pt-cv-2-col\"  data-pid=\"16136\"><div class=\"pt-cv-thumb-wrapper pull-left \"><a href=\"https:\/\/trailrunningmallorca.es\/index.php\/2023\/08\/14\/castell-santueri\/\" class=\"_self pt-cv-href-thumbnail pt-cv-thumb-left\" target=\"_self\" ><img loading=\"lazy\" decoding=\"async\" width=\"2000\" height=\"1500\" src=\"https:\/\/trailrunningmallorca.es\/wp-content\/uploads\/2023\/08\/nggallery_import\/12.jpeg\" class=\"pt-cv-thumbnail img-none pull-left\" alt=\"Castell de Santueri desde s&#039;Horta\" \/><\/a><\/div>\n<div class=\"pt-cv-remain-wrapper\"><div class=\"pt-cv-colwrap\"><div class=\"pt-cv-taxoterm above_title\"><a href='https:\/\/trailrunningmallorca.es\/index.php\/category\/clasificacion-rutas\/rutas-por-distancia\/entre-20-km-y-25-km\/' title='Entre 20 km y 25 km' class='pt-cv-tax-entre-20-km-y-25-km'>Entre 20 km y 25 km<\/a><a href='https:\/\/trailrunningmallorca.es\/index.php\/category\/rutas-comarcas\/migjorn\/felanitx\/' title='Felanitx' class='pt-cv-tax-felanitx'>Felanitx<\/a><a href='https:\/\/trailrunningmallorca.es\/index.php\/category\/rutas-comarcas\/migjorn\/' title='Migjorn' class='pt-cv-tax-migjorn'>Migjorn<\/a><a href='https:\/\/trailrunningmallorca.es\/index.php\/category\/clasificacion-rutas\/rutas-por-dificultad\/moderado\/' title='Moderado' class='pt-cv-tax-moderado'>Moderado<\/a><\/div><h4 class=\"pt-cv-title\"><a href=\"https:\/\/trailrunningmallorca.es\/index.php\/2023\/08\/14\/castell-santueri\/\" class=\"_self\" target=\"_self\" >Castell de Santueri desde s&#8217;Horta<\/a><\/h4><div class=\"pt-cv-content\">Una ruta espectacular, divertida y con muchos elementos patrimoniales que visitaremos, como el Castell de Santueri, uno de los tres castillos roquers de la isla, y como colof\u00f3n de la vuelta, nos desviaremos por las antiguas bater\u00edas de costa de s'Horta cuya protagonista en una escultura, conocida como sa Lleona ...<br \/><div class=\"pt-cv-rmwrap\"><a href=\"https:\/\/trailrunningmallorca.es\/index.php\/2023\/08\/14\/castell-santueri\/\" class=\"_self pt-cv-readmore btn btn-success\" target=\"_self\">Leer M\u00e1s<\/a><\/div><\/div><\/div><\/div><\/div>\n<div class=\" pt-cv-content-item pt-cv-2-col\"  data-pid=\"20891\"><div class=\"pt-cv-thumb-wrapper pull-left \"><a href=\"https:\/\/trailrunningmallorca.es\/index.php\/2025\/01\/27\/portocolom-cales-mallorca\/\" class=\"_self pt-cv-href-thumbnail pt-cv-thumb-left\" target=\"_self\" ><img loading=\"lazy\" decoding=\"async\" width=\"2000\" height=\"1126\" src=\"https:\/\/trailrunningmallorca.es\/wp-content\/uploads\/2025\/01\/nggallery_import\/20241124_111524.jpeg\" class=\"pt-cv-thumbnail img-none pull-left\" alt=\"Portocolom a Cales de Mallorca\" \/><\/a><\/div>\n<div class=\"pt-cv-remain-wrapper\"><div class=\"pt-cv-colwrap\"><div class=\"pt-cv-taxoterm above_title\"><a href='https:\/\/trailrunningmallorca.es\/index.php\/category\/clasificacion-rutas\/rutas-por-distancia\/entre-20-km-y-25-km\/' title='Entre 20 km y 25 km' class='pt-cv-tax-entre-20-km-y-25-km'>Entre 20 km y 25 km<\/a><a href='https:\/\/trailrunningmallorca.es\/index.php\/category\/rutas-comarcas\/migjorn\/felanitx\/' title='Felanitx' class='pt-cv-tax-felanitx'>Felanitx<\/a><a href='https:\/\/trailrunningmallorca.es\/index.php\/category\/rutas-comarcas\/migjorn\/' title='Migjorn' class='pt-cv-tax-migjorn'>Migjorn<\/a><a href='https:\/\/trailrunningmallorca.es\/index.php\/category\/clasificacion-rutas\/rutas-por-dificultad\/moderado\/' title='Moderado' class='pt-cv-tax-moderado'>Moderado<\/a><\/div><h4 class=\"pt-cv-title\"><a href=\"https:\/\/trailrunningmallorca.es\/index.php\/2025\/01\/27\/portocolom-cales-mallorca\/\" class=\"_self\" target=\"_self\" >Portocolom a Cales de Mallorca<\/a><\/h4><div class=\"pt-cv-content\">Otro itinerario magn\u00edfico para hacer los d\u00edas de invierno sin apenas turistas. De Portocolom vamos hacia Calas de Mallorca disfrutando de las preciosas vistas del mar y visitando preciosas calas como Cala Murada y Cala Domingos. El regreso a Portocolom lo hacemos por el interior haciendo un buen tramo por ...<br \/><div class=\"pt-cv-rmwrap\"><a href=\"https:\/\/trailrunningmallorca.es\/index.php\/2025\/01\/27\/portocolom-cales-mallorca\/\" class=\"_self pt-cv-readmore btn btn-success\" target=\"_self\">Leer M\u00e1s<\/a><\/div><\/div><\/div><\/div><\/div>\n<div class=\" pt-cv-content-item pt-cv-2-col\"  data-pid=\"4563\"><div class=\"pt-cv-thumb-wrapper pull-left \"><a href=\"https:\/\/trailrunningmallorca.es\/index.php\/2017\/08\/23\/puig-de-sant-salvador-i-cami-de-santueri\/\" class=\"_self pt-cv-href-thumbnail pt-cv-thumb-left\" target=\"_self\" ><img loading=\"lazy\" decoding=\"async\" width=\"2000\" height=\"1124\" src=\"https:\/\/trailrunningmallorca.es\/wp-content\/uploads\/ngg_featured\/32.jpeg\" class=\"pt-cv-thumbnail img-none pull-left\" alt=\"Puig de Sant Salvador i Cam\u00ed de Santueri\" \/><\/a><\/div>\n<div class=\"pt-cv-remain-wrapper\"><div class=\"pt-cv-colwrap\"><div class=\"pt-cv-taxoterm above_title\"><a href='https:\/\/trailrunningmallorca.es\/index.php\/category\/clasificacion-rutas\/rutas-por-distancia\/entre-20-km-y-25-km\/' title='Entre 20 km y 25 km' class='pt-cv-tax-entre-20-km-y-25-km'>Entre 20 km y 25 km<\/a><a href='https:\/\/trailrunningmallorca.es\/index.php\/category\/rutas-comarcas\/migjorn\/felanitx\/' title='Felanitx' class='pt-cv-tax-felanitx'>Felanitx<\/a><a href='https:\/\/trailrunningmallorca.es\/index.php\/category\/rutas-comarcas\/migjorn\/' title='Migjorn' class='pt-cv-tax-migjorn'>Migjorn<\/a><a href='https:\/\/trailrunningmallorca.es\/index.php\/category\/clasificacion-rutas\/rutas-por-dificultad\/moderado\/' title='Moderado' class='pt-cv-tax-moderado'>Moderado<\/a><\/div><h4 class=\"pt-cv-title\"><a href=\"https:\/\/trailrunningmallorca.es\/index.php\/2017\/08\/23\/puig-de-sant-salvador-i-cami-de-santueri\/\" class=\"_self\" target=\"_self\" >Puig de Sant Salvador i Cam\u00ed de Santueri<\/a><\/h4><div class=\"pt-cv-content\">Fant\u00e1stica e interesante vuelta por el municipio de Felanitx. La ruta asciende desde el pueblo hasta el Monasterio de San Salvador, situado en la cima hom\u00f3nima, a 509 metros de altitud. Un aut\u00e9ntico via crucis a trav\u00e9s de 12 estaciones que nos gu\u00edan hasta la cima. En la segunda parte, ...<br \/><div class=\"pt-cv-rmwrap\"><a href=\"https:\/\/trailrunningmallorca.es\/index.php\/2017\/08\/23\/puig-de-sant-salvador-i-cami-de-santueri\/\" class=\"_self pt-cv-readmore btn btn-success\" target=\"_self\">Leer M\u00e1s<\/a><\/div><\/div><\/div><\/div><\/div>\n<div class=\" pt-cv-content-item pt-cv-2-col\"  data-pid=\"21477\"><div class=\"pt-cv-thumb-wrapper pull-left \"><a href=\"https:\/\/trailrunningmallorca.es\/index.php\/2025\/04\/10\/volta-sa-mola\/\" class=\"_self pt-cv-href-thumbnail pt-cv-thumb-left\" target=\"_self\" ><img loading=\"lazy\" decoding=\"async\" width=\"2000\" height=\"1126\" src=\"https:\/\/trailrunningmallorca.es\/wp-content\/uploads\/2025\/04\/nggallery_import\/20250109_125956.jpeg\" class=\"pt-cv-thumbnail img-none pull-left\" alt=\"Volta al puig de Sa Mola, Sa Clota y Son Ramonet\" \/><\/a><\/div>\n<div class=\"pt-cv-remain-wrapper\"><div class=\"pt-cv-colwrap\"><div class=\"pt-cv-taxoterm above_title\"><a href='https:\/\/trailrunningmallorca.es\/index.php\/category\/clasificacion-rutas\/rutas-por-distancia\/entre-15-km-y-20-km\/' title='Entre 15 km y 20 km' class='pt-cv-tax-entre-15-km-y-20-km'>Entre 15 km y 20 km<\/a><a href='https:\/\/trailrunningmallorca.es\/index.php\/category\/rutas-comarcas\/migjorn\/felanitx\/' title='Felanitx' class='pt-cv-tax-felanitx'>Felanitx<\/a><a href='https:\/\/trailrunningmallorca.es\/index.php\/category\/rutas-comarcas\/migjorn\/' title='Migjorn' class='pt-cv-tax-migjorn'>Migjorn<\/a><a href='https:\/\/trailrunningmallorca.es\/index.php\/category\/clasificacion-rutas\/rutas-por-dificultad\/moderado\/' title='Moderado' class='pt-cv-tax-moderado'>Moderado<\/a><\/div><h4 class=\"pt-cv-title\"><a href=\"https:\/\/trailrunningmallorca.es\/index.php\/2025\/04\/10\/volta-sa-mola\/\" class=\"_self\" target=\"_self\" >Volta al puig de Sa Mola, Sa Clota y Son Ramonet<\/a><\/h4><div class=\"pt-cv-content\">Una ruta cultural y muy entretenida cerca del pueblo de Felanitx, visitanto lugares emblem\u00e1ticos del municipio como Es Sindicat, las canteras del Puig de Mola y en la segunda parte, alargamos la ruta corriendo un poco m\u00e1s por la zona de Sa Clota y la finca de Son Ramonet. Itinerario ...<br \/><div class=\"pt-cv-rmwrap\"><a href=\"https:\/\/trailrunningmallorca.es\/index.php\/2025\/04\/10\/volta-sa-mola\/\" class=\"_self pt-cv-readmore btn btn-success\" target=\"_self\">Leer M\u00e1s<\/a><\/div><\/div><\/div><\/div><\/div><\/div><\/div><\/div>\t\t\t<style type=\"text\/css\" id=\"pt-cv-inline-style-e9b2a474pt\">\n#pt-cv-view-877a8d9n2m .pt-cv-thumb-wrapper:not(.miniwrap) { width: 500px; }#pt-cv-view-877a8d9n2m .pt-cv-thumbnail:not(.pt-cv-thumbnailsm) { height: 350px; }#pt-cv-view-877a8d9n2m > .pt-cv-page {grid-template-columns: repeat(1, 1fr);grid-gap: 15px;}\n@media all and (max-width: 1024px) { \n#pt-cv-view-877a8d9n2m > .pt-cv-page {grid-template-columns: repeat(1, 1fr);}\n} \n@media all and (max-width: 767px) { \n#pt-cv-view-877a8d9n2m > .pt-cv-page {grid-template-columns: repeat(1, 1fr);}\n} <\/style>\r\n\t\t\t\t\t\t<style type=\"text\/css\" id=\"pt-cv-inline-style-da453d5o2v\">#pt-cv-view-877a8d9n2m .pt-cv-remain-wrapper { padding-top: 0px !important; padding-right: 0px !important; padding-bottom: 0px !important; padding-left: 0px !important; }\n#pt-cv-view-877a8d9n2m  .pt-cv-remain-wrapper   { background-color: #ffffff !important; border-width: 1px 1px 1px 1px !important; border-style: solid !important; border-color: #000000 !important; border-radius: 0px 0px 0px 0px !important; }\n#pt-cv-view-877a8d9n2m .pt-cv-taxoterm * { font-family: 'Open Sans', Arial, serif !important; font-size: 11px !important; line-height: 1.3 !important; color: #ffffff !important; background-color: #f9b339 !important; margin: 15px 0px 0px 15px !important; padding: 5px 5px 5px 5px !important; }\n#pt-cv-view-877a8d9n2m .pt-cv-title a, #pt-cv-view-877a8d9n2m  .panel-title { font-family: 'Open Sans', Arial, serif !important; font-size: 18px !important; line-height: 1.3 !important; color: #e86535 !important; font-weight: 600 !important; margin: 0px 0px 0px 5px !important; padding: 10px 10px 0px 10px !important; display: block !important; }\n#pt-cv-view-877a8d9n2m  .pt-cv-title a:hover, #pt-cv-view-877a8d9n2m  .panel-title:hover   { font-family: 'Open Sans', Arial, serif !important; font-size: 18px !important; line-height: 1.3 !important; color: #3724e5 !important; }\n#pt-cv-view-877a8d9n2m .pt-cv-content , #pt-cv-view-877a8d9n2m  .pt-cv-content *:not(.pt-cv-readmore):not(style):not(script) { font-family: 'Open Sans', Arial, serif !important; font-size: 13px !important; color: #000000 !important; text-transform: capitalize !important; line-height: 2 !important; margin: 0px 0px 0px 0px !important; padding: 10px 15px 10px 15px !important; }\n#pt-cv-view-877a8d9n2m .pt-cv-readmore  { color: #ffffff !important; background-color: #00aeef !important; }\n#pt-cv-view-877a8d9n2m .pt-cv-readmore:hover  { color: #ffffff !important; background-color: #00aeef !important; }\n#pt-cv-view-877a8d9n2m  + .pt-cv-pagination-wrapper .pt-cv-more , #pt-cv-view-877a8d9n2m  + .pt-cv-pagination-wrapper .pagination .active a, .pt-cv-pagination[data-sid='877a8d9n2m'] .active a { color: #ffffff !important; background-color: #00aeef !important; }\n#pt-cv-view-877a8d9n2m { text-align: justify; }<\/style>\r\n\t\t\t<link href='\/\/fonts.googleapis.com\/css?family=Open+Sans' rel='stylesheet' type='text\/css'>\n","protected":false},"excerpt":{"rendered":"<table class=\"rw-rating-table rw-ltr rw-left rw-no-labels\"><tr><td><nobr>&nbsp;<\/nobr><\/td><td><div class=\"rw-left\"><div class=\"rw-ui-container rw-class-blog-post rw-urid-193680\"><\/div><\/div><\/td><\/tr><\/table><p>&nbsp; Itinerario Es Sindicat I niciamos la ruta en el suroeste de Felanitx, aparcamos en una explanada al lado de un edificio muy singular del pueblo, se trata de la Bodega Cooperativa de Felanitx, conocida como Es Sindicat. Antes de&hellip; <\/p>\n","protected":false},"author":1,"featured_media":0,"parent":0,"menu_order":0,"comment_status":"closed","ping_status":"closed","template":"","meta":{"ngg_post_thumbnail":0,"footnotes":""},"class_list":["post-19367","page","type-page","status-publish","hentry"],"_links":{"self":[{"href":"https:\/\/trailrunningmallorca.es\/index.php\/wp-json\/wp\/v2\/pages\/19367","targetHints":{"allow":["GET"]}}],"collection":[{"href":"https:\/\/trailrunningmallorca.es\/index.php\/wp-json\/wp\/v2\/pages"}],"about":[{"href":"https:\/\/trailrunningmallorca.es\/index.php\/wp-json\/wp\/v2\/types\/page"}],"author":[{"embeddable":true,"href":"https:\/\/trailrunningmallorca.es\/index.php\/wp-json\/wp\/v2\/users\/1"}],"replies":[{"embeddable":true,"href":"https:\/\/trailrunningmallorca.es\/index.php\/wp-json\/wp\/v2\/comments?post=19367"}],"version-history":[{"count":0,"href":"https:\/\/trailrunningmallorca.es\/index.php\/wp-json\/wp\/v2\/pages\/19367\/revisions"}],"wp:attachment":[{"href":"https:\/\/trailrunningmallorca.es\/index.php\/wp-json\/wp\/v2\/media?parent=19367"}],"curies":[{"name":"wp","href":"https:\/\/api.w.org\/{rel}","templated":true}]}}