{"id":19365,"date":"2024-05-28T11:01:52","date_gmt":"2024-05-28T09:01:52","guid":{"rendered":"https:\/\/trailrunningmallorca.es\/?page_id=19365"},"modified":"2024-06-15T11:03:16","modified_gmt":"2024-06-15T09:03:16","slug":"rutas-campos","status":"publish","type":"page","link":"https:\/\/trailrunningmallorca.es\/index.php\/rutas-campos\/","title":{"rendered":"Rutas Campos"},"content":{"rendered":"<div class=\"pt-cv-wrapper\"><div class=\"pt-cv-view pt-cv-blockgrid iscvblock iscvhybrid list1 layout3 cveffect-darken pt-cv-pgregular pt-cv-justify\" id=\"pt-cv-view-f3ea7768rf\"><div data-id=\"pt-cv-page-1\" class=\"pt-cv-page\" data-cvc=\"1\"><div class=\" pt-cv-content-item pt-cv-2-col\"  data-pid=\"18596\"><div class=\"pt-cv-thumb-wrapper pull-left \"><a href=\"https:\/\/trailrunningmallorca.es\/index.php\/2024\/02\/20\/campos-canteres-grau\/\" class=\"_self pt-cv-href-thumbnail pt-cv-thumb-left\" target=\"_self\" ><img loading=\"lazy\" decoding=\"async\" width=\"2000\" height=\"1126\" src=\"https:\/\/trailrunningmallorca.es\/wp-content\/uploads\/2024\/02\/nggallery_import\/20240130_134051.jpeg\" class=\"pt-cv-thumbnail img-none pull-left\" alt=\"Caminos de la Sierra de Campos, Canteras de Son Grau\" \/><\/a><\/div>\n<div class=\"pt-cv-remain-wrapper\"><div class=\"pt-cv-colwrap\"><div class=\"pt-cv-taxoterm above_title\"><a href='https:\/\/trailrunningmallorca.es\/index.php\/category\/rutas-comarcas\/migjorn\/campos\/' title='Campos' class='pt-cv-tax-campos'>Campos<\/a><a href='https:\/\/trailrunningmallorca.es\/index.php\/category\/clasificacion-rutas\/rutas-por-distancia\/entre-15-km-y-20-km\/' title='Entre 15 km y 20 km' class='pt-cv-tax-entre-15-km-y-20-km'>Entre 15 km y 20 km<\/a><a href='https:\/\/trailrunningmallorca.es\/index.php\/category\/clasificacion-rutas\/rutas-por-dificultad\/facil\/' title='F\u00e1cil' class='pt-cv-tax-facil'>F\u00e1cil<\/a><a href='https:\/\/trailrunningmallorca.es\/index.php\/category\/rutas-comarcas\/migjorn\/' title='Migjorn' class='pt-cv-tax-migjorn'>Migjorn<\/a><\/div><h4 class=\"pt-cv-title\"><a href=\"https:\/\/trailrunningmallorca.es\/index.php\/2024\/02\/20\/campos-canteres-grau\/\" class=\"_self\" target=\"_self\" >Caminos de la Sierra de Campos, Canteras de Son Grau<\/a><\/h4><div class=\"pt-cv-content\">Gran vuelta de running por el nordeste del municipio de Campos, en d\u00f3nde disfrutaremos de sus caminos por su peque\u00f1a sierra, la cual conecta con Porreres y Felanitx. Visitaremos las canteras de Son Grau, de d\u00f3nde se extrae el mar\u00e9s de denominaci\u00f3n tradicional de Porreres que pertenece a la \u00e9poca ...<br \/><div class=\"pt-cv-rmwrap\"><a href=\"https:\/\/trailrunningmallorca.es\/index.php\/2024\/02\/20\/campos-canteres-grau\/\" class=\"_self pt-cv-readmore btn btn-success\" target=\"_self\">Leer M\u00e1s<\/a><\/div><\/div><\/div><\/div><\/div>\n<div class=\" pt-cv-content-item pt-cv-2-col\"  data-pid=\"18649\"><div class=\"pt-cv-thumb-wrapper pull-left \"><a href=\"https:\/\/trailrunningmallorca.es\/index.php\/2024\/02\/28\/es-salobrar\/\" class=\"_self pt-cv-href-thumbnail pt-cv-thumb-left\" target=\"_self\" ><img loading=\"lazy\" decoding=\"async\" width=\"2000\" height=\"1126\" src=\"https:\/\/trailrunningmallorca.es\/wp-content\/uploads\/2024\/02\/nggallery_import\/20240201_130118.jpeg\" class=\"pt-cv-thumbnail img-none pull-left\" alt=\"Vuelta Parc Natural Es Trenc, Salobrar de Campos\" \/><\/a><\/div>\n<div class=\"pt-cv-remain-wrapper\"><div class=\"pt-cv-colwrap\"><div class=\"pt-cv-taxoterm above_title\"><a href='https:\/\/trailrunningmallorca.es\/index.php\/category\/rutas-comarcas\/migjorn\/campos\/' title='Campos' class='pt-cv-tax-campos'>Campos<\/a><a href='https:\/\/trailrunningmallorca.es\/index.php\/category\/clasificacion-rutas\/rutas-por-distancia\/entre-10-km-y-15-km\/' title='Entre 10 km y 15 km' class='pt-cv-tax-entre-10-km-y-15-km'>Entre 10 km y 15 km<\/a><a href='https:\/\/trailrunningmallorca.es\/index.php\/category\/clasificacion-rutas\/rutas-por-dificultad\/facil\/' title='F\u00e1cil' class='pt-cv-tax-facil'>F\u00e1cil<\/a><a href='https:\/\/trailrunningmallorca.es\/index.php\/category\/rutas-comarcas\/migjorn\/' title='Migjorn' class='pt-cv-tax-migjorn'>Migjorn<\/a><a href='https:\/\/trailrunningmallorca.es\/index.php\/category\/clasificacion-rutas\/rutas-costeras\/' title='Rutas costeras' class='pt-cv-tax-rutas-costeras'>Rutas costeras<\/a><\/div><h4 class=\"pt-cv-title\"><a href=\"https:\/\/trailrunningmallorca.es\/index.php\/2024\/02\/28\/es-salobrar\/\" class=\"_self\" target=\"_self\" >Vuelta Parc Natural Es Trenc, Salobrar de Campos<\/a><\/h4><div class=\"pt-cv-content\">Una vuelta maravillosa y relajante por el municipio de Campos, dando la vuelta por el Parque Natural mar\u00edtimo-terrestre de Es Trenc-Salobrar de Campos, espacio natural protegido. Un entorno singular en Mallorca, damos la vuelta a la zona h\u00fameda conocida como Salobrar de Campos y recorremos un tramo por la playa ...<br \/><div class=\"pt-cv-rmwrap\"><a href=\"https:\/\/trailrunningmallorca.es\/index.php\/2024\/02\/28\/es-salobrar\/\" class=\"_self pt-cv-readmore btn btn-success\" target=\"_self\">Leer M\u00e1s<\/a><\/div><\/div><\/div><\/div><\/div><\/div><\/div><\/div>\t\t\t<style type=\"text\/css\" id=\"pt-cv-inline-style-3e45faf2fv\">\n#pt-cv-view-f3ea7768rf .pt-cv-thumb-wrapper:not(.miniwrap) { width: 500px; }#pt-cv-view-f3ea7768rf .pt-cv-thumbnail:not(.pt-cv-thumbnailsm) { height: 350px; }#pt-cv-view-f3ea7768rf > .pt-cv-page {grid-template-columns: repeat(1, 1fr);grid-gap: 15px;}\n@media all and (max-width: 1024px) { \n#pt-cv-view-f3ea7768rf > .pt-cv-page {grid-template-columns: repeat(1, 1fr);}\n} \n@media all and (max-width: 767px) { \n#pt-cv-view-f3ea7768rf > .pt-cv-page {grid-template-columns: repeat(1, 1fr);}\n} <\/style>\r\n\t\t\t\t\t\t<style type=\"text\/css\" id=\"pt-cv-inline-style-4f1cb86xa4\">#pt-cv-view-f3ea7768rf .pt-cv-remain-wrapper { padding-top: 0px !important; padding-right: 0px !important; padding-bottom: 0px !important; padding-left: 0px !important; }\n#pt-cv-view-f3ea7768rf  .pt-cv-remain-wrapper   { background-color: #ffffff !important; border-width: 1px 1px 1px 1px !important; border-style: solid !important; border-color: #000000 !important; border-radius: 0px 0px 0px 0px !important; }\n#pt-cv-view-f3ea7768rf .pt-cv-taxoterm * { font-family: 'Open Sans', Arial, serif !important; font-size: 11px !important; line-height: 1.3 !important; color: #ffffff !important; background-color: #f9b339 !important; margin: 15px 0px 0px 15px !important; padding: 5px 5px 5px 5px !important; }\n#pt-cv-view-f3ea7768rf .pt-cv-title a, #pt-cv-view-f3ea7768rf  .panel-title { font-family: 'Open Sans', Arial, serif !important; font-size: 18px !important; line-height: 1.3 !important; color: #e86535 !important; font-weight: 600 !important; margin: 0px 0px 0px 5px !important; padding: 10px 10px 0px 10px !important; display: block !important; }\n#pt-cv-view-f3ea7768rf  .pt-cv-title a:hover, #pt-cv-view-f3ea7768rf  .panel-title:hover   { font-family: 'Open Sans', Arial, serif !important; font-size: 18px !important; line-height: 1.3 !important; color: #3724e5 !important; }\n#pt-cv-view-f3ea7768rf .pt-cv-content , #pt-cv-view-f3ea7768rf  .pt-cv-content *:not(.pt-cv-readmore):not(style):not(script) { font-family: 'Open Sans', Arial, serif !important; font-size: 13px !important; color: #000000 !important; text-transform: capitalize !important; line-height: 2 !important; margin: 0px 0px 0px 0px !important; padding: 10px 15px 10px 15px !important; }\n#pt-cv-view-f3ea7768rf .pt-cv-readmore  { color: #ffffff !important; background-color: #00aeef !important; }\n#pt-cv-view-f3ea7768rf .pt-cv-readmore:hover  { color: #ffffff !important; background-color: #00aeef !important; }\n#pt-cv-view-f3ea7768rf  + .pt-cv-pagination-wrapper .pt-cv-more , #pt-cv-view-f3ea7768rf  + .pt-cv-pagination-wrapper .pagination .active a, .pt-cv-pagination[data-sid='f3ea7768rf'] .active a { color: #ffffff !important; background-color: #00aeef !important; }\n#pt-cv-view-f3ea7768rf { text-align: justify; }<\/style>\r\n\t\t\t<link href='\/\/fonts.googleapis.com\/css?family=Open+Sans' rel='stylesheet' type='text\/css'>\n","protected":false},"excerpt":{"rendered":"<table class=\"rw-rating-table rw-ltr rw-left rw-no-labels\"><tr><td><nobr>&nbsp;<\/nobr><\/td><td><div class=\"rw-left\"><div class=\"rw-ui-container rw-class-blog-post rw-urid-193660\"><\/div><\/div><\/td><\/tr><\/table><p>&nbsp; Itinerario Salobrar de Campos Iniciamos la ruta en el agroturismo Sa Font Santa, sobre el km.8 de la carretera de Campos a la Colonia de Sant Jordi. Desde all\u00ed ya nos metemos de lleno en el Parque natural marit\u00edmo-terrestre&hellip; <\/p>\n","protected":false},"author":1,"featured_media":0,"parent":0,"menu_order":0,"comment_status":"closed","ping_status":"closed","template":"","meta":{"ngg_post_thumbnail":0,"footnotes":""},"class_list":["post-19365","page","type-page","status-publish","hentry"],"_links":{"self":[{"href":"https:\/\/trailrunningmallorca.es\/index.php\/wp-json\/wp\/v2\/pages\/19365","targetHints":{"allow":["GET"]}}],"collection":[{"href":"https:\/\/trailrunningmallorca.es\/index.php\/wp-json\/wp\/v2\/pages"}],"about":[{"href":"https:\/\/trailrunningmallorca.es\/index.php\/wp-json\/wp\/v2\/types\/page"}],"author":[{"embeddable":true,"href":"https:\/\/trailrunningmallorca.es\/index.php\/wp-json\/wp\/v2\/users\/1"}],"replies":[{"embeddable":true,"href":"https:\/\/trailrunningmallorca.es\/index.php\/wp-json\/wp\/v2\/comments?post=19365"}],"version-history":[{"count":0,"href":"https:\/\/trailrunningmallorca.es\/index.php\/wp-json\/wp\/v2\/pages\/19365\/revisions"}],"wp:attachment":[{"href":"https:\/\/trailrunningmallorca.es\/index.php\/wp-json\/wp\/v2\/media?parent=19365"}],"curies":[{"name":"wp","href":"https:\/\/api.w.org\/{rel}","templated":true}]}}