{"id":19322,"date":"2024-05-27T12:18:42","date_gmt":"2024-05-27T10:18:42","guid":{"rendered":"https:\/\/trailrunningmallorca.es\/?page_id=19322"},"modified":"2024-06-15T11:46:37","modified_gmt":"2024-06-15T09:46:37","slug":"rutas-selva","status":"publish","type":"page","link":"https:\/\/trailrunningmallorca.es\/index.php\/rutas-selva\/","title":{"rendered":"Rutas Selva"},"content":{"rendered":"<div class=\"pt-cv-wrapper\"><div class=\"pt-cv-view pt-cv-blockgrid iscvblock iscvhybrid list1 layout1 pt-cv-pgregular pt-cv-justify\" id=\"pt-cv-view-e445f78e83\"><div data-id=\"pt-cv-page-1\" class=\"pt-cv-page\" data-cvc=\"1\"><div class=\" pt-cv-content-item pt-cv-2-col\"  data-pid=\"3015\"><div class=\"pt-cv-thumb-wrapper pull-left \"><a href=\"https:\/\/trailrunningmallorca.es\/index.php\/2016\/10\/09\/cami-vell-de-lluc-ses-figueroles-y-binibona\/\" class=\"_self pt-cv-href-thumbnail pt-cv-thumb-left\" target=\"_self\" ><img loading=\"lazy\" decoding=\"async\" width=\"2000\" height=\"1124\" src=\"https:\/\/trailrunningmallorca.es\/wp-content\/uploads\/ngg_featured\/15_6058.jpg\" class=\"pt-cv-thumbnail img-none pull-left\" alt=\"Cam\u00ed Vell de Lluc, Ses Figueroles y Binibona\" \/><\/a><div class=\"pt-cv-taxoterm over_top_left\"><a href='https:\/\/trailrunningmallorca.es\/index.php\/category\/clasificacion-rutas\/rutas-por-distancia\/entre-15-km-y-20-km\/' title='Entre 15 km y 20 km' class='pt-cv-tax-entre-15-km-y-20-km'>Entre 15 km y 20 km<\/a><a href='https:\/\/trailrunningmallorca.es\/index.php\/category\/rutas-comarcas\/es-raiguer\/' title='Es Raiguer' class='pt-cv-tax-es-raiguer'>Es Raiguer<\/a><a href='https:\/\/trailrunningmallorca.es\/index.php\/category\/clasificacion-rutas\/rutas-por-dificultad\/moderado\/' title='Moderado' class='pt-cv-tax-moderado'>Moderado<\/a><a href='https:\/\/trailrunningmallorca.es\/index.php\/category\/rutas-comarcas\/es-raiguer\/selva\/' title='Selva' class='pt-cv-tax-selva'>Selva<\/a><\/div><\/div>\n<div class=\"pt-cv-colwrap\"><h4 class=\"pt-cv-title\"><a href=\"https:\/\/trailrunningmallorca.es\/index.php\/2016\/10\/09\/cami-vell-de-lluc-ses-figueroles-y-binibona\/\" class=\"_self\" target=\"_self\" >Cam\u00ed Vell de Lluc, Ses Figueroles y Binibona<\/a><\/h4><div class=\"pt-cv-content\">Interesant\u00edsima vuelta por el Cam\u00ed Vell de Lluc y el Vall de Alcanella. Accederemos al Cam\u00ed de ses Figueroles, un camino muy poco transitado y con una situaci\u00f3n privilegiada. El camino viejo hacia Binibona, es una pasada. Bonita y dura vuelta por parajes casi olvidados. Itinerario Caimari, Mirador de ses ...<br \/><div class=\"pt-cv-rmwrap\"><a href=\"https:\/\/trailrunningmallorca.es\/index.php\/2016\/10\/09\/cami-vell-de-lluc-ses-figueroles-y-binibona\/\" class=\"_self pt-cv-readmore btn btn-success\" target=\"_self\">Leer M\u00e1s<\/a><\/div><\/div><\/div><\/div>\n<div class=\" pt-cv-content-item pt-cv-2-col\"  data-pid=\"22083\"><div class=\"pt-cv-thumb-wrapper pull-left \"><a href=\"https:\/\/trailrunningmallorca.es\/index.php\/2026\/01\/07\/comellar-homo-fornassos\/\" class=\"_self pt-cv-href-thumbnail pt-cv-thumb-left\" target=\"_self\" ><img loading=\"lazy\" decoding=\"async\" width=\"2000\" height=\"1126\" src=\"https:\/\/trailrunningmallorca.es\/wp-content\/uploads\/2026\/01\/nggallery_import\/20250129_125125.jpeg\" class=\"pt-cv-thumbnail img-none pull-left\" alt=\"GR222 Caimari, Comellar de s&#039;Homo, Es Fornassos\" \/><\/a><div class=\"pt-cv-taxoterm over_top_left\"><a href='https:\/\/trailrunningmallorca.es\/index.php\/category\/clasificacion-rutas\/rutas-por-distancia\/entre-10-km-y-15-km\/' title='Entre 10 km y 15 km' class='pt-cv-tax-entre-10-km-y-15-km'>Entre 10 km y 15 km<\/a><a href='https:\/\/trailrunningmallorca.es\/index.php\/category\/rutas-comarcas\/es-raiguer\/' title='Es Raiguer' class='pt-cv-tax-es-raiguer'>Es Raiguer<\/a><a href='https:\/\/trailrunningmallorca.es\/index.php\/category\/clasificacion-rutas\/rutas-por-dificultad\/moderado\/' title='Moderado' class='pt-cv-tax-moderado'>Moderado<\/a><a href='https:\/\/trailrunningmallorca.es\/index.php\/category\/rutas-comarcas\/es-raiguer\/selva\/' title='Selva' class='pt-cv-tax-selva'>Selva<\/a><\/div><\/div>\n<div class=\"pt-cv-colwrap\"><h4 class=\"pt-cv-title\"><a href=\"https:\/\/trailrunningmallorca.es\/index.php\/2026\/01\/07\/comellar-homo-fornassos\/\" class=\"_self\" target=\"_self\" >GR222 Caimari, Comellar de s&#8217;Homo, Es Fornassos<\/a><\/h4><div class=\"pt-cv-content\">Este itinerario, aunque no suba a grandes alturas tiene mucho desnivel acumulado y es muy exigente. Empezamos en Selva y nos dirigimos hacia Caimari por el GR222, un tramo que no conoc\u00edamos. Seguimos por el cam\u00ed Vell de Lluc y nos desviamos por el Comellar de s'Homo, por antiguos camins ...<br \/><div class=\"pt-cv-rmwrap\"><a href=\"https:\/\/trailrunningmallorca.es\/index.php\/2026\/01\/07\/comellar-homo-fornassos\/\" class=\"_self pt-cv-readmore btn btn-success\" target=\"_self\">Leer M\u00e1s<\/a><\/div><\/div><\/div><\/div>\n<div class=\" pt-cv-content-item pt-cv-2-col\"  data-pid=\"15508\"><div class=\"pt-cv-thumb-wrapper pull-left \"><a href=\"https:\/\/trailrunningmallorca.es\/index.php\/2023\/06\/05\/ses-rotes\/\" class=\"_self pt-cv-href-thumbnail pt-cv-thumb-left\" target=\"_self\" ><img loading=\"lazy\" decoding=\"async\" width=\"2000\" height=\"1124\" src=\"https:\/\/trailrunningmallorca.es\/wp-content\/uploads\/2023\/06\/nggallery_import\/IMG_4698.jpeg\" class=\"pt-cv-thumbnail img-none pull-left\" alt=\"Pas de n&#039;Arbona, Ca&#039;n Bajoca, Ses Rotes\" \/><\/a><div class=\"pt-cv-taxoterm over_top_left\"><a href='https:\/\/trailrunningmallorca.es\/index.php\/category\/clasificacion-rutas\/rutas-por-distancia\/entre-15-km-y-20-km\/' title='Entre 15 km y 20 km' class='pt-cv-tax-entre-15-km-y-20-km'>Entre 15 km y 20 km<\/a><a href='https:\/\/trailrunningmallorca.es\/index.php\/category\/rutas-comarcas\/es-raiguer\/' title='Es Raiguer' class='pt-cv-tax-es-raiguer'>Es Raiguer<\/a><a href='https:\/\/trailrunningmallorca.es\/index.php\/category\/clasificacion-rutas\/rutas-por-dificultad\/moderado\/' title='Moderado' class='pt-cv-tax-moderado'>Moderado<\/a><a href='https:\/\/trailrunningmallorca.es\/index.php\/category\/rutas-comarcas\/es-raiguer\/selva\/' title='Selva' class='pt-cv-tax-selva'>Selva<\/a><\/div><\/div>\n<div class=\"pt-cv-colwrap\"><h4 class=\"pt-cv-title\"><a href=\"https:\/\/trailrunningmallorca.es\/index.php\/2023\/06\/05\/ses-rotes\/\" class=\"_self\" target=\"_self\" >Pas de n&#8217;Arbona, Ca&#8217;n Bajoca, Ses Rotes<\/a><\/h4><div class=\"pt-cv-content\">Nota importante : Conviene pedir permiso a la finca de Ses Rotes, hay una barrera de acceso a la finca, respetar siempre la propiedad privada. Esta vuelta es fant\u00e1stica, ya que unimos el cam\u00ed Vell de Lluc con el cam\u00ed de Mancor a Lluc, a trav\u00e9s del cam\u00ed de ses ...<br \/><div class=\"pt-cv-rmwrap\"><a href=\"https:\/\/trailrunningmallorca.es\/index.php\/2023\/06\/05\/ses-rotes\/\" class=\"_self pt-cv-readmore btn btn-success\" target=\"_self\">Leer M\u00e1s<\/a><\/div><\/div><\/div><\/div>\n<div class=\" pt-cv-content-item pt-cv-2-col\"  data-pid=\"4631\"><div class=\"pt-cv-thumb-wrapper pull-left \"><a href=\"https:\/\/trailrunningmallorca.es\/index.php\/2017\/09\/15\/puig-de-ali-pel-comellar-dels-horts-y-comellar-de-shomo\/\" class=\"_self pt-cv-href-thumbnail pt-cv-thumb-left\" target=\"_self\" ><img loading=\"lazy\" decoding=\"async\" width=\"2000\" height=\"1124\" src=\"https:\/\/trailrunningmallorca.es\/wp-content\/uploads\/ngg_featured\/21.jpeg\" class=\"pt-cv-thumbnail img-none pull-left\" alt=\"Puig de Al\u00ed pel Comellar dels Horts y Comellar de s&#039;Homo\" \/><\/a><div class=\"pt-cv-taxoterm over_top_left\"><a href='https:\/\/trailrunningmallorca.es\/index.php\/category\/clasificacion-rutas\/rutas-por-dificultad\/dificil\/' title='Dif\u00edcil' class='pt-cv-tax-dificil'>Dif\u00edcil<\/a><a href='https:\/\/trailrunningmallorca.es\/index.php\/category\/clasificacion-rutas\/rutas-por-distancia\/entre-10-km-y-15-km\/' title='Entre 10 km y 15 km' class='pt-cv-tax-entre-10-km-y-15-km'>Entre 10 km y 15 km<\/a><a href='https:\/\/trailrunningmallorca.es\/index.php\/category\/rutas-comarcas\/es-raiguer\/' title='Es Raiguer' class='pt-cv-tax-es-raiguer'>Es Raiguer<\/a><a href='https:\/\/trailrunningmallorca.es\/index.php\/category\/clasificacion-rutas\/rutas-de-senderismo\/' title='Rutas de senderismo' class='pt-cv-tax-rutas-de-senderismo'>Rutas de senderismo<\/a><a href='https:\/\/trailrunningmallorca.es\/index.php\/category\/rutas-comarcas\/es-raiguer\/selva\/' title='Selva' class='pt-cv-tax-selva'>Selva<\/a><\/div><\/div>\n<div class=\"pt-cv-colwrap\"><h4 class=\"pt-cv-title\"><a href=\"https:\/\/trailrunningmallorca.es\/index.php\/2017\/09\/15\/puig-de-ali-pel-comellar-dels-horts-y-comellar-de-shomo\/\" class=\"_self\" target=\"_self\" >Puig de Al\u00ed pel Comellar dels Horts y Comellar de s&#8217;Homo<\/a><\/h4><div class=\"pt-cv-content\">En esta gran vuelta, se visita una de las cimas m\u00e1s bonitas de la isla. El Puig de n'Al\u00ed, el cual lo ascendemos por el Comellar dels Horts, una subida intensa y muy interesante. Para regresar a Caimari, lo hacemos por el Pas de n'Arbona y nos desviamos por el ...<br \/><div class=\"pt-cv-rmwrap\"><a href=\"https:\/\/trailrunningmallorca.es\/index.php\/2017\/09\/15\/puig-de-ali-pel-comellar-dels-horts-y-comellar-de-shomo\/\" class=\"_self pt-cv-readmore btn btn-success\" target=\"_self\">Leer M\u00e1s<\/a><\/div><\/div><\/div><\/div>\n<div class=\" pt-cv-content-item pt-cv-2-col\"  data-pid=\"6789\"><div class=\"pt-cv-thumb-wrapper pull-left \"><a href=\"https:\/\/trailrunningmallorca.es\/index.php\/2019\/02\/18\/puig-escuder-2\/\" class=\"_self pt-cv-href-thumbnail pt-cv-thumb-left\" target=\"_self\" ><img loading=\"lazy\" decoding=\"async\" width=\"2000\" height=\"1500\" src=\"https:\/\/trailrunningmallorca.es\/wp-content\/uploads\/2019\/02\/2_06.jpeg\" class=\"pt-cv-thumbnail img-none pull-left\" alt=\"Puig de n&#039;Escuder\" \/><\/a><div class=\"pt-cv-taxoterm over_top_left\"><a href='https:\/\/trailrunningmallorca.es\/index.php\/category\/clasificacion-rutas\/rutas-por-dificultad\/dificil\/' title='Dif\u00edcil' class='pt-cv-tax-dificil'>Dif\u00edcil<\/a><a href='https:\/\/trailrunningmallorca.es\/index.php\/category\/rutas-comarcas\/es-raiguer\/' title='Es Raiguer' class='pt-cv-tax-es-raiguer'>Es Raiguer<\/a><a href='https:\/\/trailrunningmallorca.es\/index.php\/category\/clasificacion-rutas\/rutas-por-distancia\/menos-de-10-km\/' title='Menos de 10 Km' class='pt-cv-tax-menos-de-10-km'>Menos de 10 Km<\/a><a href='https:\/\/trailrunningmallorca.es\/index.php\/category\/clasificacion-rutas\/rutas-de-senderismo\/' title='Rutas de senderismo' class='pt-cv-tax-rutas-de-senderismo'>Rutas de senderismo<\/a><a href='https:\/\/trailrunningmallorca.es\/index.php\/category\/rutas-comarcas\/es-raiguer\/selva\/' title='Selva' class='pt-cv-tax-selva'>Selva<\/a><\/div><\/div>\n<div class=\"pt-cv-colwrap\"><h4 class=\"pt-cv-title\"><a href=\"https:\/\/trailrunningmallorca.es\/index.php\/2019\/02\/18\/puig-escuder-2\/\" class=\"_self\" target=\"_self\" >Puig de n&#8217;Escuder<\/a><\/h4><div class=\"pt-cv-content\">Ruta corta pero intensa, subiendo una modesta cima situada cerca de Caimari. El Puig de n'Escuder de 574 metros de altitud, a pesar de su corta altura, tiene unas vistas magn\u00edficas. Abstenerse hacer esta ruta, las personas con v\u00e9rtigo y no acostumbradas a ir a la monta\u00f1a. Itinerario Parking Caimari ...<br \/><div class=\"pt-cv-rmwrap\"><a href=\"https:\/\/trailrunningmallorca.es\/index.php\/2019\/02\/18\/puig-escuder-2\/\" class=\"_self pt-cv-readmore btn btn-success\" target=\"_self\">Leer M\u00e1s<\/a><\/div><\/div><\/div><\/div>\n<div class=\" pt-cv-content-item pt-cv-2-col\"  data-pid=\"9428\"><div class=\"pt-cv-thumb-wrapper pull-left \"><a href=\"https:\/\/trailrunningmallorca.es\/index.php\/2021\/08\/19\/albellons-herba-tendra\/\" class=\"_self pt-cv-href-thumbnail pt-cv-thumb-left\" target=\"_self\" ><img loading=\"lazy\" decoding=\"async\" width=\"1800\" height=\"1012\" src=\"https:\/\/trailrunningmallorca.es\/wp-content\/uploads\/2021\/08\/nggallery_import\/IMG_1304.jpeg\" class=\"pt-cv-thumbnail img-none pull-left\" alt=\"Puig dels Albellons y Pas de s&#039;Herba Tendra\" \/><\/a><div class=\"pt-cv-taxoterm over_top_left\"><a href='https:\/\/trailrunningmallorca.es\/index.php\/category\/clasificacion-rutas\/rutas-por-dificultad\/dificil\/' title='Dif\u00edcil' class='pt-cv-tax-dificil'>Dif\u00edcil<\/a><a href='https:\/\/trailrunningmallorca.es\/index.php\/category\/rutas-comarcas\/es-raiguer\/' title='Es Raiguer' class='pt-cv-tax-es-raiguer'>Es Raiguer<\/a><a href='https:\/\/trailrunningmallorca.es\/index.php\/category\/clasificacion-rutas\/rutas-por-distancia\/menos-de-10-km\/' title='Menos de 10 Km' class='pt-cv-tax-menos-de-10-km'>Menos de 10 Km<\/a><a href='https:\/\/trailrunningmallorca.es\/index.php\/category\/clasificacion-rutas\/rutas-de-senderismo\/' title='Rutas de senderismo' class='pt-cv-tax-rutas-de-senderismo'>Rutas de senderismo<\/a><a href='https:\/\/trailrunningmallorca.es\/index.php\/category\/rutas-comarcas\/es-raiguer\/selva\/' title='Selva' class='pt-cv-tax-selva'>Selva<\/a><\/div><\/div>\n<div class=\"pt-cv-colwrap\"><h4 class=\"pt-cv-title\"><a href=\"https:\/\/trailrunningmallorca.es\/index.php\/2021\/08\/19\/albellons-herba-tendra\/\" class=\"_self\" target=\"_self\" >Puig dels Albellons y Pas de s&#8217;Herba Tendra<\/a><\/h4><div class=\"pt-cv-content\">Fabulosa vuelta por la zona de Caimari, en la que coronaremos el Puig des Albellons, un fant\u00e1stico mirador hacia Caimari y por la vertiente del Puig de n'Escuder, iremos en busca de un bonito paso, el Pas de s'Herba Tendra. Itinerario Caimari Carrer Es Castellet Penya de s'Alqueria Plana de ...<br \/><div class=\"pt-cv-rmwrap\"><a href=\"https:\/\/trailrunningmallorca.es\/index.php\/2021\/08\/19\/albellons-herba-tendra\/\" class=\"_self pt-cv-readmore btn btn-success\" target=\"_self\">Leer M\u00e1s<\/a><\/div><\/div><\/div><\/div>\n<div class=\" pt-cv-content-item pt-cv-2-col\"  data-pid=\"1082\"><div class=\"pt-cv-thumb-wrapper pull-left \"><a href=\"https:\/\/trailrunningmallorca.es\/index.php\/2016\/01\/11\/vuelta-a-la-moleta-de-binifaldo-desde-caimari\/\" class=\"_self pt-cv-href-thumbnail pt-cv-thumb-left\" target=\"_self\" ><img loading=\"lazy\" decoding=\"async\" width=\"1275\" height=\"715\" src=\"https:\/\/trailrunningmallorca.es\/wp-content\/uploads\/2016\/01\/binifaldo.png\" class=\"pt-cv-thumbnail img-none pull-left\" alt=\"Vuelta a la Moleta de Binifald\u00f3 desde Caimari\" \/><\/a><div class=\"pt-cv-taxoterm over_top_left\"><a href='https:\/\/trailrunningmallorca.es\/index.php\/category\/clasificacion-rutas\/rutas-por-distancia\/entre-20-km-y-25-km\/' title='Entre 20 km y 25 km' class='pt-cv-tax-entre-20-km-y-25-km'>Entre 20 km y 25 km<\/a><a href='https:\/\/trailrunningmallorca.es\/index.php\/category\/rutas-comarcas\/es-raiguer\/' title='Es Raiguer' class='pt-cv-tax-es-raiguer'>Es Raiguer<\/a><a href='https:\/\/trailrunningmallorca.es\/index.php\/category\/clasificacion-rutas\/rutas-por-dificultad\/moderado\/' title='Moderado' class='pt-cv-tax-moderado'>Moderado<\/a><a href='https:\/\/trailrunningmallorca.es\/index.php\/category\/rutas-comarcas\/es-raiguer\/selva\/' title='Selva' class='pt-cv-tax-selva'>Selva<\/a><\/div><\/div>\n<div class=\"pt-cv-colwrap\"><h4 class=\"pt-cv-title\"><a href=\"https:\/\/trailrunningmallorca.es\/index.php\/2016\/01\/11\/vuelta-a-la-moleta-de-binifaldo-desde-caimari\/\" class=\"_self\" target=\"_self\" >Vuelta a la Moleta de Binifald\u00f3 desde Caimari<\/a><\/h4><div class=\"pt-cv-content\">Una de las vueltas m\u00e1s bonitas de Tramuntana, adem\u00e1s esta larga ruta se inicia en Caimari, subiendo por el precioso cam\u00ed vell de Lluc. Un fant\u00e1stico itinerario con impresionantes paisajes c\u00e1rsticos, bosques de encinas y pinos y elementos etnogr\u00e1ficos fruto del duro trabajo de nuestros abuelos en el bosque. Itinerario ...<br \/><div class=\"pt-cv-rmwrap\"><a href=\"https:\/\/trailrunningmallorca.es\/index.php\/2016\/01\/11\/vuelta-a-la-moleta-de-binifaldo-desde-caimari\/\" class=\"_self pt-cv-readmore btn btn-success\" target=\"_self\">Leer M\u00e1s<\/a><\/div><\/div><\/div><\/div><\/div><\/div><\/div>\t\t\t<style type=\"text\/css\" id=\"pt-cv-inline-style-cc1f2fcawn\">\n#pt-cv-view-e445f78e83 .pt-cv-thumb-wrapper:not(.miniwrap) { width: 450px; }#pt-cv-view-e445f78e83 .pt-cv-thumbnail:not(.pt-cv-thumbnailsm) { height: 250px; }#pt-cv-view-e445f78e83 > .pt-cv-page {grid-template-columns: repeat(1, 1fr);grid-gap: 15px;}\n@media all and (max-width: 1024px) { \n#pt-cv-view-e445f78e83 > .pt-cv-page {grid-template-columns: repeat(1, 1fr);}\n} \n@media all and (max-width: 767px) { \n#pt-cv-view-e445f78e83 > .pt-cv-page {grid-template-columns: repeat(1, 1fr);}\n} <\/style>\r\n\t\t\t\t\t\t<style type=\"text\/css\" id=\"pt-cv-inline-style-bac39e61u7\">#pt-cv-view-e445f78e83 .pt-cv-content-item { padding-top: 0px !important; padding-right: 0px !important; padding-bottom: 0px !important; padding-left: 0px !important; }\n#pt-cv-view-e445f78e83  .pt-cv-content-item   { background-color: #ffffff !important; border-width: 1px 1px 1px 1px !important; border-style: none !important; border-radius: 0px 0px 0px 0px !important; }\n#pt-cv-view-e445f78e83 .pt-cv-taxoterm * { font-family: 'Open Sans', Arial, serif !important; font-size: 11px !important; line-height: 1.3 !important; color: #000000 !important; background-color: #efefef !important; margin: 2px 5px 0px 0px !important; padding: 5px 5px 5px 5px !important; }\n#pt-cv-view-e445f78e83 .pt-cv-title a, #pt-cv-view-e445f78e83  .panel-title { font-family: 'Open Sans', Arial, serif !important; font-size: 18px !important; line-height: 1.3 !important; color: #000000 !important; font-weight: 600 !important; padding: 3px 3px 3px 3px !important; display: block !important; }\n#pt-cv-view-e445f78e83  .pt-cv-title a:hover, #pt-cv-view-e445f78e83  .panel-title:hover   { font-family: 'Open Sans', Arial, serif !important; font-size: 18px !important; line-height: 1.3 !important; color: #3724e5 !important; }\n#pt-cv-view-e445f78e83 .pt-cv-content , #pt-cv-view-e445f78e83  .pt-cv-content *:not(.pt-cv-readmore):not(style):not(script) { font-family: 'Open Sans', Arial, serif !important; font-size: 13px !important; color: #000000 !important; text-transform: capitalize !important; line-height: 2 !important; padding: 5px 5px 5px 5px !important; }\n#pt-cv-view-e445f78e83 .pt-cv-readmore  { color: #ffffff !important; background-color: #00aeef !important; }\n#pt-cv-view-e445f78e83 .pt-cv-readmore:hover  { color: #ffffff !important; background-color: #00aeef !important; }\n#pt-cv-view-e445f78e83  + .pt-cv-pagination-wrapper .pt-cv-more , #pt-cv-view-e445f78e83  + .pt-cv-pagination-wrapper .pagination .active a, .pt-cv-pagination[data-sid='e445f78e83'] .active a { color: #ffffff !important; background-color: #00aeef !important; }\n#pt-cv-view-e445f78e83 { text-align: justify; }<\/style>\r\n\t\t\t<link href='\/\/fonts.googleapis.com\/css?family=Open+Sans' rel='stylesheet' type='text\/css'>\n","protected":false},"excerpt":{"rendered":"<table class=\"rw-rating-table rw-ltr rw-left rw-no-labels\"><tr><td><nobr>&nbsp;<\/nobr><\/td><td><div class=\"rw-left\"><div class=\"rw-ui-container rw-class-blog-post rw-urid-193230\"><\/div><\/div><\/td><\/tr><\/table><p>&nbsp; Itinerario El cam\u00ed vell de Lluc Una ruta muy larga, ya que se juntan dos rutas en una s\u00f3la. Por una parte se sube desde Caimari al Coll de sa Batalla por el&nbsp;cam\u00ed vell de Lluc y desde ese&hellip; <\/p>\n","protected":false},"author":1,"featured_media":0,"parent":0,"menu_order":0,"comment_status":"closed","ping_status":"closed","template":"","meta":{"ngg_post_thumbnail":0,"footnotes":""},"class_list":["post-19322","page","type-page","status-publish","hentry"],"_links":{"self":[{"href":"https:\/\/trailrunningmallorca.es\/index.php\/wp-json\/wp\/v2\/pages\/19322","targetHints":{"allow":["GET"]}}],"collection":[{"href":"https:\/\/trailrunningmallorca.es\/index.php\/wp-json\/wp\/v2\/pages"}],"about":[{"href":"https:\/\/trailrunningmallorca.es\/index.php\/wp-json\/wp\/v2\/types\/page"}],"author":[{"embeddable":true,"href":"https:\/\/trailrunningmallorca.es\/index.php\/wp-json\/wp\/v2\/users\/1"}],"replies":[{"embeddable":true,"href":"https:\/\/trailrunningmallorca.es\/index.php\/wp-json\/wp\/v2\/comments?post=19322"}],"version-history":[{"count":0,"href":"https:\/\/trailrunningmallorca.es\/index.php\/wp-json\/wp\/v2\/pages\/19322\/revisions"}],"wp:attachment":[{"href":"https:\/\/trailrunningmallorca.es\/index.php\/wp-json\/wp\/v2\/media?parent=19322"}],"curies":[{"name":"wp","href":"https:\/\/api.w.org\/{rel}","templated":true}]}}