{"id":19318,"date":"2024-05-27T12:16:33","date_gmt":"2024-05-27T10:16:33","guid":{"rendered":"https:\/\/trailrunningmallorca.es\/?page_id=19318"},"modified":"2024-06-15T11:46:16","modified_gmt":"2024-06-15T09:46:16","slug":"rutas-santa-maria","status":"publish","type":"page","link":"https:\/\/trailrunningmallorca.es\/index.php\/rutas-santa-maria\/","title":{"rendered":"Rutas Santa Mar\u00eda del Cam\u00ed"},"content":{"rendered":"<div class=\"pt-cv-wrapper\"><div class=\"pt-cv-view pt-cv-blockgrid iscvblock iscvhybrid list1 layout1 pt-cv-pgregular pt-cv-justify\" id=\"pt-cv-view-e83acbe0l7\"><div data-id=\"pt-cv-page-1\" class=\"pt-cv-page\" data-cvc=\"1\"><div class=\" pt-cv-content-item pt-cv-2-col\"  data-pid=\"1037\"><div class=\"pt-cv-thumb-wrapper pull-left \"><a href=\"https:\/\/trailrunningmallorca.es\/index.php\/2016\/01\/06\/cami-de-coanegra-cami-clot-des-guix-es-rafal-salt-des-freu\/\" class=\"_self pt-cv-href-thumbnail pt-cv-thumb-left\" target=\"_self\" ><img loading=\"lazy\" decoding=\"async\" width=\"1200\" height=\"674\" src=\"https:\/\/trailrunningmallorca.es\/wp-content\/uploads\/2016\/01\/cas-secretari.jpg\" class=\"pt-cv-thumbnail img-none pull-left\" alt=\"Cam\u00ed de Coanegra, Cam\u00ed Clot de&#039;s Guix, Es Rafal, Salt de&#039;s Freu\" \/><\/a><div class=\"pt-cv-taxoterm over_top_left\"><a href='https:\/\/trailrunningmallorca.es\/index.php\/category\/clasificacion-rutas\/rutas-por-distancia\/entre-10-km-y-15-km\/' title='Entre 10 km y 15 km' class='pt-cv-tax-entre-10-km-y-15-km'>Entre 10 km y 15 km<\/a><a href='https:\/\/trailrunningmallorca.es\/index.php\/category\/rutas-comarcas\/es-raiguer\/' title='Es Raiguer' class='pt-cv-tax-es-raiguer'>Es Raiguer<\/a><a href='https:\/\/trailrunningmallorca.es\/index.php\/category\/clasificacion-rutas\/rutas-por-dificultad\/moderado\/' title='Moderado' class='pt-cv-tax-moderado'>Moderado<\/a><a href='https:\/\/trailrunningmallorca.es\/index.php\/category\/rutas-comarcas\/es-raiguer\/santa-maria-del-cami\/' title='Santa Maria del Cam\u00ed' class='pt-cv-tax-santa-maria-del-cami'>Santa Maria del Cam\u00ed<\/a><\/div><\/div>\n<div class=\"pt-cv-colwrap\"><h4 class=\"pt-cv-title\"><a href=\"https:\/\/trailrunningmallorca.es\/index.php\/2016\/01\/06\/cami-de-coanegra-cami-clot-des-guix-es-rafal-salt-des-freu\/\" class=\"_self\" target=\"_self\" >Cam\u00ed de Coanegra, Cam\u00ed Clot de&#8217;s Guix, Es Rafal, Salt de&#8217;s Freu<\/a><\/h4><div class=\"pt-cv-content\">El Vall de Coanegra, es uno de los lugares m\u00e1s bonitos y m\u00e1gicos de Mallorca. Desde esa zona hay muchos caminos para elegir e ir a lugares como la Comuna de Bunyola, Orient o Alar\u00f3. El principal atractivo de la zona es el espectacular torrente de Coanegra, que durante una ...<br \/><div class=\"pt-cv-rmwrap\"><a href=\"https:\/\/trailrunningmallorca.es\/index.php\/2016\/01\/06\/cami-de-coanegra-cami-clot-des-guix-es-rafal-salt-des-freu\/\" class=\"_self pt-cv-readmore btn btn-success\" target=\"_self\">Leer M\u00e1s<\/a><\/div><\/div><\/div><\/div>\n<div class=\" pt-cv-content-item pt-cv-2-col\"  data-pid=\"16083\"><div class=\"pt-cv-thumb-wrapper pull-left \"><a href=\"https:\/\/trailrunningmallorca.es\/index.php\/2023\/08\/11\/pla-del-buc\/\" class=\"_self pt-cv-href-thumbnail pt-cv-thumb-left\" target=\"_self\" ><img loading=\"lazy\" decoding=\"async\" width=\"2000\" height=\"1124\" src=\"https:\/\/trailrunningmallorca.es\/wp-content\/uploads\/2023\/08\/nggallery_import\/IMG_5949.jpeg\" class=\"pt-cv-thumbnail img-none pull-left\" alt=\"El Pla del Buc, Puig de Santa Eugenia, Ses Coves\" \/><\/a><div class=\"pt-cv-taxoterm over_top_left\"><a href='https:\/\/trailrunningmallorca.es\/index.php\/category\/clasificacion-rutas\/rutas-por-distancia\/entre-15-km-y-20-km\/' title='Entre 15 km y 20 km' class='pt-cv-tax-entre-15-km-y-20-km'>Entre 15 km y 20 km<\/a><a href='https:\/\/trailrunningmallorca.es\/index.php\/category\/rutas-comarcas\/es-raiguer\/' title='Es Raiguer' class='pt-cv-tax-es-raiguer'>Es Raiguer<\/a><a href='https:\/\/trailrunningmallorca.es\/index.php\/category\/clasificacion-rutas\/rutas-por-dificultad\/facil\/' title='F\u00e1cil' class='pt-cv-tax-facil'>F\u00e1cil<\/a><a href='https:\/\/trailrunningmallorca.es\/index.php\/category\/rutas-comarcas\/es-raiguer\/santa-maria-del-cami\/' title='Santa Maria del Cam\u00ed' class='pt-cv-tax-santa-maria-del-cami'>Santa Maria del Cam\u00ed<\/a><\/div><\/div>\n<div class=\"pt-cv-colwrap\"><h4 class=\"pt-cv-title\"><a href=\"https:\/\/trailrunningmallorca.es\/index.php\/2023\/08\/11\/pla-del-buc\/\" class=\"_self\" target=\"_self\" >El Pla del Buc, Puig de Santa Eugenia, Ses Coves<\/a><\/h4><div class=\"pt-cv-content\">Una vuelta perfecta para correr, en la que combinamos antiguos caminos de tierra del Pla del Buc, en el t\u00e9rmino de Santa Maria y el Puig de Santa Eugenia, una cima modesta pero con vistas espectaculares, una atalaya hacia Tramuntana. Regresamos a Santa Mar\u00eda por Ses Coves y entrando de ...<br \/><div class=\"pt-cv-rmwrap\"><a href=\"https:\/\/trailrunningmallorca.es\/index.php\/2023\/08\/11\/pla-del-buc\/\" class=\"_self pt-cv-readmore btn btn-success\" target=\"_self\">Leer M\u00e1s<\/a><\/div><\/div><\/div><\/div>\n<div class=\" pt-cv-content-item pt-cv-2-col\"  data-pid=\"8336\"><div class=\"pt-cv-thumb-wrapper pull-left \"><a href=\"https:\/\/trailrunningmallorca.es\/index.php\/2020\/03\/18\/pas-can-morro\/\" class=\"_self pt-cv-href-thumbnail pt-cv-thumb-left\" target=\"_self\" ><img loading=\"lazy\" decoding=\"async\" width=\"2000\" height=\"1500\" src=\"https:\/\/trailrunningmallorca.es\/wp-content\/uploads\/2020\/03\/13.jpeg\" class=\"pt-cv-thumbnail img-none pull-left\" alt=\"Pas de Ca&#039;n Morro (Comuna de Bunyola y Vall de Coanegra)\" \/><\/a><div class=\"pt-cv-taxoterm over_top_left\"><a href='https:\/\/trailrunningmallorca.es\/index.php\/category\/clasificacion-rutas\/rutas-por-distancia\/entre-15-km-y-20-km\/' title='Entre 15 km y 20 km' class='pt-cv-tax-entre-15-km-y-20-km'>Entre 15 km y 20 km<\/a><a href='https:\/\/trailrunningmallorca.es\/index.php\/category\/rutas-comarcas\/es-raiguer\/' title='Es Raiguer' class='pt-cv-tax-es-raiguer'>Es Raiguer<\/a><a href='https:\/\/trailrunningmallorca.es\/index.php\/category\/clasificacion-rutas\/rutas-por-dificultad\/moderado\/' title='Moderado' class='pt-cv-tax-moderado'>Moderado<\/a><a href='https:\/\/trailrunningmallorca.es\/index.php\/category\/rutas-comarcas\/es-raiguer\/santa-maria-del-cami\/' title='Santa Maria del Cam\u00ed' class='pt-cv-tax-santa-maria-del-cami'>Santa Maria del Cam\u00ed<\/a><\/div><\/div>\n<div class=\"pt-cv-colwrap\"><h4 class=\"pt-cv-title\"><a href=\"https:\/\/trailrunningmallorca.es\/index.php\/2020\/03\/18\/pas-can-morro\/\" class=\"_self\" target=\"_self\" >Pas de Ca&#8217;n Morro (Comuna de Bunyola y Vall de Coanegra)<\/a><\/h4><div class=\"pt-cv-content\">Esta ruta se ha complicado mucho desde la borrasca Juliette de Marzo de 2.023. El tramo que comunica la Comuna de Bunyola con el Sant des Freu, pasando por el Pas de Ca'n Morro es intransitable, no aconsejo pasar por all\u00ed. Damos otra vuelta de tuerca a la zona de ...<br \/><div class=\"pt-cv-rmwrap\"><a href=\"https:\/\/trailrunningmallorca.es\/index.php\/2020\/03\/18\/pas-can-morro\/\" class=\"_self pt-cv-readmore btn btn-success\" target=\"_self\">Leer M\u00e1s<\/a><\/div><\/div><\/div><\/div><\/div><\/div><\/div>\t\t\t<style type=\"text\/css\" id=\"pt-cv-inline-style-da96c2al9i\">\n#pt-cv-view-e83acbe0l7 .pt-cv-thumb-wrapper:not(.miniwrap) { width: 450px; }#pt-cv-view-e83acbe0l7 .pt-cv-thumbnail:not(.pt-cv-thumbnailsm) { height: 250px; }#pt-cv-view-e83acbe0l7 > .pt-cv-page {grid-template-columns: repeat(1, 1fr);grid-gap: 15px;}\n@media all and (max-width: 1024px) { \n#pt-cv-view-e83acbe0l7 > .pt-cv-page {grid-template-columns: repeat(1, 1fr);}\n} \n@media all and (max-width: 767px) { \n#pt-cv-view-e83acbe0l7 > .pt-cv-page {grid-template-columns: repeat(1, 1fr);}\n} <\/style>\r\n\t\t\t\t\t\t<style type=\"text\/css\" id=\"pt-cv-inline-style-e5163e605t\">#pt-cv-view-e83acbe0l7 .pt-cv-content-item { padding-top: 0px !important; padding-right: 0px !important; padding-bottom: 0px !important; padding-left: 0px !important; }\n#pt-cv-view-e83acbe0l7  .pt-cv-content-item   { background-color: #ffffff !important; border-width: 1px 1px 1px 1px !important; border-style: none !important; border-radius: 0px 0px 0px 0px !important; }\n#pt-cv-view-e83acbe0l7 .pt-cv-taxoterm * { font-family: 'Open Sans', Arial, serif !important; font-size: 11px !important; line-height: 1.3 !important; color: #000000 !important; background-color: #efefef !important; margin: 2px 5px 0px 0px !important; padding: 5px 5px 5px 5px !important; }\n#pt-cv-view-e83acbe0l7 .pt-cv-title a, #pt-cv-view-e83acbe0l7  .panel-title { font-family: 'Open Sans', Arial, serif !important; font-size: 18px !important; line-height: 1.3 !important; color: #000000 !important; font-weight: 600 !important; padding: 3px 3px 3px 3px !important; display: block !important; }\n#pt-cv-view-e83acbe0l7  .pt-cv-title a:hover, #pt-cv-view-e83acbe0l7  .panel-title:hover   { font-family: 'Open Sans', Arial, serif !important; font-size: 18px !important; line-height: 1.3 !important; color: #3724e5 !important; }\n#pt-cv-view-e83acbe0l7 .pt-cv-content , #pt-cv-view-e83acbe0l7  .pt-cv-content *:not(.pt-cv-readmore):not(style):not(script) { font-family: 'Open Sans', Arial, serif !important; font-size: 13px !important; color: #000000 !important; text-transform: capitalize !important; line-height: 2 !important; padding: 5px 5px 5px 5px !important; }\n#pt-cv-view-e83acbe0l7 .pt-cv-readmore  { color: #ffffff !important; background-color: #00aeef !important; }\n#pt-cv-view-e83acbe0l7 .pt-cv-readmore:hover  { color: #ffffff !important; background-color: #00aeef !important; }\n#pt-cv-view-e83acbe0l7  + .pt-cv-pagination-wrapper .pt-cv-more , #pt-cv-view-e83acbe0l7  + .pt-cv-pagination-wrapper .pagination .active a, .pt-cv-pagination[data-sid='e83acbe0l7'] .active a { color: #ffffff !important; background-color: #00aeef !important; }\n#pt-cv-view-e83acbe0l7 { text-align: justify; }<\/style>\r\n\t\t\t<link href='\/\/fonts.googleapis.com\/css?family=Open+Sans' rel='stylesheet' type='text\/css'>\n","protected":false},"excerpt":{"rendered":"<table class=\"rw-rating-table rw-ltr rw-left rw-no-labels\"><tr><td><nobr>&nbsp;<\/nobr><\/td><td><div class=\"rw-left\"><div class=\"rw-ui-container rw-class-blog-post rw-urid-193190\"><\/div><\/div><\/td><\/tr><\/table><p>&nbsp; Esta ruta se ha complicado mucho desde la borrasca Juliette de Marzo de 2.023. El tramo que comunica la Comuna de Bunyola con el Sant des Freu, pasando por el Pas de Ca&#8217;n Morro es intransitable, no aconsejo pasar&hellip; <\/p>\n","protected":false},"author":1,"featured_media":0,"parent":0,"menu_order":0,"comment_status":"closed","ping_status":"closed","template":"","meta":{"ngg_post_thumbnail":0,"footnotes":""},"class_list":["post-19318","page","type-page","status-publish","hentry"],"_links":{"self":[{"href":"https:\/\/trailrunningmallorca.es\/index.php\/wp-json\/wp\/v2\/pages\/19318","targetHints":{"allow":["GET"]}}],"collection":[{"href":"https:\/\/trailrunningmallorca.es\/index.php\/wp-json\/wp\/v2\/pages"}],"about":[{"href":"https:\/\/trailrunningmallorca.es\/index.php\/wp-json\/wp\/v2\/types\/page"}],"author":[{"embeddable":true,"href":"https:\/\/trailrunningmallorca.es\/index.php\/wp-json\/wp\/v2\/users\/1"}],"replies":[{"embeddable":true,"href":"https:\/\/trailrunningmallorca.es\/index.php\/wp-json\/wp\/v2\/comments?post=19318"}],"version-history":[{"count":0,"href":"https:\/\/trailrunningmallorca.es\/index.php\/wp-json\/wp\/v2\/pages\/19318\/revisions"}],"wp:attachment":[{"href":"https:\/\/trailrunningmallorca.es\/index.php\/wp-json\/wp\/v2\/media?parent=19318"}],"curies":[{"name":"wp","href":"https:\/\/api.w.org\/{rel}","templated":true}]}}