{"id":19316,"date":"2024-05-27T12:15:19","date_gmt":"2024-05-27T10:15:19","guid":{"rendered":"https:\/\/trailrunningmallorca.es\/?page_id=19316"},"modified":"2024-06-15T11:07:43","modified_gmt":"2024-06-15T09:07:43","slug":"rutas-marratxi","status":"publish","type":"page","link":"https:\/\/trailrunningmallorca.es\/index.php\/rutas-marratxi\/","title":{"rendered":"Rutas Marratx\u00ed"},"content":{"rendered":"<div class=\"pt-cv-wrapper\"><div class=\"pt-cv-view pt-cv-blockgrid iscvblock iscvhybrid list1 layout1 pt-cv-pgregular pt-cv-justify\" id=\"pt-cv-view-7b8d66c49m\"><div data-id=\"pt-cv-page-1\" class=\"pt-cv-page\" data-cvc=\"1\"><div class=\" pt-cv-content-item pt-cv-2-col\"  data-pid=\"15233\"><div class=\"pt-cv-thumb-wrapper pull-left \"><a href=\"https:\/\/trailrunningmallorca.es\/index.php\/2023\/05\/23\/ruta-verde-2\/\" class=\"_self pt-cv-href-thumbnail pt-cv-thumb-left\" target=\"_self\" ><img loading=\"lazy\" decoding=\"async\" width=\"1376\" height=\"972\" src=\"https:\/\/trailrunningmallorca.es\/wp-content\/uploads\/2023\/05\/ruta-verda2.jpg\" class=\"pt-cv-thumbnail img-none pull-left\" alt=\"Marratx\u00ed - Ruta verde n\u00famero 2 (Sa Cimentera)\" \/><\/a><div class=\"pt-cv-taxoterm over_top_left\"><a href='https:\/\/trailrunningmallorca.es\/index.php\/category\/rutas-comarcas\/es-raiguer\/' title='Es Raiguer' class='pt-cv-tax-es-raiguer'>Es Raiguer<\/a><a href='https:\/\/trailrunningmallorca.es\/index.php\/category\/clasificacion-rutas\/rutas-por-dificultad\/facil\/' title='F\u00e1cil' class='pt-cv-tax-facil'>F\u00e1cil<\/a><a href='https:\/\/trailrunningmallorca.es\/index.php\/category\/rutas-comarcas\/es-raiguer\/marratxi\/' title='Marratx\u00ed' class='pt-cv-tax-marratxi'>Marratx\u00ed<\/a><a href='https:\/\/trailrunningmallorca.es\/index.php\/category\/clasificacion-rutas\/rutas-por-distancia\/menos-de-10-km\/' title='Menos de 10 Km' class='pt-cv-tax-menos-de-10-km'>Menos de 10 Km<\/a><\/div><\/div>\n<div class=\"pt-cv-colwrap\"><h4 class=\"pt-cv-title\"><a href=\"https:\/\/trailrunningmallorca.es\/index.php\/2023\/05\/23\/ruta-verde-2\/\" class=\"_self\" target=\"_self\" >Marratx\u00ed &#8211; Ruta verde n\u00famero 2 (Sa Cimentera)<\/a><\/h4><div class=\"pt-cv-content\">Segunda ruta verde que publico por la zona de Marratx\u00ed, una vuelta corta pero muy interesante con poco asfalto y que adem\u00e1s he alargado unos metros para visitar la cima del Puig Blanc que, pese a su baja altura, ofrece unas vistas espectaculares. Y tambi\u00e9n, como visita recomendada son las ...<br \/><div class=\"pt-cv-rmwrap\"><a href=\"https:\/\/trailrunningmallorca.es\/index.php\/2023\/05\/23\/ruta-verde-2\/\" class=\"_self pt-cv-readmore btn btn-success\" target=\"_self\">Leer M\u00e1s<\/a><\/div><\/div><\/div><\/div>\n<div class=\" pt-cv-content-item pt-cv-2-col\"  data-pid=\"10218\"><div class=\"pt-cv-thumb-wrapper pull-left \"><a href=\"https:\/\/trailrunningmallorca.es\/index.php\/2021\/12\/31\/ruta-coanegra-1\/\" class=\"_self pt-cv-href-thumbnail pt-cv-thumb-left\" target=\"_self\" ><img loading=\"lazy\" decoding=\"async\" width=\"1800\" height=\"1012\" src=\"https:\/\/trailrunningmallorca.es\/wp-content\/uploads\/2021\/12\/nggallery_import\/IMG_2875.jpeg\" class=\"pt-cv-thumbnail img-none pull-left\" alt=\"Ruta Coanegra (Sa Nova Cabana, Son Maci\u00e0, Son Ramonell, Ses Cases Noves)\" \/><\/a><div class=\"pt-cv-taxoterm over_top_left\"><a href='https:\/\/trailrunningmallorca.es\/index.php\/category\/rutas-comarcas\/es-raiguer\/' title='Es Raiguer' class='pt-cv-tax-es-raiguer'>Es Raiguer<\/a><a href='https:\/\/trailrunningmallorca.es\/index.php\/category\/clasificacion-rutas\/rutas-por-dificultad\/facil\/' title='F\u00e1cil' class='pt-cv-tax-facil'>F\u00e1cil<\/a><a href='https:\/\/trailrunningmallorca.es\/index.php\/category\/rutas-comarcas\/es-raiguer\/marratxi\/' title='Marratx\u00ed' class='pt-cv-tax-marratxi'>Marratx\u00ed<\/a><a href='https:\/\/trailrunningmallorca.es\/index.php\/category\/clasificacion-rutas\/rutas-por-distancia\/menos-de-10-km\/' title='Menos de 10 Km' class='pt-cv-tax-menos-de-10-km'>Menos de 10 Km<\/a><\/div><\/div>\n<div class=\"pt-cv-colwrap\"><h4 class=\"pt-cv-title\"><a href=\"https:\/\/trailrunningmallorca.es\/index.php\/2021\/12\/31\/ruta-coanegra-1\/\" class=\"_self\" target=\"_self\" >Ruta Coanegra (Sa Nova Cabana, Son Maci\u00e0, Son Ramonell, Ses Cases Noves)<\/a><\/h4><div class=\"pt-cv-content\">Esta vuelta son unos 9'5 km, que dan una bonita vuelta, pasando por las urbanizaciones de Sa Nova Cabana, Son Maci\u00e0, Son Ramonell y Ses Cases Noves. Una buena parte de la ruta transcurre por la ruta Coanegra, unas de las rutas verdes del municipio de Marratx\u00ed. Itinerario Pont d'Inca ...<br \/><div class=\"pt-cv-rmwrap\"><a href=\"https:\/\/trailrunningmallorca.es\/index.php\/2021\/12\/31\/ruta-coanegra-1\/\" class=\"_self pt-cv-readmore btn btn-success\" target=\"_self\">Leer M\u00e1s<\/a><\/div><\/div><\/div><\/div>\n<div class=\" pt-cv-content-item pt-cv-2-col\"  data-pid=\"17181\"><div class=\"pt-cv-thumb-wrapper pull-left \"><a href=\"https:\/\/trailrunningmallorca.es\/index.php\/2023\/10\/10\/caulls-son-sales\/\" class=\"_self pt-cv-href-thumbnail pt-cv-thumb-left\" target=\"_self\" ><img loading=\"lazy\" decoding=\"async\" width=\"2000\" height=\"1126\" src=\"https:\/\/trailrunningmallorca.es\/wp-content\/uploads\/2023\/10\/nggallery_import\/22.jpg\" class=\"pt-cv-thumbnail img-none pull-left\" alt=\"Vuelta Es Caulls, Es Garrovers, Son Sales\" \/><\/a><div class=\"pt-cv-taxoterm over_top_left\"><a href='https:\/\/trailrunningmallorca.es\/index.php\/category\/rutas-comarcas\/es-raiguer\/' title='Es Raiguer' class='pt-cv-tax-es-raiguer'>Es Raiguer<\/a><a href='https:\/\/trailrunningmallorca.es\/index.php\/category\/clasificacion-rutas\/rutas-por-dificultad\/facil\/' title='F\u00e1cil' class='pt-cv-tax-facil'>F\u00e1cil<\/a><a href='https:\/\/trailrunningmallorca.es\/index.php\/category\/rutas-comarcas\/es-raiguer\/marratxi\/' title='Marratx\u00ed' class='pt-cv-tax-marratxi'>Marratx\u00ed<\/a><a href='https:\/\/trailrunningmallorca.es\/index.php\/category\/clasificacion-rutas\/rutas-por-distancia\/menos-de-10-km\/' title='Menos de 10 Km' class='pt-cv-tax-menos-de-10-km'>Menos de 10 Km<\/a><\/div><\/div>\n<div class=\"pt-cv-colwrap\"><h4 class=\"pt-cv-title\"><a href=\"https:\/\/trailrunningmallorca.es\/index.php\/2023\/10\/10\/caulls-son-sales\/\" class=\"_self\" target=\"_self\" >Vuelta Es Caulls, Es Garrovers, Son Sales<\/a><\/h4><div class=\"pt-cv-content\">Aviso importante : Puede haber alg\u00fan problema de paso, en general toda la vuelta se hace sin complicaciones. Leer la descripci\u00f3n de la ruta para conocer los detalles. Respetar la finca privada. Otra vuelta preciosa por el t\u00e9rmino municipal de Marratx\u00ed, mi preferida de esta zona hasta la fecha, adem\u00e1s ...<br \/><div class=\"pt-cv-rmwrap\"><a href=\"https:\/\/trailrunningmallorca.es\/index.php\/2023\/10\/10\/caulls-son-sales\/\" class=\"_self pt-cv-readmore btn btn-success\" target=\"_self\">Leer M\u00e1s<\/a><\/div><\/div><\/div><\/div><\/div><\/div><\/div>\t\t\t<style type=\"text\/css\" id=\"pt-cv-inline-style-a05c31dgtn\">\n#pt-cv-view-7b8d66c49m .pt-cv-thumb-wrapper:not(.miniwrap) { width: 450px; }#pt-cv-view-7b8d66c49m .pt-cv-thumbnail:not(.pt-cv-thumbnailsm) { height: 250px; }#pt-cv-view-7b8d66c49m > .pt-cv-page {grid-template-columns: repeat(1, 1fr);grid-gap: 15px;}\n@media all and (max-width: 1024px) { \n#pt-cv-view-7b8d66c49m > .pt-cv-page {grid-template-columns: repeat(1, 1fr);}\n} \n@media all and (max-width: 767px) { \n#pt-cv-view-7b8d66c49m > .pt-cv-page {grid-template-columns: repeat(1, 1fr);}\n} <\/style>\r\n\t\t\t\t\t\t<style type=\"text\/css\" id=\"pt-cv-inline-style-1f80773hqp\">#pt-cv-view-7b8d66c49m .pt-cv-content-item { padding-top: 0px !important; padding-right: 0px !important; padding-bottom: 0px !important; padding-left: 0px !important; }\n#pt-cv-view-7b8d66c49m  .pt-cv-content-item   { background-color: #ffffff !important; border-width: 1px 1px 1px 1px !important; border-style: none !important; border-radius: 0px 0px 0px 0px !important; }\n#pt-cv-view-7b8d66c49m .pt-cv-taxoterm * { font-family: 'Open Sans', Arial, serif !important; font-size: 11px !important; line-height: 1.3 !important; color: #000000 !important; background-color: #efefef !important; margin: 2px 5px 0px 0px !important; padding: 5px 5px 5px 5px !important; }\n#pt-cv-view-7b8d66c49m .pt-cv-title a, #pt-cv-view-7b8d66c49m  .panel-title { font-family: 'Open Sans', Arial, serif !important; font-size: 18px !important; line-height: 1.3 !important; color: #000000 !important; font-weight: 600 !important; padding: 3px 3px 3px 3px !important; display: block !important; }\n#pt-cv-view-7b8d66c49m  .pt-cv-title a:hover, #pt-cv-view-7b8d66c49m  .panel-title:hover   { font-family: 'Open Sans', Arial, serif !important; font-size: 18px !important; line-height: 1.3 !important; color: #3724e5 !important; }\n#pt-cv-view-7b8d66c49m .pt-cv-content , #pt-cv-view-7b8d66c49m  .pt-cv-content *:not(.pt-cv-readmore):not(style):not(script) { font-family: 'Open Sans', Arial, serif !important; font-size: 13px !important; color: #000000 !important; text-transform: capitalize !important; line-height: 2 !important; padding: 5px 5px 5px 5px !important; }\n#pt-cv-view-7b8d66c49m .pt-cv-readmore  { color: #ffffff !important; background-color: #00aeef !important; }\n#pt-cv-view-7b8d66c49m .pt-cv-readmore:hover  { color: #ffffff !important; background-color: #00aeef !important; }\n#pt-cv-view-7b8d66c49m  + .pt-cv-pagination-wrapper .pt-cv-more , #pt-cv-view-7b8d66c49m  + .pt-cv-pagination-wrapper .pagination .active a, .pt-cv-pagination[data-sid='7b8d66c49m'] .active a { color: #ffffff !important; background-color: #00aeef !important; }\n#pt-cv-view-7b8d66c49m { text-align: justify; }<\/style>\r\n\t\t\t<link href='\/\/fonts.googleapis.com\/css?family=Open+Sans' rel='stylesheet' type='text\/css'>\n","protected":false},"excerpt":{"rendered":"<table class=\"rw-rating-table rw-ltr rw-left rw-no-labels\"><tr><td><nobr>&nbsp;<\/nobr><\/td><td><div class=\"rw-left\"><div class=\"rw-ui-container rw-class-blog-post rw-urid-193170\"><\/div><\/div><\/td><\/tr><\/table><p>&nbsp; Aviso importante : Puede haber alg\u00fan problema de paso, en general toda la vuelta se hace sin complicaciones. Leer la descripci\u00f3n de la ruta para conocer los detalles. Respetar la finca privada. Itinerario L a ruta arranca en el&hellip; <\/p>\n","protected":false},"author":1,"featured_media":0,"parent":0,"menu_order":0,"comment_status":"closed","ping_status":"closed","template":"","meta":{"ngg_post_thumbnail":0,"footnotes":""},"class_list":["post-19316","page","type-page","status-publish","hentry"],"_links":{"self":[{"href":"https:\/\/trailrunningmallorca.es\/index.php\/wp-json\/wp\/v2\/pages\/19316","targetHints":{"allow":["GET"]}}],"collection":[{"href":"https:\/\/trailrunningmallorca.es\/index.php\/wp-json\/wp\/v2\/pages"}],"about":[{"href":"https:\/\/trailrunningmallorca.es\/index.php\/wp-json\/wp\/v2\/types\/page"}],"author":[{"embeddable":true,"href":"https:\/\/trailrunningmallorca.es\/index.php\/wp-json\/wp\/v2\/users\/1"}],"replies":[{"embeddable":true,"href":"https:\/\/trailrunningmallorca.es\/index.php\/wp-json\/wp\/v2\/comments?post=19316"}],"version-history":[{"count":0,"href":"https:\/\/trailrunningmallorca.es\/index.php\/wp-json\/wp\/v2\/pages\/19316\/revisions"}],"wp:attachment":[{"href":"https:\/\/trailrunningmallorca.es\/index.php\/wp-json\/wp\/v2\/media?parent=19316"}],"curies":[{"name":"wp","href":"https:\/\/api.w.org\/{rel}","templated":true}]}}