{"id":19314,"date":"2024-05-27T12:14:15","date_gmt":"2024-05-27T10:14:15","guid":{"rendered":"https:\/\/trailrunningmallorca.es\/?page_id=19314"},"modified":"2024-06-15T11:06:59","modified_gmt":"2024-06-15T09:06:59","slug":"rutas-lloseta","status":"publish","type":"page","link":"https:\/\/trailrunningmallorca.es\/index.php\/rutas-lloseta\/","title":{"rendered":"Rutas Lloseta"},"content":{"rendered":"<div class=\"pt-cv-wrapper\"><div class=\"pt-cv-view pt-cv-blockgrid iscvblock iscvhybrid list1 layout1 pt-cv-pgregular pt-cv-justify\" id=\"pt-cv-view-4e29b200hc\"><div data-id=\"pt-cv-page-1\" class=\"pt-cv-page\" data-cvc=\"1\"><div class=\" pt-cv-content-item pt-cv-2-col\"  data-pid=\"10152\"><div class=\"pt-cv-thumb-wrapper pull-left \"><a href=\"https:\/\/trailrunningmallorca.es\/index.php\/2021\/12\/11\/lloseta-comuna-biniamar\/\" class=\"_self pt-cv-href-thumbnail pt-cv-thumb-left\" target=\"_self\" ><img loading=\"lazy\" decoding=\"async\" width=\"1800\" height=\"1350\" src=\"https:\/\/trailrunningmallorca.es\/wp-content\/uploads\/2021\/12\/nggallery_import\/IMG_1665.jpeg\" class=\"pt-cv-thumbnail img-none pull-left\" alt=\"Caminos rurales de Lloseta y Comuna de Biniamar\" \/><\/a><div class=\"pt-cv-taxoterm over_top_left\"><a href='https:\/\/trailrunningmallorca.es\/index.php\/category\/clasificacion-rutas\/rutas-por-distancia\/entre-10-km-y-15-km\/' title='Entre 10 km y 15 km' class='pt-cv-tax-entre-10-km-y-15-km'>Entre 10 km y 15 km<\/a><a href='https:\/\/trailrunningmallorca.es\/index.php\/category\/rutas-comarcas\/es-raiguer\/' title='Es Raiguer' class='pt-cv-tax-es-raiguer'>Es Raiguer<\/a><a href='https:\/\/trailrunningmallorca.es\/index.php\/category\/rutas-comarcas\/es-raiguer\/lloseta\/' title='Lloseta' class='pt-cv-tax-lloseta'>Lloseta<\/a><a href='https:\/\/trailrunningmallorca.es\/index.php\/category\/clasificacion-rutas\/rutas-por-dificultad\/moderado\/' title='Moderado' class='pt-cv-tax-moderado'>Moderado<\/a><\/div><\/div>\n<div class=\"pt-cv-colwrap\"><h4 class=\"pt-cv-title\"><a href=\"https:\/\/trailrunningmallorca.es\/index.php\/2021\/12\/11\/lloseta-comuna-biniamar\/\" class=\"_self\" target=\"_self\" >Caminos rurales de Lloseta y Comuna de Biniamar<\/a><\/h4><div class=\"pt-cv-content\">Ruta por el Raiguer de Mallorca, muy buena vuelta para correr, en la que se combinan pistas de tierra alrededor del municipio de Lloseta y la subida a la Comuna de Biniamar. No tiene ning\u00fan problema t\u00e9cnico, lo que si no se conoce la zona, hay que llevar GPS ya ...<br \/><div class=\"pt-cv-rmwrap\"><a href=\"https:\/\/trailrunningmallorca.es\/index.php\/2021\/12\/11\/lloseta-comuna-biniamar\/\" class=\"_self pt-cv-readmore btn btn-success\" target=\"_self\">Leer M\u00e1s<\/a><\/div><\/div><\/div><\/div>\n<div class=\" pt-cv-content-item pt-cv-2-col\"  data-pid=\"4689\"><div class=\"pt-cv-thumb-wrapper pull-left \"><a href=\"https:\/\/trailrunningmallorca.es\/index.php\/2017\/11\/06\/lloseta-mancor-y-comuna-de-biniamar\/\" class=\"_self pt-cv-href-thumbnail pt-cv-thumb-left\" target=\"_self\" ><img loading=\"lazy\" decoding=\"async\" width=\"2000\" height=\"1124\" src=\"https:\/\/trailrunningmallorca.es\/wp-content\/uploads\/ngg_featured\/05.jpeg\" class=\"pt-cv-thumbnail img-none pull-left\" alt=\"Lloseta, Mancor y Comuna de Biniamar\" \/><\/a><div class=\"pt-cv-taxoterm over_top_left\"><a href='https:\/\/trailrunningmallorca.es\/index.php\/category\/clasificacion-rutas\/rutas-por-distancia\/entre-15-km-y-20-km\/' title='Entre 15 km y 20 km' class='pt-cv-tax-entre-15-km-y-20-km'>Entre 15 km y 20 km<\/a><a href='https:\/\/trailrunningmallorca.es\/index.php\/category\/rutas-comarcas\/es-raiguer\/' title='Es Raiguer' class='pt-cv-tax-es-raiguer'>Es Raiguer<\/a><a href='https:\/\/trailrunningmallorca.es\/index.php\/category\/rutas-comarcas\/es-raiguer\/lloseta\/' title='Lloseta' class='pt-cv-tax-lloseta'>Lloseta<\/a><a href='https:\/\/trailrunningmallorca.es\/index.php\/category\/clasificacion-rutas\/rutas-por-dificultad\/moderado\/' title='Moderado' class='pt-cv-tax-moderado'>Moderado<\/a><\/div><\/div>\n<div class=\"pt-cv-colwrap\"><h4 class=\"pt-cv-title\"><a href=\"https:\/\/trailrunningmallorca.es\/index.php\/2017\/11\/06\/lloseta-mancor-y-comuna-de-biniamar\/\" class=\"_self\" target=\"_self\" >Lloseta, Mancor y Comuna de Biniamar<\/a><\/h4><div class=\"pt-cv-content\">AVISO IMPORTANTE: El acceso a la finca de s'Estorell Vell est\u00e1 cerrado, el propietario ha vallado toda la finca. Vuelta larga y muy bonita por el transitaremos por antiguos caminos catalogados que comunican Lloseta y Mancor, regresando a Lloseta por la Comuna de Biniamar. Una ruta muy completa y que ...<br \/><div class=\"pt-cv-rmwrap\"><a href=\"https:\/\/trailrunningmallorca.es\/index.php\/2017\/11\/06\/lloseta-mancor-y-comuna-de-biniamar\/\" class=\"_self pt-cv-readmore btn btn-success\" target=\"_self\">Leer M\u00e1s<\/a><\/div><\/div><\/div><\/div>\n<div class=\" pt-cv-content-item pt-cv-2-col\"  data-pid=\"9363\"><div class=\"pt-cv-thumb-wrapper pull-left \"><a href=\"https:\/\/trailrunningmallorca.es\/index.php\/2021\/08\/13\/pas-ginebrissa-romana\/\" class=\"_self pt-cv-href-thumbnail pt-cv-thumb-left\" target=\"_self\" ><img loading=\"lazy\" decoding=\"async\" width=\"1800\" height=\"1350\" src=\"https:\/\/trailrunningmallorca.es\/wp-content\/uploads\/2021\/08\/nggallery_import\/IMG_1133.jpeg\" class=\"pt-cv-thumbnail img-none pull-left\" alt=\"Pas de Ca\u00e7adors, Pas de sa Ginebrissa i Pas de sa Romana\" \/><\/a><div class=\"pt-cv-taxoterm over_top_left\"><a href='https:\/\/trailrunningmallorca.es\/index.php\/category\/clasificacion-rutas\/rutas-por-dificultad\/dificil\/' title='Dif\u00edcil' class='pt-cv-tax-dificil'>Dif\u00edcil<\/a><a href='https:\/\/trailrunningmallorca.es\/index.php\/category\/clasificacion-rutas\/rutas-por-distancia\/entre-15-km-y-20-km\/' title='Entre 15 km y 20 km' class='pt-cv-tax-entre-15-km-y-20-km'>Entre 15 km y 20 km<\/a><a href='https:\/\/trailrunningmallorca.es\/index.php\/category\/rutas-comarcas\/es-raiguer\/' title='Es Raiguer' class='pt-cv-tax-es-raiguer'>Es Raiguer<\/a><a href='https:\/\/trailrunningmallorca.es\/index.php\/category\/rutas-comarcas\/es-raiguer\/lloseta\/' title='Lloseta' class='pt-cv-tax-lloseta'>Lloseta<\/a><a href='https:\/\/trailrunningmallorca.es\/index.php\/category\/clasificacion-rutas\/rutas-de-senderismo\/' title='Rutas de senderismo' class='pt-cv-tax-rutas-de-senderismo'>Rutas de senderismo<\/a><\/div><\/div>\n<div class=\"pt-cv-colwrap\"><h4 class=\"pt-cv-title\"><a href=\"https:\/\/trailrunningmallorca.es\/index.php\/2021\/08\/13\/pas-ginebrissa-romana\/\" class=\"_self\" target=\"_self\" >Pas de Ca\u00e7adors, Pas de sa Ginebrissa i Pas de sa Romana<\/a><\/h4><div class=\"pt-cv-content\">Magn\u00edfica y colosal excursi\u00f3n al alcance s\u00f3lo para personas acostumbradas a caminar muchas horas por monta\u00f1a y por terrenos complicados. Hacemos tres magn\u00edficos pasos por la zona de la Serra d'Am\u00f3s y la Serra de C\u00faber. Itinerario Aparcamiento Son Ordines GR-221 Tossals Verds Pas de's Ca\u00e7adors Casa de sa Rota ...<br \/><div class=\"pt-cv-rmwrap\"><a href=\"https:\/\/trailrunningmallorca.es\/index.php\/2021\/08\/13\/pas-ginebrissa-romana\/\" class=\"_self pt-cv-readmore btn btn-success\" target=\"_self\">Leer M\u00e1s<\/a><\/div><\/div><\/div><\/div>\n<div class=\" pt-cv-content-item pt-cv-2-col\"  data-pid=\"4667\"><div class=\"pt-cv-thumb-wrapper pull-left \"><a href=\"https:\/\/trailrunningmallorca.es\/index.php\/2017\/10\/16\/puig-dalcadena-y-cova-de-salfabia\/\" class=\"_self pt-cv-href-thumbnail pt-cv-thumb-left\" target=\"_self\" ><img loading=\"lazy\" decoding=\"async\" width=\"3196\" height=\"2160\" src=\"https:\/\/trailrunningmallorca.es\/wp-content\/uploads\/2017\/10\/Puig-Alcadena.jpg\" class=\"pt-cv-thumbnail img-none pull-left\" alt=\"Puig d&#039;Alcadena y Cova de s&#039;Alf\u00e0bia desde Lloseta\" \/><\/a><div class=\"pt-cv-taxoterm over_top_left\"><a href='https:\/\/trailrunningmallorca.es\/index.php\/category\/clasificacion-rutas\/rutas-por-dificultad\/dificil\/' title='Dif\u00edcil' class='pt-cv-tax-dificil'>Dif\u00edcil<\/a><a href='https:\/\/trailrunningmallorca.es\/index.php\/category\/clasificacion-rutas\/rutas-por-distancia\/entre-15-km-y-20-km\/' title='Entre 15 km y 20 km' class='pt-cv-tax-entre-15-km-y-20-km'>Entre 15 km y 20 km<\/a><a href='https:\/\/trailrunningmallorca.es\/index.php\/category\/rutas-comarcas\/es-raiguer\/' title='Es Raiguer' class='pt-cv-tax-es-raiguer'>Es Raiguer<\/a><a href='https:\/\/trailrunningmallorca.es\/index.php\/category\/rutas-comarcas\/es-raiguer\/lloseta\/' title='Lloseta' class='pt-cv-tax-lloseta'>Lloseta<\/a><a href='https:\/\/trailrunningmallorca.es\/index.php\/category\/clasificacion-rutas\/rutas-de-senderismo\/' title='Rutas de senderismo' class='pt-cv-tax-rutas-de-senderismo'>Rutas de senderismo<\/a><\/div><\/div>\n<div class=\"pt-cv-colwrap\"><h4 class=\"pt-cv-title\"><a href=\"https:\/\/trailrunningmallorca.es\/index.php\/2017\/10\/16\/puig-dalcadena-y-cova-de-salfabia\/\" class=\"_self\" target=\"_self\" >Puig d&#8217;Alcadena y Cova de s&#8217;Alf\u00e0bia desde Lloseta<\/a><\/h4><div class=\"pt-cv-content\">AVISO IMPORTANTE: La barrera de acceso al Puig d'Alcadena est\u00e1 cerrada. El propietario de la finca de Alcadena la ha cerrado. El Puig de Alcadena es una monta\u00f1a muy especial y rodeada de leyendas populares. Es la hermana gemela del Puig de Alar\u00f3, siendo dos de las siluetas m\u00e1s car\u00e1cter\u00edsticas ...<br \/><div class=\"pt-cv-rmwrap\"><a href=\"https:\/\/trailrunningmallorca.es\/index.php\/2017\/10\/16\/puig-dalcadena-y-cova-de-salfabia\/\" class=\"_self pt-cv-readmore btn btn-success\" target=\"_self\">Leer M\u00e1s<\/a><\/div><\/div><\/div><\/div>\n<div class=\" pt-cv-content-item pt-cv-2-col\"  data-pid=\"16873\"><div class=\"pt-cv-thumb-wrapper pull-left \"><a href=\"https:\/\/trailrunningmallorca.es\/index.php\/2023\/09\/17\/puig-tossals-verds\/\" class=\"_self pt-cv-href-thumbnail pt-cv-thumb-left\" target=\"_self\" ><img loading=\"lazy\" decoding=\"async\" width=\"2000\" height=\"924\" src=\"https:\/\/trailrunningmallorca.es\/wp-content\/uploads\/2023\/09\/nggallery_import\/20230418_160156.jpg\" class=\"pt-cv-thumbnail img-none pull-left\" alt=\"Puig Tossals Verds por Ses Capelletes y Coma des Coc\u00f3 des Voltor\" \/><\/a><div class=\"pt-cv-taxoterm over_top_left\"><a href='https:\/\/trailrunningmallorca.es\/index.php\/category\/clasificacion-rutas\/rutas-por-dificultad\/dificil\/' title='Dif\u00edcil' class='pt-cv-tax-dificil'>Dif\u00edcil<\/a><a href='https:\/\/trailrunningmallorca.es\/index.php\/category\/clasificacion-rutas\/rutas-por-distancia\/entre-20-km-y-25-km\/' title='Entre 20 km y 25 km' class='pt-cv-tax-entre-20-km-y-25-km'>Entre 20 km y 25 km<\/a><a href='https:\/\/trailrunningmallorca.es\/index.php\/category\/rutas-comarcas\/es-raiguer\/' title='Es Raiguer' class='pt-cv-tax-es-raiguer'>Es Raiguer<\/a><a href='https:\/\/trailrunningmallorca.es\/index.php\/category\/rutas-comarcas\/es-raiguer\/lloseta\/' title='Lloseta' class='pt-cv-tax-lloseta'>Lloseta<\/a><a href='https:\/\/trailrunningmallorca.es\/index.php\/category\/clasificacion-rutas\/rutas-de-senderismo\/' title='Rutas de senderismo' class='pt-cv-tax-rutas-de-senderismo'>Rutas de senderismo<\/a><\/div><\/div>\n<div class=\"pt-cv-colwrap\"><h4 class=\"pt-cv-title\"><a href=\"https:\/\/trailrunningmallorca.es\/index.php\/2023\/09\/17\/puig-tossals-verds\/\" class=\"_self\" target=\"_self\" >Puig Tossals Verds por Ses Capelletes y Coma des Coc\u00f3 des Voltor<\/a><\/h4><div class=\"pt-cv-content\">Ruta de alto nivel en todos los aspectos, tanto de dificultad t\u00e9cnica, de orientaci\u00f3n y paisaj\u00edstica. En la primera parte, hacemos una subida directa hacia Tossals Verds, por una variante cerca del Puig de la Senyora Coloma, sin camino y muy invadido de vegetaci\u00f3n. En la segunda parte, ascendemos al ...<br \/><div class=\"pt-cv-rmwrap\"><a href=\"https:\/\/trailrunningmallorca.es\/index.php\/2023\/09\/17\/puig-tossals-verds\/\" class=\"_self pt-cv-readmore btn btn-success\" target=\"_self\">Leer M\u00e1s<\/a><\/div><\/div><\/div><\/div><\/div><\/div><\/div>\t\t\t<style type=\"text\/css\" id=\"pt-cv-inline-style-2de1ec8vkg\">\n#pt-cv-view-4e29b200hc .pt-cv-thumb-wrapper:not(.miniwrap) { width: 450px; }#pt-cv-view-4e29b200hc .pt-cv-thumbnail:not(.pt-cv-thumbnailsm) { height: 250px; }#pt-cv-view-4e29b200hc > .pt-cv-page {grid-template-columns: repeat(1, 1fr);grid-gap: 15px;}\n@media all and (max-width: 1024px) { \n#pt-cv-view-4e29b200hc > .pt-cv-page {grid-template-columns: repeat(1, 1fr);}\n} \n@media all and (max-width: 767px) { \n#pt-cv-view-4e29b200hc > .pt-cv-page {grid-template-columns: repeat(1, 1fr);}\n} <\/style>\r\n\t\t\t\t\t\t<style type=\"text\/css\" id=\"pt-cv-inline-style-d950c35yed\">#pt-cv-view-4e29b200hc .pt-cv-content-item { padding-top: 0px !important; padding-right: 0px !important; padding-bottom: 0px !important; padding-left: 0px !important; }\n#pt-cv-view-4e29b200hc  .pt-cv-content-item   { background-color: #ffffff !important; border-width: 1px 1px 1px 1px !important; border-style: none !important; border-radius: 0px 0px 0px 0px !important; }\n#pt-cv-view-4e29b200hc .pt-cv-taxoterm * { font-family: 'Open Sans', Arial, serif !important; font-size: 11px !important; line-height: 1.3 !important; color: #000000 !important; background-color: #efefef !important; margin: 2px 5px 0px 0px !important; padding: 5px 5px 5px 5px !important; }\n#pt-cv-view-4e29b200hc .pt-cv-title a, #pt-cv-view-4e29b200hc  .panel-title { font-family: 'Open Sans', Arial, serif !important; font-size: 18px !important; line-height: 1.3 !important; color: #000000 !important; font-weight: 600 !important; padding: 3px 3px 3px 3px !important; display: block !important; }\n#pt-cv-view-4e29b200hc  .pt-cv-title a:hover, #pt-cv-view-4e29b200hc  .panel-title:hover   { font-family: 'Open Sans', Arial, serif !important; font-size: 18px !important; line-height: 1.3 !important; color: #3724e5 !important; }\n#pt-cv-view-4e29b200hc .pt-cv-content , #pt-cv-view-4e29b200hc  .pt-cv-content *:not(.pt-cv-readmore):not(style):not(script) { font-family: 'Open Sans', Arial, serif !important; font-size: 13px !important; color: #000000 !important; text-transform: capitalize !important; line-height: 2 !important; padding: 5px 5px 5px 5px !important; }\n#pt-cv-view-4e29b200hc .pt-cv-readmore  { color: #ffffff !important; background-color: #00aeef !important; }\n#pt-cv-view-4e29b200hc .pt-cv-readmore:hover  { color: #ffffff !important; background-color: #00aeef !important; }\n#pt-cv-view-4e29b200hc  + .pt-cv-pagination-wrapper .pt-cv-more , #pt-cv-view-4e29b200hc  + .pt-cv-pagination-wrapper .pagination .active a, .pt-cv-pagination[data-sid='4e29b200hc'] .active a { color: #ffffff !important; background-color: #00aeef !important; }\n#pt-cv-view-4e29b200hc { text-align: justify; }<\/style>\r\n\t\t\t<link href='\/\/fonts.googleapis.com\/css?family=Open+Sans' rel='stylesheet' type='text\/css'>\n","protected":false},"excerpt":{"rendered":"<table class=\"rw-rating-table rw-ltr rw-left rw-no-labels\"><tr><td><nobr>&nbsp;<\/nobr><\/td><td><div class=\"rw-left\"><div class=\"rw-ui-container rw-class-blog-post rw-urid-193150\"><\/div><\/div><\/td><\/tr><\/table><p>&nbsp; Itinerario L a ruta se inicia en el municipio de Lloseta, en el cam\u00ed de Almadr\u00e0, aparcamos cerca de la planta de Emaya y empezamos a caminar por la ancha pista en muy mal estado para ir en coche&hellip; <\/p>\n","protected":false},"author":1,"featured_media":0,"parent":0,"menu_order":0,"comment_status":"closed","ping_status":"closed","template":"","meta":{"ngg_post_thumbnail":0,"footnotes":""},"class_list":["post-19314","page","type-page","status-publish","hentry"],"_links":{"self":[{"href":"https:\/\/trailrunningmallorca.es\/index.php\/wp-json\/wp\/v2\/pages\/19314","targetHints":{"allow":["GET"]}}],"collection":[{"href":"https:\/\/trailrunningmallorca.es\/index.php\/wp-json\/wp\/v2\/pages"}],"about":[{"href":"https:\/\/trailrunningmallorca.es\/index.php\/wp-json\/wp\/v2\/types\/page"}],"author":[{"embeddable":true,"href":"https:\/\/trailrunningmallorca.es\/index.php\/wp-json\/wp\/v2\/users\/1"}],"replies":[{"embeddable":true,"href":"https:\/\/trailrunningmallorca.es\/index.php\/wp-json\/wp\/v2\/comments?post=19314"}],"version-history":[{"count":0,"href":"https:\/\/trailrunningmallorca.es\/index.php\/wp-json\/wp\/v2\/pages\/19314\/revisions"}],"wp:attachment":[{"href":"https:\/\/trailrunningmallorca.es\/index.php\/wp-json\/wp\/v2\/media?parent=19314"}],"curies":[{"name":"wp","href":"https:\/\/api.w.org\/{rel}","templated":true}]}}