{"id":19312,"date":"2024-05-27T12:13:11","date_gmt":"2024-05-27T10:13:11","guid":{"rendered":"https:\/\/trailrunningmallorca.es\/?page_id=19312"},"modified":"2024-06-15T11:06:33","modified_gmt":"2024-06-15T09:06:33","slug":"rutas-inca","status":"publish","type":"page","link":"https:\/\/trailrunningmallorca.es\/index.php\/rutas-inca\/","title":{"rendered":"Rutas Inca"},"content":{"rendered":"<div class=\"pt-cv-wrapper\"><div class=\"pt-cv-view pt-cv-blockgrid iscvblock iscvhybrid list1 layout1 pt-cv-pgregular pt-cv-justify\" id=\"pt-cv-view-4ad7402wy1\"><div data-id=\"pt-cv-page-1\" class=\"pt-cv-page\" data-cvc=\"1\"><div class=\" pt-cv-content-item pt-cv-2-col\"  data-pid=\"14283\"><div class=\"pt-cv-thumb-wrapper pull-left \"><a href=\"https:\/\/trailrunningmallorca.es\/index.php\/2023\/04\/14\/puig-santa-magdalena\/\" class=\"_self pt-cv-href-thumbnail pt-cv-thumb-left\" target=\"_self\" ><img loading=\"lazy\" decoding=\"async\" width=\"1720\" height=\"1215\" src=\"https:\/\/trailrunningmallorca.es\/wp-content\/uploads\/2023\/04\/Puig-Santa-Magdalena.jpg\" class=\"pt-cv-thumbnail img-none pull-left\" alt=\"Puig de Santa Magdalena\" \/><\/a><div class=\"pt-cv-taxoterm over_top_left\"><a href='https:\/\/trailrunningmallorca.es\/index.php\/category\/clasificacion-rutas\/rutas-por-distancia\/entre-10-km-y-15-km\/' title='Entre 10 km y 15 km' class='pt-cv-tax-entre-10-km-y-15-km'>Entre 10 km y 15 km<\/a><a href='https:\/\/trailrunningmallorca.es\/index.php\/category\/rutas-comarcas\/es-raiguer\/' title='Es Raiguer' class='pt-cv-tax-es-raiguer'>Es Raiguer<\/a><a href='https:\/\/trailrunningmallorca.es\/index.php\/category\/rutas-comarcas\/es-raiguer\/inca\/' title='Inca' class='pt-cv-tax-inca'>Inca<\/a><a href='https:\/\/trailrunningmallorca.es\/index.php\/category\/clasificacion-rutas\/rutas-por-dificultad\/moderado\/' title='Moderado' class='pt-cv-tax-moderado'>Moderado<\/a><\/div><\/div>\n<div class=\"pt-cv-colwrap\"><h4 class=\"pt-cv-title\"><a href=\"https:\/\/trailrunningmallorca.es\/index.php\/2023\/04\/14\/puig-santa-magdalena\/\" class=\"_self\" target=\"_self\" >Puig de Santa Magdalena<\/a><\/h4><div class=\"pt-cv-content\">Una cota de las m\u00e1s interesantes de la isla, pese a su baja altura con unas excelentes vistas de la Serra y el Pla de Mallorca. Por una parte visitaremos la Ermita de Santa Magdalena, uno de los templos m\u00e1s antiguos de la isla y por otra parte, la cima ...<br \/><div class=\"pt-cv-rmwrap\"><a href=\"https:\/\/trailrunningmallorca.es\/index.php\/2023\/04\/14\/puig-santa-magdalena\/\" class=\"_self pt-cv-readmore btn btn-success\" target=\"_self\">Leer M\u00e1s<\/a><\/div><\/div><\/div><\/div><\/div><\/div><\/div>\t\t\t<style type=\"text\/css\" id=\"pt-cv-inline-style-8b49b94b8c\">\n#pt-cv-view-4ad7402wy1 .pt-cv-thumb-wrapper:not(.miniwrap) { width: 450px; }#pt-cv-view-4ad7402wy1 .pt-cv-thumbnail:not(.pt-cv-thumbnailsm) { height: 250px; }#pt-cv-view-4ad7402wy1 > .pt-cv-page {grid-template-columns: repeat(1, 1fr);grid-gap: 15px;}\n@media all and (max-width: 1024px) { \n#pt-cv-view-4ad7402wy1 > .pt-cv-page {grid-template-columns: repeat(1, 1fr);}\n} \n@media all and (max-width: 767px) { \n#pt-cv-view-4ad7402wy1 > .pt-cv-page {grid-template-columns: repeat(1, 1fr);}\n} <\/style>\r\n\t\t\t\t\t\t<style type=\"text\/css\" id=\"pt-cv-inline-style-2c35dd4hf6\">#pt-cv-view-4ad7402wy1 .pt-cv-content-item { padding-top: 0px !important; padding-right: 0px !important; padding-bottom: 0px !important; padding-left: 0px !important; }\n#pt-cv-view-4ad7402wy1  .pt-cv-content-item   { background-color: #ffffff !important; border-width: 1px 1px 1px 1px !important; border-style: none !important; border-radius: 0px 0px 0px 0px !important; }\n#pt-cv-view-4ad7402wy1 .pt-cv-taxoterm * { font-family: 'Open Sans', Arial, serif !important; font-size: 11px !important; line-height: 1.3 !important; color: #000000 !important; background-color: #efefef !important; margin: 2px 5px 0px 0px !important; padding: 5px 5px 5px 5px !important; }\n#pt-cv-view-4ad7402wy1 .pt-cv-title a, #pt-cv-view-4ad7402wy1  .panel-title { font-family: 'Open Sans', Arial, serif !important; font-size: 18px !important; line-height: 1.3 !important; color: #000000 !important; font-weight: 600 !important; padding: 3px 3px 3px 3px !important; display: block !important; }\n#pt-cv-view-4ad7402wy1  .pt-cv-title a:hover, #pt-cv-view-4ad7402wy1  .panel-title:hover   { font-family: 'Open Sans', Arial, serif !important; font-size: 18px !important; line-height: 1.3 !important; color: #3724e5 !important; }\n#pt-cv-view-4ad7402wy1 .pt-cv-content , #pt-cv-view-4ad7402wy1  .pt-cv-content *:not(.pt-cv-readmore):not(style):not(script) { font-family: 'Open Sans', Arial, serif !important; font-size: 13px !important; color: #000000 !important; text-transform: capitalize !important; line-height: 2 !important; padding: 5px 5px 5px 5px !important; }\n#pt-cv-view-4ad7402wy1 .pt-cv-readmore  { color: #ffffff !important; background-color: #00aeef !important; }\n#pt-cv-view-4ad7402wy1 .pt-cv-readmore:hover  { color: #ffffff !important; background-color: #00aeef !important; }\n#pt-cv-view-4ad7402wy1  + .pt-cv-pagination-wrapper .pt-cv-more , #pt-cv-view-4ad7402wy1  + .pt-cv-pagination-wrapper .pagination .active a, .pt-cv-pagination[data-sid='4ad7402wy1'] .active a { color: #ffffff !important; background-color: #00aeef !important; }\n#pt-cv-view-4ad7402wy1 { text-align: justify; }<\/style>\r\n\t\t\t<link href='\/\/fonts.googleapis.com\/css?family=Open+Sans' rel='stylesheet' type='text\/css'>\n","protected":false},"excerpt":{"rendered":"<table class=\"rw-rating-table rw-ltr rw-left rw-no-labels\"><tr><td><nobr>&nbsp;<\/nobr><\/td><td><div class=\"rw-left\"><div class=\"rw-ui-container rw-class-blog-post rw-urid-193130\"><\/div><\/div><\/td><\/tr><\/table><p>&nbsp; Itinerario L a ruta se inicia en Inca, en la Avenida Reyes Cat\u00f3licos, pasamos por un almac\u00e9n de recogida de desechos y reciclaje y cogemos en cam\u00ed Vell de Santa Magdalena. Un poco m\u00e1s adelante, atravesamos la autopista de&hellip; <\/p>\n","protected":false},"author":1,"featured_media":0,"parent":0,"menu_order":0,"comment_status":"closed","ping_status":"closed","template":"","meta":{"ngg_post_thumbnail":0,"footnotes":""},"class_list":["post-19312","page","type-page","status-publish","hentry"],"_links":{"self":[{"href":"https:\/\/trailrunningmallorca.es\/index.php\/wp-json\/wp\/v2\/pages\/19312","targetHints":{"allow":["GET"]}}],"collection":[{"href":"https:\/\/trailrunningmallorca.es\/index.php\/wp-json\/wp\/v2\/pages"}],"about":[{"href":"https:\/\/trailrunningmallorca.es\/index.php\/wp-json\/wp\/v2\/types\/page"}],"author":[{"embeddable":true,"href":"https:\/\/trailrunningmallorca.es\/index.php\/wp-json\/wp\/v2\/users\/1"}],"replies":[{"embeddable":true,"href":"https:\/\/trailrunningmallorca.es\/index.php\/wp-json\/wp\/v2\/comments?post=19312"}],"version-history":[{"count":0,"href":"https:\/\/trailrunningmallorca.es\/index.php\/wp-json\/wp\/v2\/pages\/19312\/revisions"}],"wp:attachment":[{"href":"https:\/\/trailrunningmallorca.es\/index.php\/wp-json\/wp\/v2\/media?parent=19312"}],"curies":[{"name":"wp","href":"https:\/\/api.w.org\/{rel}","templated":true}]}}