{"id":19304,"date":"2024-05-27T10:22:12","date_gmt":"2024-05-27T08:22:12","guid":{"rendered":"https:\/\/trailrunningmallorca.es\/?page_id=19304"},"modified":"2024-06-15T11:00:44","modified_gmt":"2024-06-15T09:00:44","slug":"rutas-alcudia","status":"publish","type":"page","link":"https:\/\/trailrunningmallorca.es\/index.php\/rutas-alcudia\/","title":{"rendered":"Rutas Alcudia"},"content":{"rendered":"<div class=\"pt-cv-wrapper\"><div class=\"pt-cv-view pt-cv-blockgrid iscvblock iscvhybrid list1 layout1 pt-cv-pgregular pt-cv-justify\" id=\"pt-cv-view-421039dm0q\"><div data-id=\"pt-cv-page-1\" class=\"pt-cv-page\" data-cvc=\"1\"><div class=\" pt-cv-content-item pt-cv-2-col\"  data-pid=\"12554\"><div class=\"pt-cv-thumb-wrapper pull-left \"><a href=\"https:\/\/trailrunningmallorca.es\/index.php\/2022\/11\/23\/cova-tancada\/\" class=\"_self pt-cv-href-thumbnail pt-cv-thumb-left\" target=\"_self\" ><img loading=\"lazy\" decoding=\"async\" width=\"2000\" height=\"1500\" src=\"https:\/\/trailrunningmallorca.es\/wp-content\/uploads\/2022\/11\/nggallery_import\/IMG_3801.jpeg\" class=\"pt-cv-thumbnail img-none pull-left\" alt=\"Alcanada, Cova Tancada de Menorca, Cam\u00ed des Coll Baix\" \/><\/a><div class=\"pt-cv-taxoterm over_top_left\"><a href='https:\/\/trailrunningmallorca.es\/index.php\/category\/rutas-comarcas\/es-raiguer\/trail-running-alcudia\/' title='Alcudia' class='pt-cv-tax-trail-running-alcudia'>Alcudia<\/a><a href='https:\/\/trailrunningmallorca.es\/index.php\/category\/clasificacion-rutas\/rutas-por-dificultad\/dificil\/' title='Dif\u00edcil' class='pt-cv-tax-dificil'>Dif\u00edcil<\/a><a href='https:\/\/trailrunningmallorca.es\/index.php\/category\/clasificacion-rutas\/rutas-por-distancia\/entre-15-km-y-20-km\/' title='Entre 15 km y 20 km' class='pt-cv-tax-entre-15-km-y-20-km'>Entre 15 km y 20 km<\/a><a href='https:\/\/trailrunningmallorca.es\/index.php\/category\/rutas-comarcas\/es-raiguer\/' title='Es Raiguer' class='pt-cv-tax-es-raiguer'>Es Raiguer<\/a><\/div><\/div>\n<div class=\"pt-cv-colwrap\"><h4 class=\"pt-cv-title\"><a href=\"https:\/\/trailrunningmallorca.es\/index.php\/2022\/11\/23\/cova-tancada\/\" class=\"_self\" target=\"_self\" >Alcanada, Cova Tancada de Menorca, Cam\u00ed des Coll Baix<\/a><\/h4><div class=\"pt-cv-content\">Una ruta preciosa por la costa de Alc\u00fadia y Alcanada cuya protagonista es la visita a la cova tancada del Cap de Menorca, una cueva cuyo acceso no es f\u00e1cil, aunque la visita vale la pena. Itinerario Alcanada (Port d'Alcudia) Illa Alcanada Campo de Golf Alcanada Playa de els Secs ...<br \/><div class=\"pt-cv-rmwrap\"><a href=\"https:\/\/trailrunningmallorca.es\/index.php\/2022\/11\/23\/cova-tancada\/\" class=\"_self pt-cv-readmore btn btn-success\" target=\"_self\">Leer M\u00e1s<\/a><\/div><\/div><\/div><\/div>\n<div class=\" pt-cv-content-item pt-cv-2-col\"  data-pid=\"5307\"><div class=\"pt-cv-thumb-wrapper pull-left \"><a href=\"https:\/\/trailrunningmallorca.es\/index.php\/2018\/05\/21\/atalaya-alcudia-2\/\" class=\"_self pt-cv-href-thumbnail pt-cv-thumb-left\" target=\"_self\" ><img loading=\"lazy\" decoding=\"async\" width=\"2586\" height=\"1043\" src=\"https:\/\/trailrunningmallorca.es\/wp-content\/uploads\/ngg_featured\/13_7047.jpeg\" class=\"pt-cv-thumbnail img-none pull-left\" alt=\"La Atalaia de Alcudia\" \/><\/a><div class=\"pt-cv-taxoterm over_top_left\"><a href='https:\/\/trailrunningmallorca.es\/index.php\/category\/rutas-comarcas\/es-raiguer\/trail-running-alcudia\/' title='Alcudia' class='pt-cv-tax-trail-running-alcudia'>Alcudia<\/a><a href='https:\/\/trailrunningmallorca.es\/index.php\/category\/clasificacion-rutas\/rutas-por-distancia\/entre-10-km-y-15-km\/' title='Entre 10 km y 15 km' class='pt-cv-tax-entre-10-km-y-15-km'>Entre 10 km y 15 km<\/a><a href='https:\/\/trailrunningmallorca.es\/index.php\/category\/rutas-comarcas\/es-raiguer\/' title='Es Raiguer' class='pt-cv-tax-es-raiguer'>Es Raiguer<\/a><a href='https:\/\/trailrunningmallorca.es\/index.php\/category\/clasificacion-rutas\/rutas-por-dificultad\/moderado\/' title='Moderado' class='pt-cv-tax-moderado'>Moderado<\/a><\/div><\/div>\n<div class=\"pt-cv-colwrap\"><h4 class=\"pt-cv-title\"><a href=\"https:\/\/trailrunningmallorca.es\/index.php\/2018\/05\/21\/atalaya-alcudia-2\/\" class=\"_self\" target=\"_self\" >La Atalaia de Alcudia<\/a><\/h4><div class=\"pt-cv-content\">Una de las mejores vueltas para correr en Mallorca, un recorrido en donde coronamos la Atalaia de Alcudia y la rodeamos por un circuito nada complicado a excepci\u00f3n de la bajada hacia el Coll Baix. Las vistas son id\u00edlicas, sobre todo desde la cima de la Atalaya, en donde se ...<br \/><div class=\"pt-cv-rmwrap\"><a href=\"https:\/\/trailrunningmallorca.es\/index.php\/2018\/05\/21\/atalaya-alcudia-2\/\" class=\"_self pt-cv-readmore btn btn-success\" target=\"_self\">Leer M\u00e1s<\/a><\/div><\/div><\/div><\/div>\n<div class=\" pt-cv-content-item pt-cv-2-col\"  data-pid=\"20806\"><div class=\"pt-cv-thumb-wrapper pull-left \"><a href=\"https:\/\/trailrunningmallorca.es\/index.php\/2025\/01\/11\/puig-sant-marti\/\" class=\"_self pt-cv-href-thumbnail pt-cv-thumb-left\" target=\"_self\" ><img loading=\"lazy\" decoding=\"async\" width=\"2560\" height=\"921\" src=\"https:\/\/trailrunningmallorca.es\/wp-content\/uploads\/2025\/01\/nggallery_import\/20241009_125930-scaled.jpeg\" class=\"pt-cv-thumbnail img-none pull-left\" alt=\"Puig de Sant Mart\u00ed\" \/><\/a><div class=\"pt-cv-taxoterm over_top_left\"><a href='https:\/\/trailrunningmallorca.es\/index.php\/category\/rutas-comarcas\/es-raiguer\/trail-running-alcudia\/' title='Alcudia' class='pt-cv-tax-trail-running-alcudia'>Alcudia<\/a><a href='https:\/\/trailrunningmallorca.es\/index.php\/category\/rutas-comarcas\/es-raiguer\/' title='Es Raiguer' class='pt-cv-tax-es-raiguer'>Es Raiguer<\/a><a href='https:\/\/trailrunningmallorca.es\/index.php\/category\/clasificacion-rutas\/rutas-por-distancia\/menos-de-10-km\/' title='Menos de 10 Km' class='pt-cv-tax-menos-de-10-km'>Menos de 10 Km<\/a><a href='https:\/\/trailrunningmallorca.es\/index.php\/category\/clasificacion-rutas\/rutas-por-dificultad\/moderado\/' title='Moderado' class='pt-cv-tax-moderado'>Moderado<\/a><a href='https:\/\/trailrunningmallorca.es\/index.php\/category\/clasificacion-rutas\/rutas-de-senderismo\/' title='Rutas de senderismo' class='pt-cv-tax-rutas-de-senderismo'>Rutas de senderismo<\/a><\/div><\/div>\n<div class=\"pt-cv-colwrap\"><h4 class=\"pt-cv-title\"><a href=\"https:\/\/trailrunningmallorca.es\/index.php\/2025\/01\/11\/puig-sant-marti\/\" class=\"_self\" target=\"_self\" >Puig de Sant Mart\u00ed<\/a><\/h4><div class=\"pt-cv-content\">Ruta corta y muy interesante en la que ascendemos al Puig de San Mart\u00ed, una monta\u00f1a poco conocida del municipio de Alcudia. Visitamos la cova de Sant Mart\u00ed, un santuario que data del siglo XIII de origen romano. Para completar la ruta, ascendemos a las antenas repetidoras, en d\u00f3nde las ...<br \/><div class=\"pt-cv-rmwrap\"><a href=\"https:\/\/trailrunningmallorca.es\/index.php\/2025\/01\/11\/puig-sant-marti\/\" class=\"_self pt-cv-readmore btn btn-success\" target=\"_self\">Leer M\u00e1s<\/a><\/div><\/div><\/div><\/div>\n<div class=\" pt-cv-content-item pt-cv-2-col\"  data-pid=\"18760\"><div class=\"pt-cv-thumb-wrapper pull-left \"><a href=\"https:\/\/trailrunningmallorca.es\/index.php\/2024\/03\/21\/penya-roja\/\" class=\"_self pt-cv-href-thumbnail pt-cv-thumb-left\" target=\"_self\" ><img loading=\"lazy\" decoding=\"async\" width=\"2000\" height=\"1126\" src=\"https:\/\/trailrunningmallorca.es\/wp-content\/uploads\/2024\/03\/nggallery_import\/20240207_123749.jpg\" class=\"pt-cv-thumbnail img-none pull-left\" alt=\"Puig Roman\u00ed, Penya Roja, Talaia d&#039;Alc\u00fadia por la cresta sur\" \/><\/a><div class=\"pt-cv-taxoterm over_top_left\"><a href='https:\/\/trailrunningmallorca.es\/index.php\/category\/rutas-comarcas\/es-raiguer\/trail-running-alcudia\/' title='Alcudia' class='pt-cv-tax-trail-running-alcudia'>Alcudia<\/a><a href='https:\/\/trailrunningmallorca.es\/index.php\/category\/clasificacion-rutas\/rutas-por-distancia\/entre-10-km-y-15-km\/' title='Entre 10 km y 15 km' class='pt-cv-tax-entre-10-km-y-15-km'>Entre 10 km y 15 km<\/a><a href='https:\/\/trailrunningmallorca.es\/index.php\/category\/rutas-comarcas\/es-raiguer\/' title='Es Raiguer' class='pt-cv-tax-es-raiguer'>Es Raiguer<\/a><a href='https:\/\/trailrunningmallorca.es\/index.php\/category\/clasificacion-rutas\/rutas-por-dificultad\/moderado\/' title='Moderado' class='pt-cv-tax-moderado'>Moderado<\/a><a href='https:\/\/trailrunningmallorca.es\/index.php\/category\/clasificacion-rutas\/rutas-de-senderismo\/' title='Rutas de senderismo' class='pt-cv-tax-rutas-de-senderismo'>Rutas de senderismo<\/a><\/div><\/div>\n<div class=\"pt-cv-colwrap\"><h4 class=\"pt-cv-title\"><a href=\"https:\/\/trailrunningmallorca.es\/index.php\/2024\/03\/21\/penya-roja\/\" class=\"_self\" target=\"_self\" >Puig Roman\u00ed, Penya Roja, Talaia d&#8217;Alc\u00fadia por la cresta sur<\/a><\/h4><div class=\"pt-cv-content\">Una colosal ruta por la pen\u00ednsula de Alcudia, una zona muy importante de defensa de la isla ante los continuos ataques de piratas y corsarios durante los siglos XVI a XVIII. Destacan de entre todos estos lugares fortificados, la Penya des Migdia o Penya Roja, una cima inexpugnable en la ...<br \/><div class=\"pt-cv-rmwrap\"><a href=\"https:\/\/trailrunningmallorca.es\/index.php\/2024\/03\/21\/penya-roja\/\" class=\"_self pt-cv-readmore btn btn-success\" target=\"_self\">Leer M\u00e1s<\/a><\/div><\/div><\/div><\/div>\n<div class=\" pt-cv-content-item pt-cv-2-col\"  data-pid=\"18213\"><div class=\"pt-cv-thumb-wrapper pull-left \"><a href=\"https:\/\/trailrunningmallorca.es\/index.php\/2024\/01\/13\/son-fe\/\" class=\"_self pt-cv-href-thumbnail pt-cv-thumb-left\" target=\"_self\" ><img loading=\"lazy\" decoding=\"async\" width=\"2000\" height=\"1126\" src=\"https:\/\/trailrunningmallorca.es\/wp-content\/uploads\/2024\/01\/nggallery_import\/20231228_150240.jpg\" class=\"pt-cv-thumbnail img-none pull-left\" alt=\"Serra de Son Fe\" \/><\/a><div class=\"pt-cv-taxoterm over_top_left\"><a href='https:\/\/trailrunningmallorca.es\/index.php\/category\/rutas-comarcas\/es-raiguer\/trail-running-alcudia\/' title='Alcudia' class='pt-cv-tax-trail-running-alcudia'>Alcudia<\/a><a href='https:\/\/trailrunningmallorca.es\/index.php\/category\/clasificacion-rutas\/rutas-por-dificultad\/dificil\/' title='Dif\u00edcil' class='pt-cv-tax-dificil'>Dif\u00edcil<\/a><a href='https:\/\/trailrunningmallorca.es\/index.php\/category\/rutas-comarcas\/es-raiguer\/' title='Es Raiguer' class='pt-cv-tax-es-raiguer'>Es Raiguer<\/a><a href='https:\/\/trailrunningmallorca.es\/index.php\/category\/clasificacion-rutas\/rutas-por-distancia\/menos-de-10-km\/' title='Menos de 10 Km' class='pt-cv-tax-menos-de-10-km'>Menos de 10 Km<\/a><a href='https:\/\/trailrunningmallorca.es\/index.php\/category\/clasificacion-rutas\/rutas-de-senderismo\/' title='Rutas de senderismo' class='pt-cv-tax-rutas-de-senderismo'>Rutas de senderismo<\/a><\/div><\/div>\n<div class=\"pt-cv-colwrap\"><h4 class=\"pt-cv-title\"><a href=\"https:\/\/trailrunningmallorca.es\/index.php\/2024\/01\/13\/son-fe\/\" class=\"_self\" target=\"_self\" >Serra de Son Fe<\/a><\/h4><div class=\"pt-cv-content\">Aviso importante : El itinerario descrito transcurre por muchos tramos por fincas privadas, respetarlas y seguir sus indicaciones Una ruta corta por el municipio de Alcudia, que nos sorprendi\u00f3 mucho, tanto por lo entretenida de la ruta como por su dureza. Recorremos la Serra de Son Fe, top\u00f3nimo que proviene ...<br \/><div class=\"pt-cv-rmwrap\"><a href=\"https:\/\/trailrunningmallorca.es\/index.php\/2024\/01\/13\/son-fe\/\" class=\"_self pt-cv-readmore btn btn-success\" target=\"_self\">Leer M\u00e1s<\/a><\/div><\/div><\/div><\/div><\/div><\/div><\/div>\t\t\t<style type=\"text\/css\" id=\"pt-cv-inline-style-04c1bc7fd2\">\n#pt-cv-view-421039dm0q .pt-cv-thumb-wrapper:not(.miniwrap) { width: 450px; }#pt-cv-view-421039dm0q .pt-cv-thumbnail:not(.pt-cv-thumbnailsm) { height: 250px; }#pt-cv-view-421039dm0q > .pt-cv-page {grid-template-columns: repeat(1, 1fr);grid-gap: 15px;}\n@media all and (max-width: 1024px) { \n#pt-cv-view-421039dm0q > .pt-cv-page {grid-template-columns: repeat(1, 1fr);}\n} \n@media all and (max-width: 767px) { \n#pt-cv-view-421039dm0q > .pt-cv-page {grid-template-columns: repeat(1, 1fr);}\n} <\/style>\r\n\t\t\t\t\t\t<style type=\"text\/css\" id=\"pt-cv-inline-style-b7fbeb6a9q\">#pt-cv-view-421039dm0q .pt-cv-content-item { padding-top: 0px !important; padding-right: 0px !important; padding-bottom: 0px !important; padding-left: 0px !important; }\n#pt-cv-view-421039dm0q  .pt-cv-content-item   { background-color: #ffffff !important; border-width: 1px 1px 1px 1px !important; border-style: none !important; border-radius: 0px 0px 0px 0px !important; }\n#pt-cv-view-421039dm0q .pt-cv-taxoterm * { font-family: 'Open Sans', Arial, serif !important; font-size: 11px !important; line-height: 1.3 !important; color: #000000 !important; background-color: #efefef !important; margin: 2px 5px 0px 0px !important; padding: 5px 5px 5px 5px !important; }\n#pt-cv-view-421039dm0q .pt-cv-title a, #pt-cv-view-421039dm0q  .panel-title { font-family: 'Open Sans', Arial, serif !important; font-size: 18px !important; line-height: 1.3 !important; color: #000000 !important; font-weight: 600 !important; padding: 3px 3px 3px 3px !important; display: block !important; }\n#pt-cv-view-421039dm0q  .pt-cv-title a:hover, #pt-cv-view-421039dm0q  .panel-title:hover   { font-family: 'Open Sans', Arial, serif !important; font-size: 18px !important; line-height: 1.3 !important; color: #3724e5 !important; }\n#pt-cv-view-421039dm0q .pt-cv-content , #pt-cv-view-421039dm0q  .pt-cv-content *:not(.pt-cv-readmore):not(style):not(script) { font-family: 'Open Sans', Arial, serif !important; font-size: 13px !important; color: #000000 !important; text-transform: capitalize !important; line-height: 2 !important; padding: 5px 5px 5px 5px !important; }\n#pt-cv-view-421039dm0q .pt-cv-readmore  { color: #ffffff !important; background-color: #00aeef !important; }\n#pt-cv-view-421039dm0q .pt-cv-readmore:hover  { color: #ffffff !important; background-color: #00aeef !important; }\n#pt-cv-view-421039dm0q  + .pt-cv-pagination-wrapper .pt-cv-more , #pt-cv-view-421039dm0q  + .pt-cv-pagination-wrapper .pagination .active a, .pt-cv-pagination[data-sid='421039dm0q'] .active a { color: #ffffff !important; background-color: #00aeef !important; }\n#pt-cv-view-421039dm0q { text-align: justify; }<\/style>\r\n\t\t\t<link href='\/\/fonts.googleapis.com\/css?family=Open+Sans' rel='stylesheet' type='text\/css'>\n","protected":false},"excerpt":{"rendered":"<table class=\"rw-rating-table rw-ltr rw-left rw-no-labels\"><tr><td><nobr>&nbsp;<\/nobr><\/td><td><div class=\"rw-left\"><div class=\"rw-ui-container rw-class-blog-post rw-urid-193050\"><\/div><\/div><\/td><\/tr><\/table><p>&nbsp; Aviso importante : El itinerario descrito transcurre por muchos tramos por fincas privadas, respetarlas y seguir sus indicaciones Itinerario V\u00eda&nbsp;Crucis y Cantera de Son Fe L a ruta se inicia en un desv\u00edo de la carretera de Palma a&hellip; <\/p>\n","protected":false},"author":1,"featured_media":0,"parent":0,"menu_order":0,"comment_status":"closed","ping_status":"closed","template":"","meta":{"ngg_post_thumbnail":0,"footnotes":""},"class_list":["post-19304","page","type-page","status-publish","hentry"],"_links":{"self":[{"href":"https:\/\/trailrunningmallorca.es\/index.php\/wp-json\/wp\/v2\/pages\/19304","targetHints":{"allow":["GET"]}}],"collection":[{"href":"https:\/\/trailrunningmallorca.es\/index.php\/wp-json\/wp\/v2\/pages"}],"about":[{"href":"https:\/\/trailrunningmallorca.es\/index.php\/wp-json\/wp\/v2\/types\/page"}],"author":[{"embeddable":true,"href":"https:\/\/trailrunningmallorca.es\/index.php\/wp-json\/wp\/v2\/users\/1"}],"replies":[{"embeddable":true,"href":"https:\/\/trailrunningmallorca.es\/index.php\/wp-json\/wp\/v2\/comments?post=19304"}],"version-history":[{"count":0,"href":"https:\/\/trailrunningmallorca.es\/index.php\/wp-json\/wp\/v2\/pages\/19304\/revisions"}],"wp:attachment":[{"href":"https:\/\/trailrunningmallorca.es\/index.php\/wp-json\/wp\/v2\/media?parent=19304"}],"curies":[{"name":"wp","href":"https:\/\/api.w.org\/{rel}","templated":true}]}}