{"id":19292,"date":"2024-05-27T10:10:31","date_gmt":"2024-05-27T08:10:31","guid":{"rendered":"https:\/\/trailrunningmallorca.es\/?page_id=19292"},"modified":"2024-06-15T11:06:22","modified_gmt":"2024-06-15T09:06:22","slug":"rutas-fornalutx","status":"publish","type":"page","link":"https:\/\/trailrunningmallorca.es\/index.php\/rutas-fornalutx\/","title":{"rendered":"Rutas Fornalutx"},"content":{"rendered":"<div class=\"pt-cv-wrapper\"><div class=\"pt-cv-view pt-cv-blockgrid iscvblock iscvhybrid list1 layout2 pt-cv-pgregular pt-cv-justify pt-cv-alternate-left\" id=\"pt-cv-view-230fa8c6al\"><div data-id=\"pt-cv-page-1\" class=\"pt-cv-page\" data-cvc=\"1\"><div class=\" pt-cv-content-item pt-cv-2-col\"  data-pid=\"12391\"><div class=\"pt-cv-thumb-wrapper pull-right \"><a href=\"https:\/\/trailrunningmallorca.es\/index.php\/2022\/10\/11\/cami-cingles\/\" class=\"_self pt-cv-href-thumbnail pt-cv-thumb-right\" target=\"_self\" ><img loading=\"lazy\" decoding=\"async\" width=\"2000\" height=\"1124\" src=\"https:\/\/trailrunningmallorca.es\/wp-content\/uploads\/2022\/10\/nggallery_import\/IMG_2811.jpeg\" class=\"pt-cv-thumbnail img-none pull-right\" alt=\"Cam\u00ed dels Cingles\" \/><\/a><\/div>\n<div class=\"pt-cv-remain-wrapper\"><div class=\"pt-cv-colwrap\"><div class=\"pt-cv-taxoterm above_title\"><a href='https:\/\/trailrunningmallorca.es\/index.php\/category\/clasificacion-rutas\/rutas-por-distancia\/entre-10-km-y-15-km\/' title='Entre 10 km y 15 km' class='pt-cv-tax-entre-10-km-y-15-km'>Entre 10 km y 15 km<\/a><a href='https:\/\/trailrunningmallorca.es\/index.php\/category\/clasificacion-rutas\/rutas-por-dificultad\/facil\/' title='F\u00e1cil' class='pt-cv-tax-facil'>F\u00e1cil<\/a><a href='https:\/\/trailrunningmallorca.es\/index.php\/category\/rutas-comarcas\/tramuntana-central\/fornalutx\/' title='Fornalutx' class='pt-cv-tax-fornalutx'>Fornalutx<\/a><a href='https:\/\/trailrunningmallorca.es\/index.php\/category\/rutas-comarcas\/tramuntana-central\/' title='Tramuntana Central' class='pt-cv-tax-tramuntana-central'>Tramuntana Central<\/a><\/div><h4 class=\"pt-cv-title\"><a href=\"https:\/\/trailrunningmallorca.es\/index.php\/2022\/10\/11\/cami-cingles\/\" class=\"_self\" target=\"_self\" >Cam\u00ed dels Cingles<\/a><\/h4><div class=\"pt-cv-content\">Aviso Importante: El cam\u00ed dels Cingles es un camino privado, se necesita permiso para poder pasar, contactar conmigo para m\u00e1s informaci\u00f3n. Uno de los caminos m\u00e1s bonitos de Tramuntana y que recorremos \u00edntegramente, se trata del cam\u00ed dels Cingles o Cam\u00ed des Binis, una ruta preciosa que recorre la vertiente ...<br \/><div class=\"pt-cv-rmwrap\"><a href=\"https:\/\/trailrunningmallorca.es\/index.php\/2022\/10\/11\/cami-cingles\/\" class=\"_self pt-cv-readmore btn btn-success\" target=\"_self\">Leer M\u00e1s<\/a><\/div><\/div><\/div><\/div><\/div>\n<div class=\" pt-cv-content-item pt-cv-2-col\"  data-pid=\"8782\"><div class=\"pt-cv-thumb-wrapper pull-right \"><a href=\"https:\/\/trailrunningmallorca.es\/index.php\/2021\/01\/20\/creuer-torrella-biniaraix\/\" class=\"_self pt-cv-href-thumbnail pt-cv-thumb-right\" target=\"_self\" ><img loading=\"lazy\" decoding=\"async\" width=\"2094\" height=\"1178\" src=\"https:\/\/trailrunningmallorca.es\/wp-content\/uploads\/2021\/01\/nggallery_import\/DSC_0521.jpeg\" class=\"pt-cv-thumbnail img-none pull-right\" alt=\"Cam\u00ed des Creuer, Coma Son Torrella, Barranc Biniaraix\" \/><\/a><\/div>\n<div class=\"pt-cv-remain-wrapper\"><div class=\"pt-cv-colwrap\"><div class=\"pt-cv-taxoterm above_title\"><a href='https:\/\/trailrunningmallorca.es\/index.php\/category\/clasificacion-rutas\/rutas-por-distancia\/entre-20-km-y-25-km\/' title='Entre 20 km y 25 km' class='pt-cv-tax-entre-20-km-y-25-km'>Entre 20 km y 25 km<\/a><a href='https:\/\/trailrunningmallorca.es\/index.php\/category\/rutas-comarcas\/tramuntana-central\/fornalutx\/' title='Fornalutx' class='pt-cv-tax-fornalutx'>Fornalutx<\/a><a href='https:\/\/trailrunningmallorca.es\/index.php\/category\/clasificacion-rutas\/rutas-por-dificultad\/moderado\/' title='Moderado' class='pt-cv-tax-moderado'>Moderado<\/a><a href='https:\/\/trailrunningmallorca.es\/index.php\/category\/rutas-comarcas\/tramuntana-central\/' title='Tramuntana Central' class='pt-cv-tax-tramuntana-central'>Tramuntana Central<\/a><\/div><h4 class=\"pt-cv-title\"><a href=\"https:\/\/trailrunningmallorca.es\/index.php\/2021\/01\/20\/creuer-torrella-biniaraix\/\" class=\"_self\" target=\"_self\" >Cam\u00ed des Creuer, Coma Son Torrella, Barranc Biniaraix<\/a><\/h4><div class=\"pt-cv-content\">Ruta de primer orden por S\u00f3ller, el municipio m\u00e1s bonito para correr por monta\u00f1a. Se trata de una ruta muy larga pero con unos paisajes que nos har\u00e1n disfrutar de lo lindo, sobre todo si es \u00e9poca de lluvia, ya que los torrentes llevan mucha agua y escuchar el sonido ...<br \/><div class=\"pt-cv-rmwrap\"><a href=\"https:\/\/trailrunningmallorca.es\/index.php\/2021\/01\/20\/creuer-torrella-biniaraix\/\" class=\"_self pt-cv-readmore btn btn-success\" target=\"_self\">Leer M\u00e1s<\/a><\/div><\/div><\/div><\/div><\/div>\n<div class=\" pt-cv-content-item pt-cv-2-col\"  data-pid=\"14749\"><div class=\"pt-cv-thumb-wrapper pull-right \"><a href=\"https:\/\/trailrunningmallorca.es\/index.php\/2023\/05\/01\/penyal-xapat\/\" class=\"_self pt-cv-href-thumbnail pt-cv-thumb-right\" target=\"_self\" ><img loading=\"lazy\" decoding=\"async\" width=\"1720\" height=\"1215\" src=\"https:\/\/trailrunningmallorca.es\/wp-content\/uploads\/2023\/05\/penyal-xapat.jpg\" class=\"pt-cv-thumbnail img-none pull-right\" alt=\"Xaragall de sa Camamil\u00b7la y Penyal Xapat\" \/><\/a><\/div>\n<div class=\"pt-cv-remain-wrapper\"><div class=\"pt-cv-colwrap\"><div class=\"pt-cv-taxoterm above_title\"><a href='https:\/\/trailrunningmallorca.es\/index.php\/category\/clasificacion-rutas\/rutas-por-dificultad\/dificil\/' title='Dif\u00edcil' class='pt-cv-tax-dificil'>Dif\u00edcil<\/a><a href='https:\/\/trailrunningmallorca.es\/index.php\/category\/rutas-comarcas\/tramuntana-central\/fornalutx\/' title='Fornalutx' class='pt-cv-tax-fornalutx'>Fornalutx<\/a><a href='https:\/\/trailrunningmallorca.es\/index.php\/category\/clasificacion-rutas\/rutas-por-distancia\/menos-de-10-km\/' title='Menos de 10 Km' class='pt-cv-tax-menos-de-10-km'>Menos de 10 Km<\/a><a href='https:\/\/trailrunningmallorca.es\/index.php\/category\/clasificacion-rutas\/rutas-de-senderismo\/' title='Rutas de senderismo' class='pt-cv-tax-rutas-de-senderismo'>Rutas de senderismo<\/a><a href='https:\/\/trailrunningmallorca.es\/index.php\/category\/rutas-comarcas\/tramuntana-central\/' title='Tramuntana Central' class='pt-cv-tax-tramuntana-central'>Tramuntana Central<\/a><\/div><h4 class=\"pt-cv-title\"><a href=\"https:\/\/trailrunningmallorca.es\/index.php\/2023\/05\/01\/penyal-xapat\/\" class=\"_self\" target=\"_self\" >Xaragall de sa Camamil\u00b7la y Penyal Xapat<\/a><\/h4><div class=\"pt-cv-content\">Itinerario corto y complicado por el que se accedemos a la Coma de Son Torrella por el Xaragall de sa Camomil.la. Se trata de una v\u00eda r\u00e1pida de acceso complicada, ya que vamos por terrenos con mucha piedra (rossegueres) y con mucha pendiente. Adem\u00e1s, visitamos una curiosa roca con un ...<br \/><div class=\"pt-cv-rmwrap\"><a href=\"https:\/\/trailrunningmallorca.es\/index.php\/2023\/05\/01\/penyal-xapat\/\" class=\"_self pt-cv-readmore btn btn-success\" target=\"_self\">Leer M\u00e1s<\/a><\/div><\/div><\/div><\/div><\/div><\/div><\/div><\/div>\t\t\t<style type=\"text\/css\" id=\"pt-cv-inline-style-8b24773q73\">\n#pt-cv-view-230fa8c6al .pt-cv-thumb-wrapper:not(.miniwrap) { width: 400px; }#pt-cv-view-230fa8c6al .pt-cv-thumbnail:not(.pt-cv-thumbnailsm) { height: 250px; }#pt-cv-view-230fa8c6al > .pt-cv-page {grid-template-columns: repeat(1, 1fr);grid-gap: 15px;}\n@media all and (max-width: 1024px) { \n#pt-cv-view-230fa8c6al > .pt-cv-page {grid-template-columns: repeat(1, 1fr);}\n} \n@media all and (max-width: 767px) { \n#pt-cv-view-230fa8c6al > .pt-cv-page {grid-template-columns: repeat(1, 1fr);}\n} <\/style>\r\n\t\t\t\t\t\t<style type=\"text\/css\" id=\"pt-cv-inline-style-799b2659a1\">#pt-cv-view-230fa8c6al .pt-cv-content-item { padding-top: 0px !important; padding-right: 0px !important; padding-bottom: 0px !important; padding-left: 0px !important; }\n#pt-cv-view-230fa8c6al  .pt-cv-content-item   { background-color: #f8f3fa !important; border-width: 1px 1px 1px 1px !important; border-style: none !important; border-radius: 20px 20px 20px 20px !important; }\n#pt-cv-view-230fa8c6al .pt-cv-taxoterm * { font-family: 'Open Sans', Arial, serif !important; font-size: 11px !important; line-height: 1.3 !important; color: #9b53e2 !important; background-color: #ffffff !important; margin: 15px 0px 0px 10px !important; padding: 5px 5px 5px 5px !important; }\n#pt-cv-view-230fa8c6al .pt-cv-title a, #pt-cv-view-230fa8c6al  .panel-title { font-family: 'Open Sans', Arial, serif !important; font-size: 18px !important; line-height: 1.3 !important; color: #000000 !important; font-weight: 600 !important; padding: 10px 10px 0px 10px !important; display: block !important; }\n#pt-cv-view-230fa8c6al  .pt-cv-title a:hover, #pt-cv-view-230fa8c6al  .panel-title:hover   { font-family: 'Open Sans', Arial, serif !important; font-size: 18px !important; line-height: 1.3 !important; color: #3724e5 !important; }\n#pt-cv-view-230fa8c6al .pt-cv-content , #pt-cv-view-230fa8c6al  .pt-cv-content *:not(.pt-cv-readmore):not(style):not(script) { font-family: 'Open Sans', Arial, serif !important; font-size: 13px !important; color: #000000 !important; text-transform: capitalize !important; line-height: 2 !important; padding: 10px 10px 10px 10px !important; }\n#pt-cv-view-230fa8c6al .pt-cv-readmore  { color: #ffffff !important; background-color: #00aeef !important; }\n#pt-cv-view-230fa8c6al .pt-cv-readmore:hover  { color: #ffffff !important; background-color: #00aeef !important; }\n#pt-cv-view-230fa8c6al  + .pt-cv-pagination-wrapper .pt-cv-more , #pt-cv-view-230fa8c6al  + .pt-cv-pagination-wrapper .pagination .active a, .pt-cv-pagination[data-sid='230fa8c6al'] .active a { color: #ffffff !important; background-color: #00aeef !important; }\n#pt-cv-view-230fa8c6al { text-align: justify; }<\/style>\r\n\t\t\t<link href='\/\/fonts.googleapis.com\/css?family=Open+Sans' rel='stylesheet' type='text\/css'>\n","protected":false},"excerpt":{"rendered":"<table class=\"rw-rating-table rw-ltr rw-left rw-no-labels\"><tr><td><nobr>&nbsp;<\/nobr><\/td><td><div class=\"rw-left\"><div class=\"rw-ui-container rw-class-blog-post rw-urid-192930\"><\/div><\/div><\/td><\/tr><\/table><p>&nbsp; Itinerario L a ruta se inicia en la carretera del Puig Major (Ma-10), a unos 400 metros antes del t\u00fanel de Monn\u00e0ber hay un parking en d\u00f3nde caben bastantes coches. Seguimos por la carretera en direcci\u00f3n a S\u00f3ller y&hellip; <\/p>\n","protected":false},"author":1,"featured_media":0,"parent":0,"menu_order":0,"comment_status":"closed","ping_status":"closed","template":"","meta":{"ngg_post_thumbnail":0,"footnotes":""},"class_list":["post-19292","page","type-page","status-publish","hentry"],"_links":{"self":[{"href":"https:\/\/trailrunningmallorca.es\/index.php\/wp-json\/wp\/v2\/pages\/19292","targetHints":{"allow":["GET"]}}],"collection":[{"href":"https:\/\/trailrunningmallorca.es\/index.php\/wp-json\/wp\/v2\/pages"}],"about":[{"href":"https:\/\/trailrunningmallorca.es\/index.php\/wp-json\/wp\/v2\/types\/page"}],"author":[{"embeddable":true,"href":"https:\/\/trailrunningmallorca.es\/index.php\/wp-json\/wp\/v2\/users\/1"}],"replies":[{"embeddable":true,"href":"https:\/\/trailrunningmallorca.es\/index.php\/wp-json\/wp\/v2\/comments?post=19292"}],"version-history":[{"count":0,"href":"https:\/\/trailrunningmallorca.es\/index.php\/wp-json\/wp\/v2\/pages\/19292\/revisions"}],"wp:attachment":[{"href":"https:\/\/trailrunningmallorca.es\/index.php\/wp-json\/wp\/v2\/media?parent=19292"}],"curies":[{"name":"wp","href":"https:\/\/api.w.org\/{rel}","templated":true}]}}