{"id":19290,"date":"2024-05-27T10:09:36","date_gmt":"2024-05-27T08:09:36","guid":{"rendered":"https:\/\/trailrunningmallorca.es\/?page_id=19290"},"modified":"2024-06-15T11:03:58","modified_gmt":"2024-06-15T09:03:58","slug":"rutas-deia","status":"publish","type":"page","link":"https:\/\/trailrunningmallorca.es\/index.php\/rutas-deia\/","title":{"rendered":"Rutas Dei\u00e0"},"content":{"rendered":"<div class=\"pt-cv-wrapper\"><div class=\"pt-cv-view pt-cv-blockgrid iscvblock iscvhybrid list1 layout2 pt-cv-pgregular pt-cv-justify pt-cv-alternate-left\" id=\"pt-cv-view-6ca21e85sc\"><div data-id=\"pt-cv-page-1\" class=\"pt-cv-page\" data-cvc=\"1\"><div class=\" pt-cv-content-item pt-cv-2-col\"  data-pid=\"5885\"><div class=\"pt-cv-thumb-wrapper pull-right \"><a href=\"https:\/\/trailrunningmallorca.es\/index.php\/2018\/10\/02\/deia-alconasser-cami-pintors\/\" class=\"_self pt-cv-href-thumbnail pt-cv-thumb-right\" target=\"_self\" ><img loading=\"lazy\" decoding=\"async\" width=\"2000\" height=\"1124\" src=\"https:\/\/trailrunningmallorca.es\/wp-content\/uploads\/ngg_featured\/16_5793.jpeg\" class=\"pt-cv-thumbnail img-none pull-right\" alt=\"Cam\u00ed de Castell\u00f3, Cala Alcon\u00e0sser i Cam\u00ed des Pintors\" \/><\/a><\/div>\n<div class=\"pt-cv-remain-wrapper\"><div class=\"pt-cv-colwrap\"><div class=\"pt-cv-taxoterm above_title\"><a href='https:\/\/trailrunningmallorca.es\/index.php\/category\/rutas-comarcas\/tramuntana-central\/deia\/' title='Dei\u00e0' class='pt-cv-tax-deia'>Dei\u00e0<\/a><a href='https:\/\/trailrunningmallorca.es\/index.php\/category\/clasificacion-rutas\/rutas-por-distancia\/entre-15-km-y-20-km\/' title='Entre 15 km y 20 km' class='pt-cv-tax-entre-15-km-y-20-km'>Entre 15 km y 20 km<\/a><a href='https:\/\/trailrunningmallorca.es\/index.php\/category\/clasificacion-rutas\/rutas-por-dificultad\/moderado\/' title='Moderado' class='pt-cv-tax-moderado'>Moderado<\/a><a href='https:\/\/trailrunningmallorca.es\/index.php\/category\/rutas-comarcas\/tramuntana-central\/' title='Tramuntana Central' class='pt-cv-tax-tramuntana-central'>Tramuntana Central<\/a><\/div><h4 class=\"pt-cv-title\"><a href=\"https:\/\/trailrunningmallorca.es\/index.php\/2018\/10\/02\/deia-alconasser-cami-pintors\/\" class=\"_self\" target=\"_self\" >Cam\u00ed de Castell\u00f3, Cala Alcon\u00e0sser i Cam\u00ed des Pintors<\/a><\/h4><div class=\"pt-cv-content\">Repetimos ruta entre Dei\u00e0 y S\u00f3ller por el id\u00edlico cam\u00ed de Castell\u00f3 y el cam\u00ed des Pintors. Lo que en esta ocasi\u00f3n, nos desviamos hacia la urbanizaci\u00f3n de Bens d'Avall y Alcon\u00e0sser, visitando la cala y desde all\u00ed enganchando el sendero que se dirige a Cala Dei\u00e0. Una vuelta maravillosa ...<br \/><div class=\"pt-cv-rmwrap\"><a href=\"https:\/\/trailrunningmallorca.es\/index.php\/2018\/10\/02\/deia-alconasser-cami-pintors\/\" class=\"_self pt-cv-readmore btn btn-success\" target=\"_self\">Leer M\u00e1s<\/a><\/div><\/div><\/div><\/div><\/div>\n<div class=\" pt-cv-content-item pt-cv-2-col\"  data-pid=\"3463\"><div class=\"pt-cv-thumb-wrapper pull-right \"><a href=\"https:\/\/trailrunningmallorca.es\/index.php\/2016\/12\/24\/cami-de-miramar-y-cami-de-la-mar\/\" class=\"_self pt-cv-href-thumbnail pt-cv-thumb-right\" target=\"_self\" ><img loading=\"lazy\" decoding=\"async\" width=\"2000\" height=\"1124\" src=\"https:\/\/trailrunningmallorca.es\/wp-content\/uploads\/ngg_featured\/11_0451.jpg\" class=\"pt-cv-thumbnail img-none pull-right\" alt=\"Cam\u00ed de Miramar y Cam\u00ed de la Mar\" \/><\/a><\/div>\n<div class=\"pt-cv-remain-wrapper\"><div class=\"pt-cv-colwrap\"><div class=\"pt-cv-taxoterm above_title\"><a href='https:\/\/trailrunningmallorca.es\/index.php\/category\/rutas-comarcas\/tramuntana-central\/deia\/' title='Dei\u00e0' class='pt-cv-tax-deia'>Dei\u00e0<\/a><a href='https:\/\/trailrunningmallorca.es\/index.php\/category\/clasificacion-rutas\/rutas-por-distancia\/menos-de-10-km\/' title='Menos de 10 Km' class='pt-cv-tax-menos-de-10-km'>Menos de 10 Km<\/a><a href='https:\/\/trailrunningmallorca.es\/index.php\/category\/clasificacion-rutas\/rutas-por-dificultad\/moderado\/' title='Moderado' class='pt-cv-tax-moderado'>Moderado<\/a><a href='https:\/\/trailrunningmallorca.es\/index.php\/category\/rutas-comarcas\/tramuntana-central\/' title='Tramuntana Central' class='pt-cv-tax-tramuntana-central'>Tramuntana Central<\/a><\/div><h4 class=\"pt-cv-title\"><a href=\"https:\/\/trailrunningmallorca.es\/index.php\/2016\/12\/24\/cami-de-miramar-y-cami-de-la-mar\/\" class=\"_self\" target=\"_self\" >Cam\u00ed de Miramar y Cam\u00ed de la Mar<\/a><\/h4><div class=\"pt-cv-content\">AVISO IMPORTANTE: Hay un tramo del cam\u00ed des Guix, que comunica Miramar con el cam\u00ed de la Mar, que se ha derrumbado (Marzo 2023) Otra ruta id\u00edlica en Mallorca, cuando se transita por los caminos que hizo construir el Arxiduq, los sentidos se agudizan y se dilatan las pupilas ante ...<br \/><div class=\"pt-cv-rmwrap\"><a href=\"https:\/\/trailrunningmallorca.es\/index.php\/2016\/12\/24\/cami-de-miramar-y-cami-de-la-mar\/\" class=\"_self pt-cv-readmore btn btn-success\" target=\"_self\">Leer M\u00e1s<\/a><\/div><\/div><\/div><\/div><\/div>\n<div class=\" pt-cv-content-item pt-cv-2-col\"  data-pid=\"15671\"><div class=\"pt-cv-thumb-wrapper pull-right \"><a href=\"https:\/\/trailrunningmallorca.es\/index.php\/2023\/06\/14\/cami-barranc\/\" class=\"_self pt-cv-href-thumbnail pt-cv-thumb-right\" target=\"_self\" ><img loading=\"lazy\" decoding=\"async\" width=\"2000\" height=\"1500\" src=\"https:\/\/trailrunningmallorca.es\/wp-content\/uploads\/2023\/06\/nggallery_import\/IMG_5021.jpeg\" class=\"pt-cv-thumbnail img-none pull-right\" alt=\"Cam\u00ed des Castell\u00e0s y Cam\u00ed des Barranc\" \/><\/a><\/div>\n<div class=\"pt-cv-remain-wrapper\"><div class=\"pt-cv-colwrap\"><div class=\"pt-cv-taxoterm above_title\"><a href='https:\/\/trailrunningmallorca.es\/index.php\/category\/rutas-comarcas\/tramuntana-central\/deia\/' title='Dei\u00e0' class='pt-cv-tax-deia'>Dei\u00e0<\/a><a href='https:\/\/trailrunningmallorca.es\/index.php\/category\/clasificacion-rutas\/rutas-por-dificultad\/dificil\/' title='Dif\u00edcil' class='pt-cv-tax-dificil'>Dif\u00edcil<\/a><a href='https:\/\/trailrunningmallorca.es\/index.php\/category\/clasificacion-rutas\/rutas-por-distancia\/entre-15-km-y-20-km\/' title='Entre 15 km y 20 km' class='pt-cv-tax-entre-15-km-y-20-km'>Entre 15 km y 20 km<\/a><a href='https:\/\/trailrunningmallorca.es\/index.php\/category\/clasificacion-rutas\/rutas-de-senderismo\/' title='Rutas de senderismo' class='pt-cv-tax-rutas-de-senderismo'>Rutas de senderismo<\/a><a href='https:\/\/trailrunningmallorca.es\/index.php\/category\/rutas-comarcas\/tramuntana-central\/' title='Tramuntana Central' class='pt-cv-tax-tramuntana-central'>Tramuntana Central<\/a><\/div><h4 class=\"pt-cv-title\"><a href=\"https:\/\/trailrunningmallorca.es\/index.php\/2023\/06\/14\/cami-barranc\/\" class=\"_self\" target=\"_self\" >Cam\u00ed des Castell\u00e0s y Cam\u00ed des Barranc<\/a><\/h4><div class=\"pt-cv-content\">Itinerario id\u00edlico por Dei\u00e0, recorriendo dos caminos que no conoc\u00edamos y en el que descubriremos el legado del Arxiduq en el cam\u00ed des Barranc, camino muy abandonado que comunicaba Miramar con Son Marroig y el cam\u00ed des Castell\u00e0s, otra ruta preciosa por caminos de carboners y antigua ruta por la ...<br \/><div class=\"pt-cv-rmwrap\"><a href=\"https:\/\/trailrunningmallorca.es\/index.php\/2023\/06\/14\/cami-barranc\/\" class=\"_self pt-cv-readmore btn btn-success\" target=\"_self\">Leer M\u00e1s<\/a><\/div><\/div><\/div><\/div><\/div>\n<div class=\" pt-cv-content-item pt-cv-2-col\"  data-pid=\"786\"><div class=\"pt-cv-thumb-wrapper pull-right \"><a href=\"https:\/\/trailrunningmallorca.es\/index.php\/2015\/12\/14\/deia-al-puerto-de-soller-por-el-cami-de-castello-y-cami-de-son-sales\/\" class=\"_self pt-cv-href-thumbnail pt-cv-thumb-right\" target=\"_self\" ><img loading=\"lazy\" decoding=\"async\" width=\"1200\" height=\"674\" src=\"https:\/\/trailrunningmallorca.es\/wp-content\/uploads\/ngg_featured\/19.jpg\" class=\"pt-cv-thumbnail img-none pull-right\" alt=\"Dei\u00e0 al Puerto de S\u00f3ller por el Cam\u00ed de Castell\u00f3 y Cam\u00ed de Son Sales\" \/><\/a><\/div>\n<div class=\"pt-cv-remain-wrapper\"><div class=\"pt-cv-colwrap\"><div class=\"pt-cv-taxoterm above_title\"><a href='https:\/\/trailrunningmallorca.es\/index.php\/category\/rutas-comarcas\/tramuntana-central\/deia\/' title='Dei\u00e0' class='pt-cv-tax-deia'>Dei\u00e0<\/a><a href='https:\/\/trailrunningmallorca.es\/index.php\/category\/clasificacion-rutas\/rutas-por-distancia\/entre-15-km-y-20-km\/' title='Entre 15 km y 20 km' class='pt-cv-tax-entre-15-km-y-20-km'>Entre 15 km y 20 km<\/a><a href='https:\/\/trailrunningmallorca.es\/index.php\/category\/clasificacion-rutas\/rutas-por-dificultad\/moderado\/' title='Moderado' class='pt-cv-tax-moderado'>Moderado<\/a><a href='https:\/\/trailrunningmallorca.es\/index.php\/category\/rutas-comarcas\/tramuntana-central\/' title='Tramuntana Central' class='pt-cv-tax-tramuntana-central'>Tramuntana Central<\/a><\/div><h4 class=\"pt-cv-title\"><a href=\"https:\/\/trailrunningmallorca.es\/index.php\/2015\/12\/14\/deia-al-puerto-de-soller-por-el-cami-de-castello-y-cami-de-son-sales\/\" class=\"_self\" target=\"_self\" >Dei\u00e0 al Puerto de S\u00f3ller por el Cam\u00ed de Castell\u00f3 y Cam\u00ed de Son Sales<\/a><\/h4><div class=\"pt-cv-content\">El recorrido de esta ruta va por uno de los lugares m\u00e1s bonitos de la Sierra de Tramuntana, se trata del tramo que comunica las poblaciones de Dei\u00e0 y el puerto de S\u00f3ller. Es una ruta larga, de unos 19 km. cuyo punto m\u00e1s lejano llega a poca distancia delPuerto ...<br \/><div class=\"pt-cv-rmwrap\"><a href=\"https:\/\/trailrunningmallorca.es\/index.php\/2015\/12\/14\/deia-al-puerto-de-soller-por-el-cami-de-castello-y-cami-de-son-sales\/\" class=\"_self pt-cv-readmore btn btn-success\" target=\"_self\">Leer M\u00e1s<\/a><\/div><\/div><\/div><\/div><\/div>\n<div class=\" pt-cv-content-item pt-cv-2-col\"  data-pid=\"3227\"><div class=\"pt-cv-thumb-wrapper pull-right \"><a href=\"https:\/\/trailrunningmallorca.es\/index.php\/2016\/11\/12\/na-foradada\/\" class=\"_self pt-cv-href-thumbnail pt-cv-thumb-right\" target=\"_self\" ><img loading=\"lazy\" decoding=\"async\" width=\"2000\" height=\"1500\" src=\"https:\/\/trailrunningmallorca.es\/wp-content\/uploads\/ngg_featured\/18_2231.jpg\" class=\"pt-cv-thumbnail img-none pull-right\" alt=\"Na Foradada\" \/><\/a><\/div>\n<div class=\"pt-cv-remain-wrapper\"><div class=\"pt-cv-colwrap\"><div class=\"pt-cv-taxoterm above_title\"><a href='https:\/\/trailrunningmallorca.es\/index.php\/category\/rutas-comarcas\/tramuntana-central\/deia\/' title='Dei\u00e0' class='pt-cv-tax-deia'>Dei\u00e0<\/a><a href='https:\/\/trailrunningmallorca.es\/index.php\/category\/clasificacion-rutas\/rutas-por-dificultad\/dificil\/' title='Dif\u00edcil' class='pt-cv-tax-dificil'>Dif\u00edcil<\/a><a href='https:\/\/trailrunningmallorca.es\/index.php\/category\/clasificacion-rutas\/rutas-por-distancia\/menos-de-10-km\/' title='Menos de 10 Km' class='pt-cv-tax-menos-de-10-km'>Menos de 10 Km<\/a><a href='https:\/\/trailrunningmallorca.es\/index.php\/category\/rutas-comarcas\/tramuntana-central\/' title='Tramuntana Central' class='pt-cv-tax-tramuntana-central'>Tramuntana Central<\/a><\/div><h4 class=\"pt-cv-title\"><a href=\"https:\/\/trailrunningmallorca.es\/index.php\/2016\/11\/12\/na-foradada\/\" class=\"_self\" target=\"_self\" >Na Foradada<\/a><\/h4><div class=\"pt-cv-content\">Una de las rutas m\u00e1s id\u00edlicas de Mallorca, desde la finca de Son Marroig al islote m\u00e1s peculiar y conocido de la isla. El camino hacia la roca es una maravilla, y las vistas absolutamente privilegiadas, especialmente las puestas de sol, una de las joyas del mediterr\u00e1neo. Itinerario Finca Son ...<br \/><div class=\"pt-cv-rmwrap\"><a href=\"https:\/\/trailrunningmallorca.es\/index.php\/2016\/11\/12\/na-foradada\/\" class=\"_self pt-cv-readmore btn btn-success\" target=\"_self\">Leer M\u00e1s<\/a><\/div><\/div><\/div><\/div><\/div>\n<div class=\" pt-cv-content-item pt-cv-2-col\"  data-pid=\"20068\"><div class=\"pt-cv-thumb-wrapper pull-right \"><a href=\"https:\/\/trailrunningmallorca.es\/index.php\/2024\/08\/23\/sa-galera-boqueta\/\" class=\"_self pt-cv-href-thumbnail pt-cv-thumb-right\" target=\"_self\" ><img loading=\"lazy\" decoding=\"async\" width=\"2000\" height=\"1126\" src=\"https:\/\/trailrunningmallorca.es\/wp-content\/uploads\/2024\/08\/nggallery_import\/20240403_115045.jpeg\" class=\"pt-cv-thumbnail img-none pull-right\" alt=\"Puig de Sa Galera por el pas des Xaragall de Can Boqueta\" \/><\/a><\/div>\n<div class=\"pt-cv-remain-wrapper\"><div class=\"pt-cv-colwrap\"><div class=\"pt-cv-taxoterm above_title\"><a href='https:\/\/trailrunningmallorca.es\/index.php\/category\/rutas-comarcas\/tramuntana-central\/deia\/' title='Dei\u00e0' class='pt-cv-tax-deia'>Dei\u00e0<\/a><a href='https:\/\/trailrunningmallorca.es\/index.php\/category\/clasificacion-rutas\/rutas-por-dificultad\/dificil\/' title='Dif\u00edcil' class='pt-cv-tax-dificil'>Dif\u00edcil<\/a><a href='https:\/\/trailrunningmallorca.es\/index.php\/category\/clasificacion-rutas\/rutas-por-distancia\/entre-10-km-y-15-km\/' title='Entre 10 km y 15 km' class='pt-cv-tax-entre-10-km-y-15-km'>Entre 10 km y 15 km<\/a><a href='https:\/\/trailrunningmallorca.es\/index.php\/category\/clasificacion-rutas\/rutas-de-senderismo\/' title='Rutas de senderismo' class='pt-cv-tax-rutas-de-senderismo'>Rutas de senderismo<\/a><a href='https:\/\/trailrunningmallorca.es\/index.php\/category\/rutas-comarcas\/tramuntana-central\/' title='Tramuntana Central' class='pt-cv-tax-tramuntana-central'>Tramuntana Central<\/a><\/div><h4 class=\"pt-cv-title\"><a href=\"https:\/\/trailrunningmallorca.es\/index.php\/2024\/08\/23\/sa-galera-boqueta\/\" class=\"_self\" target=\"_self\" >Puig de Sa Galera por el pas des Xaragall de Can Boqueta<\/a><\/h4><div class=\"pt-cv-content\">Una ruta de alta monta\u00f1a en Mallorca, s\u00f3lo apta para gente experimentada y acostumbrada a pisar terrenos complicados y que sepan orientarse en monta\u00f1a. Desde Dei\u00e0 subimos al puig de sa Galera por el Pas del Xaragall de Can Boqueta, un paso equipado con un cable y v\u00eda cl\u00e1sica de ...<br \/><div class=\"pt-cv-rmwrap\"><a href=\"https:\/\/trailrunningmallorca.es\/index.php\/2024\/08\/23\/sa-galera-boqueta\/\" class=\"_self pt-cv-readmore btn btn-success\" target=\"_self\">Leer M\u00e1s<\/a><\/div><\/div><\/div><\/div><\/div>\n<div class=\" pt-cv-content-item pt-cv-2-col\"  data-pid=\"824\"><div class=\"pt-cv-thumb-wrapper pull-right \"><a href=\"https:\/\/trailrunningmallorca.es\/index.php\/2015\/12\/18\/ruta-de-los-pintores-por-cami-des-ribassos-llucalcari-y-cami-de-castello\/\" class=\"_self pt-cv-href-thumbnail pt-cv-thumb-right\" target=\"_self\" ><img loading=\"lazy\" decoding=\"async\" width=\"1200\" height=\"674\" src=\"https:\/\/trailrunningmallorca.es\/wp-content\/uploads\/ngg_featured\/11_9017.jpg\" class=\"pt-cv-thumbnail img-none pull-right\" alt=\"Ruta de los pintores por cam\u00ed des Ribassos, LlucAlcari y Cam\u00ed de Castell\u00f3\" \/><\/a><\/div>\n<div class=\"pt-cv-remain-wrapper\"><div class=\"pt-cv-colwrap\"><div class=\"pt-cv-taxoterm above_title\"><a href='https:\/\/trailrunningmallorca.es\/index.php\/category\/rutas-comarcas\/tramuntana-central\/deia\/' title='Dei\u00e0' class='pt-cv-tax-deia'>Dei\u00e0<\/a><a href='https:\/\/trailrunningmallorca.es\/index.php\/category\/clasificacion-rutas\/rutas-por-distancia\/menos-de-10-km\/' title='Menos de 10 Km' class='pt-cv-tax-menos-de-10-km'>Menos de 10 Km<\/a><a href='https:\/\/trailrunningmallorca.es\/index.php\/category\/clasificacion-rutas\/rutas-por-dificultad\/moderado\/' title='Moderado' class='pt-cv-tax-moderado'>Moderado<\/a><a href='https:\/\/trailrunningmallorca.es\/index.php\/category\/rutas-comarcas\/tramuntana-central\/' title='Tramuntana Central' class='pt-cv-tax-tramuntana-central'>Tramuntana Central<\/a><\/div><h4 class=\"pt-cv-title\"><a href=\"https:\/\/trailrunningmallorca.es\/index.php\/2015\/12\/18\/ruta-de-los-pintores-por-cami-des-ribassos-llucalcari-y-cami-de-castello\/\" class=\"_self\" target=\"_self\" >Ruta de los pintores por cam\u00ed des Ribassos, LlucAlcari y Cam\u00ed de Castell\u00f3<\/a><\/h4><div class=\"pt-cv-content\">La poblaci\u00f3n de Dei\u00e0 es una de las zonas m\u00e1s bonitas de Mallorca sin duda, esta ruta va por un tramo al que se le llama popularmente como la \"Ruta de los pintores\".Con el nombre lo dice todo, el entorno que se recorre es de una belleza y encanto muy ...<br \/><div class=\"pt-cv-rmwrap\"><a href=\"https:\/\/trailrunningmallorca.es\/index.php\/2015\/12\/18\/ruta-de-los-pintores-por-cami-des-ribassos-llucalcari-y-cami-de-castello\/\" class=\"_self pt-cv-readmore btn btn-success\" target=\"_self\">Leer M\u00e1s<\/a><\/div><\/div><\/div><\/div><\/div>\n<div class=\" pt-cv-content-item pt-cv-2-col\"  data-pid=\"8966\"><div class=\"pt-cv-thumb-wrapper pull-right \"><a href=\"https:\/\/trailrunningmallorca.es\/index.php\/2021\/03\/13\/camins-prohom-castello\/\" class=\"_self pt-cv-href-thumbnail pt-cv-thumb-right\" target=\"_self\" ><img loading=\"lazy\" decoding=\"async\" width=\"2000\" height=\"1124\" src=\"https:\/\/trailrunningmallorca.es\/wp-content\/uploads\/2021\/03\/nggallery_import\/13.jpeg\" class=\"pt-cv-thumbnail img-none pull-right\" alt=\"Volta per Dei\u00e0 : Camins de Ca&#039;n Prohom i de Castell\u00f3\" \/><\/a><\/div>\n<div class=\"pt-cv-remain-wrapper\"><div class=\"pt-cv-colwrap\"><div class=\"pt-cv-taxoterm above_title\"><a href='https:\/\/trailrunningmallorca.es\/index.php\/category\/rutas-comarcas\/tramuntana-central\/deia\/' title='Dei\u00e0' class='pt-cv-tax-deia'>Dei\u00e0<\/a><a href='https:\/\/trailrunningmallorca.es\/index.php\/category\/clasificacion-rutas\/rutas-por-distancia\/entre-10-km-y-15-km\/' title='Entre 10 km y 15 km' class='pt-cv-tax-entre-10-km-y-15-km'>Entre 10 km y 15 km<\/a><a href='https:\/\/trailrunningmallorca.es\/index.php\/category\/clasificacion-rutas\/rutas-por-dificultad\/moderado\/' title='Moderado' class='pt-cv-tax-moderado'>Moderado<\/a><a href='https:\/\/trailrunningmallorca.es\/index.php\/category\/rutas-comarcas\/tramuntana-central\/' title='Tramuntana Central' class='pt-cv-tax-tramuntana-central'>Tramuntana Central<\/a><\/div><h4 class=\"pt-cv-title\"><a href=\"https:\/\/trailrunningmallorca.es\/index.php\/2021\/03\/13\/camins-prohom-castello\/\" class=\"_self\" target=\"_self\" >Volta per Dei\u00e0 : Camins de Ca&#8217;n Prohom i de Castell\u00f3<\/a><\/h4><div class=\"pt-cv-content\">Una ruta maravillosa por Dei\u00e0, haciendo dos caminos antiguos muy interesantes. Hasta la fecha, para ir desde Dei\u00e0 hacia S\u00f3ller, siempre \u00edbamos por el Cam\u00ed de Castell\u00f3 de ida y de vuelta. Hace poco, descubrimos otro camino, que es el camino antiguo de Dei\u00e0 a Ca'n Prohom. Itinerario Dei\u00e0 Desv\u00edo ...<br \/><div class=\"pt-cv-rmwrap\"><a href=\"https:\/\/trailrunningmallorca.es\/index.php\/2021\/03\/13\/camins-prohom-castello\/\" class=\"_self pt-cv-readmore btn btn-success\" target=\"_self\">Leer M\u00e1s<\/a><\/div><\/div><\/div><\/div><\/div><\/div><\/div><\/div>\t\t\t<style type=\"text\/css\" id=\"pt-cv-inline-style-a95f80dt3h\">\n#pt-cv-view-6ca21e85sc .pt-cv-thumb-wrapper:not(.miniwrap) { width: 400px; }#pt-cv-view-6ca21e85sc .pt-cv-thumbnail:not(.pt-cv-thumbnailsm) { height: 250px; }#pt-cv-view-6ca21e85sc > .pt-cv-page {grid-template-columns: repeat(1, 1fr);grid-gap: 15px;}\n@media all and (max-width: 1024px) { \n#pt-cv-view-6ca21e85sc > .pt-cv-page {grid-template-columns: repeat(1, 1fr);}\n} \n@media all and (max-width: 767px) { \n#pt-cv-view-6ca21e85sc > .pt-cv-page {grid-template-columns: repeat(1, 1fr);}\n} <\/style>\r\n\t\t\t\t\t\t<style type=\"text\/css\" id=\"pt-cv-inline-style-c4544c7w1p\">#pt-cv-view-6ca21e85sc .pt-cv-content-item { padding-top: 0px !important; padding-right: 0px !important; padding-bottom: 0px !important; padding-left: 0px !important; }\n#pt-cv-view-6ca21e85sc  .pt-cv-content-item   { background-color: #f8f3fa !important; border-width: 1px 1px 1px 1px !important; border-style: none !important; border-radius: 20px 20px 20px 20px !important; }\n#pt-cv-view-6ca21e85sc .pt-cv-taxoterm * { font-family: 'Open Sans', Arial, serif !important; font-size: 11px !important; line-height: 1.3 !important; color: #9b53e2 !important; background-color: #ffffff !important; margin: 15px 0px 0px 10px !important; padding: 5px 5px 5px 5px !important; }\n#pt-cv-view-6ca21e85sc .pt-cv-title a, #pt-cv-view-6ca21e85sc  .panel-title { font-family: 'Open Sans', Arial, serif !important; font-size: 18px !important; line-height: 1.3 !important; color: #000000 !important; font-weight: 600 !important; padding: 10px 10px 0px 10px !important; display: block !important; }\n#pt-cv-view-6ca21e85sc  .pt-cv-title a:hover, #pt-cv-view-6ca21e85sc  .panel-title:hover   { font-family: 'Open Sans', Arial, serif !important; font-size: 18px !important; line-height: 1.3 !important; color: #3724e5 !important; }\n#pt-cv-view-6ca21e85sc .pt-cv-content , #pt-cv-view-6ca21e85sc  .pt-cv-content *:not(.pt-cv-readmore):not(style):not(script) { font-family: 'Open Sans', Arial, serif !important; font-size: 13px !important; color: #000000 !important; text-transform: capitalize !important; line-height: 2 !important; padding: 10px 10px 10px 10px !important; }\n#pt-cv-view-6ca21e85sc .pt-cv-readmore  { color: #ffffff !important; background-color: #00aeef !important; }\n#pt-cv-view-6ca21e85sc .pt-cv-readmore:hover  { color: #ffffff !important; background-color: #00aeef !important; }\n#pt-cv-view-6ca21e85sc  + .pt-cv-pagination-wrapper .pt-cv-more , #pt-cv-view-6ca21e85sc  + .pt-cv-pagination-wrapper .pagination .active a, .pt-cv-pagination[data-sid='6ca21e85sc'] .active a { color: #ffffff !important; background-color: #00aeef !important; }\n#pt-cv-view-6ca21e85sc { text-align: justify; }<\/style>\r\n\t\t\t<link href='\/\/fonts.googleapis.com\/css?family=Open+Sans' rel='stylesheet' type='text\/css'>\n","protected":false},"excerpt":{"rendered":"<table class=\"rw-rating-table rw-ltr rw-left rw-no-labels\"><tr><td><nobr>&nbsp;<\/nobr><\/td><td><div class=\"rw-left\"><div class=\"rw-ui-container rw-class-blog-post rw-urid-192910\"><\/div><\/div><\/td><\/tr><\/table><p>&nbsp; Itinerario U n camino que nos permite hacer una ruta circular de Dei\u00e0 a S\u00f3ller en la que se puede correr todo el tiempo. Se puede hacer en los meses de calor, ya que durante casi toda la vuelta&hellip; <\/p>\n","protected":false},"author":1,"featured_media":0,"parent":0,"menu_order":0,"comment_status":"closed","ping_status":"closed","template":"","meta":{"ngg_post_thumbnail":0,"footnotes":""},"class_list":["post-19290","page","type-page","status-publish","hentry"],"_links":{"self":[{"href":"https:\/\/trailrunningmallorca.es\/index.php\/wp-json\/wp\/v2\/pages\/19290","targetHints":{"allow":["GET"]}}],"collection":[{"href":"https:\/\/trailrunningmallorca.es\/index.php\/wp-json\/wp\/v2\/pages"}],"about":[{"href":"https:\/\/trailrunningmallorca.es\/index.php\/wp-json\/wp\/v2\/types\/page"}],"author":[{"embeddable":true,"href":"https:\/\/trailrunningmallorca.es\/index.php\/wp-json\/wp\/v2\/users\/1"}],"replies":[{"embeddable":true,"href":"https:\/\/trailrunningmallorca.es\/index.php\/wp-json\/wp\/v2\/comments?post=19290"}],"version-history":[{"count":0,"href":"https:\/\/trailrunningmallorca.es\/index.php\/wp-json\/wp\/v2\/pages\/19290\/revisions"}],"wp:attachment":[{"href":"https:\/\/trailrunningmallorca.es\/index.php\/wp-json\/wp\/v2\/media?parent=19290"}],"curies":[{"name":"wp","href":"https:\/\/api.w.org\/{rel}","templated":true}]}}