{"id":19279,"date":"2024-05-27T10:01:55","date_gmt":"2024-05-27T08:01:55","guid":{"rendered":"https:\/\/trailrunningmallorca.es\/?page_id=19279"},"modified":"2024-06-15T11:02:49","modified_gmt":"2024-06-15T09:02:49","slug":"rutas-calvia","status":"publish","type":"page","link":"https:\/\/trailrunningmallorca.es\/index.php\/rutas-calvia\/","title":{"rendered":"Rutas Calvi\u00e0"},"content":{"rendered":"<div class=\"pt-cv-wrapper\"><div class=\"pt-cv-view pt-cv-blockgrid iscvblock iscvhybrid list1 layout1 pt-cv-pgregular pt-cv-justify\" id=\"pt-cv-view-9907e0db8c\"><div data-id=\"pt-cv-page-1\" class=\"pt-cv-page\" data-cvc=\"1\"><div class=\" pt-cv-content-item pt-cv-2-col\"  data-pid=\"18827\"><div class=\"pt-cv-thumb-wrapper pull-right \"><a href=\"https:\/\/trailrunningmallorca.es\/index.php\/2024\/03\/27\/pedrera-carnissera\/\" class=\"_self pt-cv-href-thumbnail pt-cv-thumb-right\" target=\"_self\" ><img loading=\"lazy\" decoding=\"async\" width=\"2000\" height=\"1126\" src=\"https:\/\/trailrunningmallorca.es\/wp-content\/uploads\/2024\/03\/nggallery_import\/20240127_121104.jpg\" class=\"pt-cv-thumbnail img-none pull-right\" alt=\"Antenas de Calvi\u00e0, Canteras na Carnissera desde Palmanova\" \/><\/a><div class=\"pt-cv-taxoterm over_top_right\"><a href='https:\/\/trailrunningmallorca.es\/index.php\/category\/rutas-comarcas\/tramuntana_sur\/calvia\/' title='Calvi\u00e0' class='pt-cv-tax-calvia'>Calvi\u00e0<\/a><a href='https:\/\/trailrunningmallorca.es\/index.php\/category\/clasificacion-rutas\/rutas-por-distancia\/menos-de-10-km\/' title='Menos de 10 Km' class='pt-cv-tax-menos-de-10-km'>Menos de 10 Km<\/a><a href='https:\/\/trailrunningmallorca.es\/index.php\/category\/clasificacion-rutas\/rutas-por-dificultad\/moderado\/' title='Moderado' class='pt-cv-tax-moderado'>Moderado<\/a><a href='https:\/\/trailrunningmallorca.es\/index.php\/category\/rutas-comarcas\/palma-running\/sierra-de-na-burguesa\/' title='Sierra de na Burguesa' class='pt-cv-tax-sierra-de-na-burguesa'>Sierra de na Burguesa<\/a><a href='https:\/\/trailrunningmallorca.es\/index.php\/category\/rutas-comarcas\/tramuntana_sur\/' title='Tramuntana Sur' class='pt-cv-tax-tramuntana_sur'>Tramuntana Sur<\/a><\/div><\/div>\n<div class=\"pt-cv-colwrap\"><h4 class=\"pt-cv-title\"><a href=\"https:\/\/trailrunningmallorca.es\/index.php\/2024\/03\/27\/pedrera-carnissera\/\" class=\"_self\" target=\"_self\" >Antenas de Calvi\u00e0, Canteras na Carnissera desde Palmanova<\/a><\/h4><div class=\"pt-cv-content\">Una ruta por la zona de na Burguesa en la vertiente de Calvi\u00e0, transitamos por antiguos caminos de acceso las canteras de Ses Vinyes y Na Carnissera. En la primera parte, accedemos a las antenas de Calvi\u00e0 por una subida exigente y f\u00e1cil. La segunda parte es m\u00e1s t\u00e9cnica para ...<br \/><div class=\"pt-cv-rmwrap\"><a href=\"https:\/\/trailrunningmallorca.es\/index.php\/2024\/03\/27\/pedrera-carnissera\/\" class=\"_self pt-cv-readmore btn btn-success\" target=\"_self\">Leer M\u00e1s<\/a><\/div><\/div><\/div><\/div>\n<div class=\" pt-cv-content-item pt-cv-2-col\"  data-pid=\"15189\"><div class=\"pt-cv-thumb-wrapper pull-right \"><a href=\"https:\/\/trailrunningmallorca.es\/index.php\/2023\/05\/21\/na-bruta\/\" class=\"_self pt-cv-href-thumbnail pt-cv-thumb-right\" target=\"_self\" ><img loading=\"lazy\" decoding=\"async\" width=\"2000\" height=\"1500\" src=\"https:\/\/trailrunningmallorca.es\/wp-content\/uploads\/2023\/05\/nggallery_import\/IMG_3033.jpeg\" class=\"pt-cv-thumbnail img-none pull-right\" alt=\"Castellot de na Mari\u00f3 (na Bruta), Cap Andritxol, Cal\u00f3 des Monjo\" \/><\/a><div class=\"pt-cv-taxoterm over_top_right\"><a href='https:\/\/trailrunningmallorca.es\/index.php\/category\/rutas-comarcas\/tramuntana_sur\/calvia\/' title='Calvi\u00e0' class='pt-cv-tax-calvia'>Calvi\u00e0<\/a><a href='https:\/\/trailrunningmallorca.es\/index.php\/category\/clasificacion-rutas\/rutas-por-distancia\/entre-10-km-y-15-km\/' title='Entre 10 km y 15 km' class='pt-cv-tax-entre-10-km-y-15-km'>Entre 10 km y 15 km<\/a><a href='https:\/\/trailrunningmallorca.es\/index.php\/category\/clasificacion-rutas\/rutas-por-dificultad\/moderado\/' title='Moderado' class='pt-cv-tax-moderado'>Moderado<\/a><a href='https:\/\/trailrunningmallorca.es\/index.php\/category\/rutas-comarcas\/tramuntana_sur\/' title='Tramuntana Sur' class='pt-cv-tax-tramuntana_sur'>Tramuntana Sur<\/a><\/div><\/div>\n<div class=\"pt-cv-colwrap\"><h4 class=\"pt-cv-title\"><a href=\"https:\/\/trailrunningmallorca.es\/index.php\/2023\/05\/21\/na-bruta\/\" class=\"_self\" target=\"_self\" >Castellot de na Mari\u00f3 (na Bruta), Cap Andritxol, Cal\u00f3 des Monjo<\/a><\/h4><div class=\"pt-cv-content\">En siglos pasados, los territorios de Poniente de la isla, eran los preferidos por piratas y corsarios para cultivar su industria. En la ruta que describo a continuaci\u00f3n, recorremos parte de esas tierras. Recorremos el litoral de Calvi\u00e0 de alt\u00edsimo valor paisaj\u00edstico en donde veremos paisajes muy variados. En la ...<br \/><div class=\"pt-cv-rmwrap\"><a href=\"https:\/\/trailrunningmallorca.es\/index.php\/2023\/05\/21\/na-bruta\/\" class=\"_self pt-cv-readmore btn btn-success\" target=\"_self\">Leer M\u00e1s<\/a><\/div><\/div><\/div><\/div>\n<div class=\" pt-cv-content-item pt-cv-2-col\"  data-pid=\"2297\"><div class=\"pt-cv-thumb-wrapper pull-right \"><a href=\"https:\/\/trailrunningmallorca.es\/index.php\/2016\/07\/04\/finca-galatzo-mola-de-sesclop-i-pas-des-cossis\/\" class=\"_self pt-cv-href-thumbnail pt-cv-thumb-right\" target=\"_self\" ><img loading=\"lazy\" decoding=\"async\" width=\"1600\" height=\"1200\" src=\"https:\/\/trailrunningmallorca.es\/wp-content\/uploads\/ngg_featured\/13_1066.jpg\" class=\"pt-cv-thumbnail img-none pull-right\" alt=\"Finca Galatz\u00f3, Mola de s&#039;Esclop i Pas des Cossis\" \/><\/a><div class=\"pt-cv-taxoterm over_top_right\"><a href='https:\/\/trailrunningmallorca.es\/index.php\/category\/rutas-comarcas\/tramuntana_sur\/calvia\/' title='Calvi\u00e0' class='pt-cv-tax-calvia'>Calvi\u00e0<\/a><a href='https:\/\/trailrunningmallorca.es\/index.php\/category\/clasificacion-rutas\/rutas-por-distancia\/entre-20-km-y-25-km\/' title='Entre 20 km y 25 km' class='pt-cv-tax-entre-20-km-y-25-km'>Entre 20 km y 25 km<\/a><a href='https:\/\/trailrunningmallorca.es\/index.php\/category\/clasificacion-rutas\/rutas-por-dificultad\/moderado\/' title='Moderado' class='pt-cv-tax-moderado'>Moderado<\/a><a href='https:\/\/trailrunningmallorca.es\/index.php\/category\/rutas-comarcas\/tramuntana_sur\/' title='Tramuntana Sur' class='pt-cv-tax-tramuntana_sur'>Tramuntana Sur<\/a><\/div><\/div>\n<div class=\"pt-cv-colwrap\"><h4 class=\"pt-cv-title\"><a href=\"https:\/\/trailrunningmallorca.es\/index.php\/2016\/07\/04\/finca-galatzo-mola-de-sesclop-i-pas-des-cossis\/\" class=\"_self\" target=\"_self\" >Finca Galatz\u00f3, Mola de s&#8217;Esclop i Pas des Cossis<\/a><\/h4><div class=\"pt-cv-content\">Itineario muy exigente por territorios de la finca del Galatz\u00f3 y que nos llevar\u00e1 a dar una preciosa vuelta hasta la Mola de s'Esclop y el Pas des Cossis. Espectacular sin duda, y que no conviene hacer los meses de verano. Itinerario Cases de Galatz\u00f3 Comellar de ses S\u00ednies Mola ...<br \/><div class=\"pt-cv-rmwrap\"><a href=\"https:\/\/trailrunningmallorca.es\/index.php\/2016\/07\/04\/finca-galatzo-mola-de-sesclop-i-pas-des-cossis\/\" class=\"_self pt-cv-readmore btn btn-success\" target=\"_self\">Leer M\u00e1s<\/a><\/div><\/div><\/div><\/div>\n<div class=\" pt-cv-content-item pt-cv-2-col\"  data-pid=\"9760\"><div class=\"pt-cv-thumb-wrapper pull-right \"><a href=\"https:\/\/trailrunningmallorca.es\/index.php\/2021\/10\/18\/esclop-pas-basto\/\" class=\"_self pt-cv-href-thumbnail pt-cv-thumb-right\" target=\"_self\" ><img loading=\"lazy\" decoding=\"async\" width=\"1800\" height=\"1350\" src=\"https:\/\/trailrunningmallorca.es\/wp-content\/uploads\/2021\/10\/nggallery_import\/IMG_1417.jpeg\" class=\"pt-cv-thumbnail img-none pull-right\" alt=\"Mola de s&#039;Esclop y Pas des Bast\u00f3 (Finca P\u00fablica Galatz\u00f3)\" \/><\/a><div class=\"pt-cv-taxoterm over_top_right\"><a href='https:\/\/trailrunningmallorca.es\/index.php\/category\/rutas-comarcas\/tramuntana_sur\/calvia\/' title='Calvi\u00e0' class='pt-cv-tax-calvia'>Calvi\u00e0<\/a><a href='https:\/\/trailrunningmallorca.es\/index.php\/category\/clasificacion-rutas\/rutas-por-distancia\/entre-15-km-y-20-km\/' title='Entre 15 km y 20 km' class='pt-cv-tax-entre-15-km-y-20-km'>Entre 15 km y 20 km<\/a><a href='https:\/\/trailrunningmallorca.es\/index.php\/category\/clasificacion-rutas\/rutas-por-dificultad\/moderado\/' title='Moderado' class='pt-cv-tax-moderado'>Moderado<\/a><a href='https:\/\/trailrunningmallorca.es\/index.php\/category\/rutas-comarcas\/tramuntana_sur\/' title='Tramuntana Sur' class='pt-cv-tax-tramuntana_sur'>Tramuntana Sur<\/a><\/div><\/div>\n<div class=\"pt-cv-colwrap\"><h4 class=\"pt-cv-title\"><a href=\"https:\/\/trailrunningmallorca.es\/index.php\/2021\/10\/18\/esclop-pas-basto\/\" class=\"_self\" target=\"_self\" >Mola de s&#8217;Esclop y Pas des Bast\u00f3 (Finca P\u00fablica Galatz\u00f3)<\/a><\/h4><div class=\"pt-cv-content\">Magn\u00edfica vuelta por la finca P\u00fablica de Galatz\u00f3, subiendo a la cima de la Mola de s'Esclop por el itinerario de Ses S\u00ednies dentro de la finca. Y en la segunda parte regresaremos por el Pas des Bast\u00f3, un tramo que no es f\u00e1cil de seguir y bajando por la ...<br \/><div class=\"pt-cv-rmwrap\"><a href=\"https:\/\/trailrunningmallorca.es\/index.php\/2021\/10\/18\/esclop-pas-basto\/\" class=\"_self pt-cv-readmore btn btn-success\" target=\"_self\">Leer M\u00e1s<\/a><\/div><\/div><\/div><\/div>\n<div class=\" pt-cv-content-item pt-cv-2-col\"  data-pid=\"15861\"><div class=\"pt-cv-thumb-wrapper pull-right \"><a href=\"https:\/\/trailrunningmallorca.es\/index.php\/2023\/07\/18\/el-toro\/\" class=\"_self pt-cv-href-thumbnail pt-cv-thumb-right\" target=\"_self\" ><img loading=\"lazy\" decoding=\"async\" width=\"2000\" height=\"1500\" src=\"https:\/\/trailrunningmallorca.es\/wp-content\/uploads\/2023\/07\/nggallery_import\/IMG_5489.jpeg\" class=\"pt-cv-thumbnail img-none pull-right\" alt=\"Zona militar Rafaubetx, Portals Vells, Cala Figuera\" \/><\/a><div class=\"pt-cv-taxoterm over_top_right\"><a href='https:\/\/trailrunningmallorca.es\/index.php\/category\/rutas-comarcas\/tramuntana_sur\/calvia\/' title='Calvi\u00e0' class='pt-cv-tax-calvia'>Calvi\u00e0<\/a><a href='https:\/\/trailrunningmallorca.es\/index.php\/category\/clasificacion-rutas\/rutas-por-distancia\/entre-15-km-y-20-km\/' title='Entre 15 km y 20 km' class='pt-cv-tax-entre-15-km-y-20-km'>Entre 15 km y 20 km<\/a><a href='https:\/\/trailrunningmallorca.es\/index.php\/category\/clasificacion-rutas\/rutas-por-dificultad\/moderado\/' title='Moderado' class='pt-cv-tax-moderado'>Moderado<\/a><a href='https:\/\/trailrunningmallorca.es\/index.php\/category\/rutas-comarcas\/tramuntana_sur\/' title='Tramuntana Sur' class='pt-cv-tax-tramuntana_sur'>Tramuntana Sur<\/a><\/div><\/div>\n<div class=\"pt-cv-colwrap\"><h4 class=\"pt-cv-title\"><a href=\"https:\/\/trailrunningmallorca.es\/index.php\/2023\/07\/18\/el-toro\/\" class=\"_self\" target=\"_self\" >Zona militar Rafaubetx, Portals Vells, Cala Figuera<\/a><\/h4><div class=\"pt-cv-content\">Una de las vueltas m\u00e1s bonitas que he hecho hasta ahora de trail running y que transcurre por la costa de El Toro, Cala Rafaubetx y Cala Figuera. Una zona de alto valor patrimonial y paisaj\u00edstico en d\u00f3nde recorremos la zona militar y llegamos a la cala Figuera y el ...<br \/><div class=\"pt-cv-rmwrap\"><a href=\"https:\/\/trailrunningmallorca.es\/index.php\/2023\/07\/18\/el-toro\/\" class=\"_self pt-cv-readmore btn btn-success\" target=\"_self\">Leer M\u00e1s<\/a><\/div><\/div><\/div><\/div><\/div><\/div><\/div>\t\t\t<style type=\"text\/css\" id=\"pt-cv-inline-style-c176527834\">\n#pt-cv-view-9907e0db8c .pt-cv-thumb-wrapper:not(.miniwrap) { width: 400px; }#pt-cv-view-9907e0db8c .pt-cv-thumbnail:not(.pt-cv-thumbnailsm) { height: 250px; }#pt-cv-view-9907e0db8c > .pt-cv-page {grid-template-columns: repeat(1, 1fr);grid-gap: 15px;}\n@media all and (max-width: 1024px) { \n#pt-cv-view-9907e0db8c > .pt-cv-page {grid-template-columns: repeat(1, 1fr);}\n} \n@media all and (max-width: 767px) { \n#pt-cv-view-9907e0db8c > .pt-cv-page {grid-template-columns: repeat(1, 1fr);}\n} <\/style>\r\n\t\t\t\t\t\t<style type=\"text\/css\" id=\"pt-cv-inline-style-5d33bdfhvj\">#pt-cv-view-9907e0db8c .pt-cv-content-item { padding-top: 15px !important; padding-right: 15px !important; padding-bottom: 15px !important; padding-left: 15px !important; }\n#pt-cv-view-9907e0db8c  .pt-cv-content-item   { border-width: 1px 1px 1px 1px !important; border-style: solid !important; }\n#pt-cv-view-9907e0db8c .pt-cv-taxoterm * { font-family: 'Open Sans', Arial, serif !important; font-size: 11px !important; line-height: 1.3 !important; background-color: #46992f !important; padding: 5px 5px 5px 5px !important; }\n#pt-cv-view-9907e0db8c .pt-cv-title a, #pt-cv-view-9907e0db8c  .panel-title { font-family: 'Open Sans', Arial, serif !important; font-size: 18px !important; line-height: 1.3 !important; color: #000000 !important; font-weight: 600 !important; }\n#pt-cv-view-9907e0db8c  .pt-cv-title a:hover, #pt-cv-view-9907e0db8c  .panel-title:hover   { font-family: 'Open Sans', Arial, serif !important; font-size: 18px !important; line-height: 1.3 !important; color: #3724e5 !important; }\n#pt-cv-view-9907e0db8c .pt-cv-content , #pt-cv-view-9907e0db8c  .pt-cv-content *:not(.pt-cv-readmore):not(style):not(script) { font-family: 'Open Sans', Arial, serif !important; font-size: 13px !important; color: #000000 !important; text-transform: capitalize !important; line-height: 2 !important; }\n#pt-cv-view-9907e0db8c .pt-cv-readmore  { color: #ffffff !important; background-color: #00aeef !important; }\n#pt-cv-view-9907e0db8c .pt-cv-readmore:hover  { color: #ffffff !important; background-color: #00aeef !important; }\n#pt-cv-view-9907e0db8c  + .pt-cv-pagination-wrapper .pt-cv-more , #pt-cv-view-9907e0db8c  + .pt-cv-pagination-wrapper .pagination .active a, .pt-cv-pagination[data-sid='9907e0db8c'] .active a { color: #ffffff !important; background-color: #00aeef !important; }\n#pt-cv-view-9907e0db8c { text-align: justify; }<\/style>\r\n\t\t\t<link href='\/\/fonts.googleapis.com\/css?family=Open+Sans' rel='stylesheet' type='text\/css'>\n","protected":false},"excerpt":{"rendered":"<table class=\"rw-rating-table rw-ltr rw-left rw-no-labels\"><tr><td><nobr>&nbsp;<\/nobr><\/td><td><div class=\"rw-left\"><div class=\"rw-ui-container rw-class-blog-post rw-urid-192800\"><\/div><\/div><\/td><\/tr><\/table><p>&nbsp; Itinerario L La ruta se inicia en la localidad calvianera de El Toro, aparcamos en la parte m\u00e1s el sur de la localidad, podremos ver la isla del Toro y algunos islotes al final de Cala Rafaubetx. Entramos en&hellip; <\/p>\n","protected":false},"author":1,"featured_media":0,"parent":0,"menu_order":0,"comment_status":"closed","ping_status":"closed","template":"","meta":{"ngg_post_thumbnail":0,"footnotes":""},"class_list":["post-19279","page","type-page","status-publish","hentry"],"_links":{"self":[{"href":"https:\/\/trailrunningmallorca.es\/index.php\/wp-json\/wp\/v2\/pages\/19279","targetHints":{"allow":["GET"]}}],"collection":[{"href":"https:\/\/trailrunningmallorca.es\/index.php\/wp-json\/wp\/v2\/pages"}],"about":[{"href":"https:\/\/trailrunningmallorca.es\/index.php\/wp-json\/wp\/v2\/types\/page"}],"author":[{"embeddable":true,"href":"https:\/\/trailrunningmallorca.es\/index.php\/wp-json\/wp\/v2\/users\/1"}],"replies":[{"embeddable":true,"href":"https:\/\/trailrunningmallorca.es\/index.php\/wp-json\/wp\/v2\/comments?post=19279"}],"version-history":[{"count":0,"href":"https:\/\/trailrunningmallorca.es\/index.php\/wp-json\/wp\/v2\/pages\/19279\/revisions"}],"wp:attachment":[{"href":"https:\/\/trailrunningmallorca.es\/index.php\/wp-json\/wp\/v2\/media?parent=19279"}],"curies":[{"name":"wp","href":"https:\/\/api.w.org\/{rel}","templated":true}]}}