{"id":19271,"date":"2024-05-25T18:49:51","date_gmt":"2024-05-25T16:49:51","guid":{"rendered":"https:\/\/trailrunningmallorca.es\/?page_id=19271"},"modified":"2024-05-27T10:00:12","modified_gmt":"2024-05-27T08:00:12","slug":"rutas-manacor","status":"publish","type":"page","link":"https:\/\/trailrunningmallorca.es\/index.php\/rutas-manacor\/","title":{"rendered":"Rutas Manacor"},"content":{"rendered":"<div class=\"pt-cv-wrapper\"><div class=\"pt-cv-view pt-cv-blockgrid iscvblock iscvhybrid list1 layout1 pt-cv-pgregular pt-cv-justify\" id=\"pt-cv-view-64e3227f2d\"><div data-id=\"pt-cv-page-1\" class=\"pt-cv-page\" data-cvc=\"1\"><div class=\" pt-cv-content-item pt-cv-2-col\"  data-pid=\"9949\"><div class=\"pt-cv-thumb-wrapper pull-left \"><a href=\"https:\/\/trailrunningmallorca.es\/index.php\/2021\/11\/09\/barranc-son-cifre\/\" class=\"_self pt-cv-href-thumbnail pt-cv-thumb-left\" target=\"_self\" ><img loading=\"lazy\" decoding=\"async\" width=\"1800\" height=\"1012\" src=\"https:\/\/trailrunningmallorca.es\/wp-content\/uploads\/2021\/11\/nggallery_import\/IMG_1551.jpeg\" class=\"pt-cv-thumbnail img-none pull-left\" alt=\"Barranc de Son Cifre\" \/><\/a><div class=\"pt-cv-taxoterm over_top_left\"><a href='https:\/\/trailrunningmallorca.es\/index.php\/category\/clasificacion-rutas\/rutas-por-distancia\/entre-10-km-y-15-km\/' title='Entre 10 km y 15 km' class='pt-cv-tax-entre-10-km-y-15-km'>Entre 10 km y 15 km<\/a><a href='https:\/\/trailrunningmallorca.es\/index.php\/category\/rutas-comarcas\/llevant\/' title='Llevant' class='pt-cv-tax-llevant'>Llevant<\/a><a href='https:\/\/trailrunningmallorca.es\/index.php\/category\/rutas-comarcas\/llevant\/manacor\/' title='Manacor' class='pt-cv-tax-manacor'>Manacor<\/a><a href='https:\/\/trailrunningmallorca.es\/index.php\/category\/clasificacion-rutas\/rutas-por-dificultad\/moderado\/' title='Moderado' class='pt-cv-tax-moderado'>Moderado<\/a><a href='https:\/\/trailrunningmallorca.es\/index.php\/category\/clasificacion-rutas\/rutas-de-senderismo\/' title='Rutas de senderismo' class='pt-cv-tax-rutas-de-senderismo'>Rutas de senderismo<\/a><\/div><\/div>\n<div class=\"pt-cv-colwrap\"><h4 class=\"pt-cv-title\"><a href=\"https:\/\/trailrunningmallorca.es\/index.php\/2021\/11\/09\/barranc-son-cifre\/\" class=\"_self\" target=\"_self\" >Barranc de Son Cifre<\/a><\/h4><div class=\"pt-cv-content\">Una ruta muy escondida por el centro de la isla que nos permitir\u00e1 disfrutar de unos de los accidentes geogr\u00e1ficos m\u00e1s espectaculares de la isla, el barranc de Son Cifre. Este fabuloso barranco se encuentra en el t\u00e9rmino municipal de Manacor y se inicia en el puente de Son Cifre ...<br \/><div class=\"pt-cv-rmwrap\"><a href=\"https:\/\/trailrunningmallorca.es\/index.php\/2021\/11\/09\/barranc-son-cifre\/\" class=\"_self pt-cv-readmore btn btn-success\" target=\"_self\">Leer M\u00e1s<\/a><\/div><\/div><\/div><\/div>\n<div class=\" pt-cv-content-item pt-cv-2-col\"  data-pid=\"1820\"><div class=\"pt-cv-thumb-wrapper pull-left \"><a href=\"https:\/\/trailrunningmallorca.es\/index.php\/2016\/04\/04\/mendia-sequer\/\" class=\"_self pt-cv-href-thumbnail pt-cv-thumb-left\" target=\"_self\" ><img loading=\"lazy\" decoding=\"async\" width=\"1600\" height=\"899\" src=\"https:\/\/trailrunningmallorca.es\/wp-content\/uploads\/ngg_featured\/22.jpg\" class=\"pt-cv-thumbnail img-none pull-left\" alt=\"Cala Mendia a Cala Sequer\" \/><\/a><div class=\"pt-cv-taxoterm over_top_left\"><a href='https:\/\/trailrunningmallorca.es\/index.php\/category\/clasificacion-rutas\/rutas-por-distancia\/entre-10-km-y-15-km\/' title='Entre 10 km y 15 km' class='pt-cv-tax-entre-10-km-y-15-km'>Entre 10 km y 15 km<\/a><a href='https:\/\/trailrunningmallorca.es\/index.php\/category\/clasificacion-rutas\/rutas-por-dificultad\/facil\/' title='F\u00e1cil' class='pt-cv-tax-facil'>F\u00e1cil<\/a><a href='https:\/\/trailrunningmallorca.es\/index.php\/category\/rutas-comarcas\/llevant\/' title='Llevant' class='pt-cv-tax-llevant'>Llevant<\/a><a href='https:\/\/trailrunningmallorca.es\/index.php\/category\/rutas-comarcas\/llevant\/manacor\/' title='Manacor' class='pt-cv-tax-manacor'>Manacor<\/a><a href='https:\/\/trailrunningmallorca.es\/index.php\/category\/clasificacion-rutas\/rutas-costeras\/' title='Rutas costeras' class='pt-cv-tax-rutas-costeras'>Rutas costeras<\/a><\/div><\/div>\n<div class=\"pt-cv-colwrap\"><h4 class=\"pt-cv-title\"><a href=\"https:\/\/trailrunningmallorca.es\/index.php\/2016\/04\/04\/mendia-sequer\/\" class=\"_self\" target=\"_self\" >Cala Mendia a Cala Sequer<\/a><\/h4><div class=\"pt-cv-content\">Tramo costero por el levante de Mallorca, visitando las calas m\u00e1s bellas de la isla como Cala Varques, Cala Rom\u00e1ntica y Cala Sequer. Una preciosa excursi\u00f3n al lado del mar sin ninguna dificultad. Itinerario Cala Mendia Cala Rom\u00e0ntica Cala Falc\u00f3 Cala Varques Cala Sequer Otra preciosa excursi\u00f3n que transcurre por ...<br \/><div class=\"pt-cv-rmwrap\"><a href=\"https:\/\/trailrunningmallorca.es\/index.php\/2016\/04\/04\/mendia-sequer\/\" class=\"_self pt-cv-readmore btn btn-success\" target=\"_self\">Leer M\u00e1s<\/a><\/div><\/div><\/div><\/div>\n<div class=\" pt-cv-content-item pt-cv-2-col\"  data-pid=\"11914\"><div class=\"pt-cv-thumb-wrapper pull-left \"><a href=\"https:\/\/trailrunningmallorca.es\/index.php\/2022\/07\/10\/es-fangar\/\" class=\"_self pt-cv-href-thumbnail pt-cv-thumb-left\" target=\"_self\" ><img loading=\"lazy\" decoding=\"async\" width=\"1800\" height=\"1012\" src=\"https:\/\/trailrunningmallorca.es\/wp-content\/uploads\/2022\/07\/nggallery_import\/IMG_3938.jpeg\" class=\"pt-cv-thumbnail img-none pull-left\" alt=\"Es Fangar y Puig de sa Mola\" \/><\/a><div class=\"pt-cv-taxoterm over_top_left\"><a href='https:\/\/trailrunningmallorca.es\/index.php\/category\/clasificacion-rutas\/rutas-por-distancia\/entre-15-km-y-20-km\/' title='Entre 15 km y 20 km' class='pt-cv-tax-entre-15-km-y-20-km'>Entre 15 km y 20 km<\/a><a href='https:\/\/trailrunningmallorca.es\/index.php\/category\/rutas-comarcas\/llevant\/' title='Llevant' class='pt-cv-tax-llevant'>Llevant<\/a><a href='https:\/\/trailrunningmallorca.es\/index.php\/category\/rutas-comarcas\/llevant\/manacor\/' title='Manacor' class='pt-cv-tax-manacor'>Manacor<\/a><a href='https:\/\/trailrunningmallorca.es\/index.php\/category\/clasificacion-rutas\/rutas-por-dificultad\/moderado\/' title='Moderado' class='pt-cv-tax-moderado'>Moderado<\/a><\/div><\/div>\n<div class=\"pt-cv-colwrap\"><h4 class=\"pt-cv-title\"><a href=\"https:\/\/trailrunningmallorca.es\/index.php\/2022\/07\/10\/es-fangar\/\" class=\"_self\" target=\"_self\" >Es Fangar y Puig de sa Mola<\/a><\/h4><div class=\"pt-cv-content\">Maravilloso rodaje por terreno casi plano por la finca de Es Fangar, una de las m\u00e1s extensas de Mallorca y que adem\u00e1s en la frontera entre los municipios de Felanitx y Manacor. Una gran parte de la finca est\u00e1 catalogada como ANEI. Es una vuelta por pistas anchas de tierra, ...<br \/><div class=\"pt-cv-rmwrap\"><a href=\"https:\/\/trailrunningmallorca.es\/index.php\/2022\/07\/10\/es-fangar\/\" class=\"_self pt-cv-readmore btn btn-success\" target=\"_self\">Leer M\u00e1s<\/a><\/div><\/div><\/div><\/div>\n<div class=\" pt-cv-content-item pt-cv-2-col\"  data-pid=\"22061\"><div class=\"pt-cv-thumb-wrapper pull-left \"><a href=\"https:\/\/trailrunningmallorca.es\/index.php\/2025\/12\/14\/manacor-pedreres\/\" class=\"_self pt-cv-href-thumbnail pt-cv-thumb-left\" target=\"_self\" ><img loading=\"lazy\" decoding=\"async\" width=\"2000\" height=\"1126\" src=\"https:\/\/trailrunningmallorca.es\/wp-content\/uploads\/2025\/12\/nggallery_import\/20250103_140219.jpeg\" class=\"pt-cv-thumbnail img-none pull-left\" alt=\"Manacor, per Son Caules, Ses Pedreres, Son Pou Vell\" \/><\/a><div class=\"pt-cv-taxoterm over_top_left\"><a href='https:\/\/trailrunningmallorca.es\/index.php\/category\/clasificacion-rutas\/rutas-por-distancia\/entre-15-km-y-20-km\/' title='Entre 15 km y 20 km' class='pt-cv-tax-entre-15-km-y-20-km'>Entre 15 km y 20 km<\/a><a href='https:\/\/trailrunningmallorca.es\/index.php\/category\/clasificacion-rutas\/rutas-por-dificultad\/facil\/' title='F\u00e1cil' class='pt-cv-tax-facil'>F\u00e1cil<\/a><a href='https:\/\/trailrunningmallorca.es\/index.php\/category\/rutas-comarcas\/llevant\/' title='Llevant' class='pt-cv-tax-llevant'>Llevant<\/a><a href='https:\/\/trailrunningmallorca.es\/index.php\/category\/rutas-comarcas\/llevant\/manacor\/' title='Manacor' class='pt-cv-tax-manacor'>Manacor<\/a><\/div><\/div>\n<div class=\"pt-cv-colwrap\"><h4 class=\"pt-cv-title\"><a href=\"https:\/\/trailrunningmallorca.es\/index.php\/2025\/12\/14\/manacor-pedreres\/\" class=\"_self\" target=\"_self\" >Manacor, per Son Caules, Ses Pedreres, Son Pou Vell<\/a><\/h4><div class=\"pt-cv-content\">Ruta entre los municipios de Manacor y Vilafranca por otro magn\u00edfico itinerario con poco asfalto. Caminos como Son Caules, Ses Pedreres y Son Moix en Manacor y Albadallet, Ca'n Patina Vell dentro de Vilafranca, incluso veremos los restos de un yacimiento arqueol\u00f3gico en Son Pou Vell. Itinerario largo y muy ...<br \/><div class=\"pt-cv-rmwrap\"><a href=\"https:\/\/trailrunningmallorca.es\/index.php\/2025\/12\/14\/manacor-pedreres\/\" class=\"_self pt-cv-readmore btn btn-success\" target=\"_self\">Leer M\u00e1s<\/a><\/div><\/div><\/div><\/div>\n<div class=\" pt-cv-content-item pt-cv-2-col\"  data-pid=\"3165\"><div class=\"pt-cv-thumb-wrapper pull-left \"><a href=\"https:\/\/trailrunningmallorca.es\/index.php\/2016\/11\/04\/via-verda-manacor-arta\/\" class=\"_self pt-cv-href-thumbnail pt-cv-thumb-left\" target=\"_self\" ><img loading=\"lazy\" decoding=\"async\" width=\"2000\" height=\"1124\" src=\"https:\/\/trailrunningmallorca.es\/wp-content\/uploads\/ngg_featured\/18.jpg\" class=\"pt-cv-thumbnail img-none pull-left\" alt=\"Via Verda Manacor-Art\u00e0\" \/><\/a><div class=\"pt-cv-taxoterm over_top_left\"><a href='https:\/\/trailrunningmallorca.es\/index.php\/category\/clasificacion-rutas\/rutas-por-dificultad\/facil\/' title='F\u00e1cil' class='pt-cv-tax-facil'>F\u00e1cil<\/a><a href='https:\/\/trailrunningmallorca.es\/index.php\/category\/rutas-comarcas\/llevant\/' title='Llevant' class='pt-cv-tax-llevant'>Llevant<\/a><a href='https:\/\/trailrunningmallorca.es\/index.php\/category\/rutas-comarcas\/llevant\/manacor\/' title='Manacor' class='pt-cv-tax-manacor'>Manacor<\/a><a href='https:\/\/trailrunningmallorca.es\/index.php\/category\/clasificacion-rutas\/rutas-por-distancia\/mas-de-25-km\/' title='M\u00e1s de 25 km' class='pt-cv-tax-mas-de-25-km'>M\u00e1s de 25 km<\/a><\/div><\/div>\n<div class=\"pt-cv-colwrap\"><h4 class=\"pt-cv-title\"><a href=\"https:\/\/trailrunningmallorca.es\/index.php\/2016\/11\/04\/via-verda-manacor-arta\/\" class=\"_self\" target=\"_self\" >Via Verda Manacor-Art\u00e0<\/a><\/h4><div class=\"pt-cv-content\">La v\u00eda verde Manacor - Art\u00e0 recorre 29 kil\u00f3metros, desde Manacor hasta Art\u00e0 pasando por Sant Lloren\u00e7, Son Carri\u00f3 y Son Servera, siguiendo el trazado de una antigua l\u00ednea de ferrocarril que funcion\u00f3 como tal entre los a\u00f1os 1921 y 1977. Ruta fant\u00e1stica para disfrutar de correr en terreno llano ...<br \/><div class=\"pt-cv-rmwrap\"><a href=\"https:\/\/trailrunningmallorca.es\/index.php\/2016\/11\/04\/via-verda-manacor-arta\/\" class=\"_self pt-cv-readmore btn btn-success\" target=\"_self\">Leer M\u00e1s<\/a><\/div><\/div><\/div><\/div><\/div><\/div><\/div>\t\t\t<style type=\"text\/css\" id=\"pt-cv-inline-style-0870e4dscl\">\n#pt-cv-view-64e3227f2d .pt-cv-thumb-wrapper:not(.miniwrap) { width: 450px; }#pt-cv-view-64e3227f2d .pt-cv-thumbnail:not(.pt-cv-thumbnailsm) { height: 250px; }#pt-cv-view-64e3227f2d > .pt-cv-page {grid-template-columns: repeat(1, 1fr);grid-gap: 15px;}\n@media all and (max-width: 1024px) { \n#pt-cv-view-64e3227f2d > .pt-cv-page {grid-template-columns: repeat(1, 1fr);}\n} \n@media all and (max-width: 767px) { \n#pt-cv-view-64e3227f2d > .pt-cv-page {grid-template-columns: repeat(1, 1fr);}\n} <\/style>\r\n\t\t\t\t\t\t<style type=\"text\/css\" id=\"pt-cv-inline-style-38cb754i1h\">#pt-cv-view-64e3227f2d .pt-cv-content-item { padding-top: 0px !important; padding-right: 0px !important; padding-bottom: 0px !important; padding-left: 0px !important; }\n#pt-cv-view-64e3227f2d  .pt-cv-content-item   { background-color: #ffffff !important; border-width: 1px 1px 1px 1px !important; border-style: none !important; border-radius: 0px 0px 0px 0px !important; }\n#pt-cv-view-64e3227f2d .pt-cv-taxoterm * { font-family: 'Open Sans', Arial, serif !important; font-size: 11px !important; line-height: 1.3 !important; color: #000000 !important; background-color: #efefef !important; margin: 2px 5px 0px 0px !important; padding: 5px 5px 5px 5px !important; }\n#pt-cv-view-64e3227f2d .pt-cv-title a, #pt-cv-view-64e3227f2d  .panel-title { font-family: 'Open Sans', Arial, serif !important; font-size: 18px !important; line-height: 1.3 !important; color: #dd3333 !important; font-weight: 600 !important; padding: 3px 3px 3px 3px !important; display: block !important; }\n#pt-cv-view-64e3227f2d  .pt-cv-title a:hover, #pt-cv-view-64e3227f2d  .panel-title:hover   { font-family: 'Open Sans', Arial, serif !important; font-size: 18px !important; line-height: 1.3 !important; color: #3724e5 !important; }\n#pt-cv-view-64e3227f2d .pt-cv-content , #pt-cv-view-64e3227f2d  .pt-cv-content *:not(.pt-cv-readmore):not(style):not(script) { font-family: 'Open Sans', Arial, serif !important; font-size: 13px !important; color: #000000 !important; text-transform: capitalize !important; line-height: 2 !important; padding: 5px 5px 5px 5px !important; }\n#pt-cv-view-64e3227f2d .pt-cv-readmore  { color: #ffffff !important; background-color: #00aeef !important; }\n#pt-cv-view-64e3227f2d .pt-cv-readmore:hover  { color: #ffffff !important; background-color: #00aeef !important; }\n#pt-cv-view-64e3227f2d  + .pt-cv-pagination-wrapper .pt-cv-more , #pt-cv-view-64e3227f2d  + .pt-cv-pagination-wrapper .pagination .active a, .pt-cv-pagination[data-sid='64e3227f2d'] .active a { color: #ffffff !important; background-color: #00aeef !important; }\n#pt-cv-view-64e3227f2d { text-align: justify; }<\/style>\r\n\t\t\t<link href='\/\/fonts.googleapis.com\/css?family=Open+Sans' rel='stylesheet' type='text\/css'>\n","protected":false},"excerpt":{"rendered":"<table class=\"rw-rating-table rw-ltr rw-left rw-no-labels\"><tr><td><nobr>&nbsp;<\/nobr><\/td><td><div class=\"rw-left\"><div class=\"rw-ui-container rw-class-blog-post rw-urid-192720\"><\/div><\/div><\/td><\/tr><\/table><p>&nbsp; &nbsp; Itinerario Km.0 La v\u00eda verde Manacor-Art\u00e1 comienza en el l\u00edmite este de Manacor. El lugar exacto se encuentra en la curva que realiza el Passeig del Ferrocarril antes de desembocar en la plaza de Madrid.&nbsp;La antigua v\u00eda aparece&hellip; <\/p>\n","protected":false},"author":1,"featured_media":0,"parent":0,"menu_order":0,"comment_status":"closed","ping_status":"closed","template":"","meta":{"ngg_post_thumbnail":0,"footnotes":""},"class_list":["post-19271","page","type-page","status-publish","hentry"],"_links":{"self":[{"href":"https:\/\/trailrunningmallorca.es\/index.php\/wp-json\/wp\/v2\/pages\/19271","targetHints":{"allow":["GET"]}}],"collection":[{"href":"https:\/\/trailrunningmallorca.es\/index.php\/wp-json\/wp\/v2\/pages"}],"about":[{"href":"https:\/\/trailrunningmallorca.es\/index.php\/wp-json\/wp\/v2\/types\/page"}],"author":[{"embeddable":true,"href":"https:\/\/trailrunningmallorca.es\/index.php\/wp-json\/wp\/v2\/users\/1"}],"replies":[{"embeddable":true,"href":"https:\/\/trailrunningmallorca.es\/index.php\/wp-json\/wp\/v2\/comments?post=19271"}],"version-history":[{"count":0,"href":"https:\/\/trailrunningmallorca.es\/index.php\/wp-json\/wp\/v2\/pages\/19271\/revisions"}],"wp:attachment":[{"href":"https:\/\/trailrunningmallorca.es\/index.php\/wp-json\/wp\/v2\/media?parent=19271"}],"curies":[{"name":"wp","href":"https:\/\/api.w.org\/{rel}","templated":true}]}}