{"id":19269,"date":"2024-05-25T18:46:36","date_gmt":"2024-05-25T16:46:36","guid":{"rendered":"https:\/\/trailrunningmallorca.es\/?page_id=19269"},"modified":"2024-05-27T10:06:26","modified_gmt":"2024-05-27T08:06:26","slug":"rutas-capdepera","status":"publish","type":"page","link":"https:\/\/trailrunningmallorca.es\/index.php\/rutas-capdepera\/","title":{"rendered":"Rutas Capdepera"},"content":{"rendered":"<div class=\"pt-cv-wrapper\"><div class=\"pt-cv-view pt-cv-blockgrid iscvblock iscvhybrid list1 layout1 pt-cv-pgregular pt-cv-justify\" id=\"pt-cv-view-4366fd7a3e\"><div data-id=\"pt-cv-page-1\" class=\"pt-cv-page\" data-cvc=\"1\"><div class=\" pt-cv-content-item pt-cv-2-col\"  data-pid=\"18126\"><div class=\"pt-cv-thumb-wrapper pull-left \"><a href=\"https:\/\/trailrunningmallorca.es\/index.php\/2024\/01\/04\/capdepera1\/\" class=\"_self pt-cv-href-thumbnail pt-cv-thumb-left\" target=\"_self\" ><img loading=\"lazy\" decoding=\"async\" width=\"1800\" height=\"1013\" src=\"https:\/\/trailrunningmallorca.es\/wp-content\/uploads\/2024\/01\/nggallery_import\/20231226_135747.jpg\" class=\"pt-cv-thumbnail img-none pull-left\" alt=\"Castell de Capdepera, Costa de Cala Ratjada, Puig de sa Cova\" \/><\/a><div class=\"pt-cv-taxoterm over_top_left\"><a href='https:\/\/trailrunningmallorca.es\/index.php\/category\/rutas-comarcas\/llevant\/capdepera\/' title='Capdepera' class='pt-cv-tax-capdepera'>Capdepera<\/a><a href='https:\/\/trailrunningmallorca.es\/index.php\/category\/clasificacion-rutas\/rutas-por-distancia\/entre-15-km-y-20-km\/' title='Entre 15 km y 20 km' class='pt-cv-tax-entre-15-km-y-20-km'>Entre 15 km y 20 km<\/a><a href='https:\/\/trailrunningmallorca.es\/index.php\/category\/rutas-comarcas\/llevant\/' title='Llevant' class='pt-cv-tax-llevant'>Llevant<\/a><a href='https:\/\/trailrunningmallorca.es\/index.php\/category\/clasificacion-rutas\/rutas-por-dificultad\/moderado\/' title='Moderado' class='pt-cv-tax-moderado'>Moderado<\/a><a href='https:\/\/trailrunningmallorca.es\/index.php\/category\/clasificacion-rutas\/rutas-costeras\/' title='Rutas costeras' class='pt-cv-tax-rutas-costeras'>Rutas costeras<\/a><\/div><\/div>\n<div class=\"pt-cv-colwrap\"><h4 class=\"pt-cv-title\"><a href=\"https:\/\/trailrunningmallorca.es\/index.php\/2024\/01\/04\/capdepera1\/\" class=\"_self\" target=\"_self\" >Castell de Capdepera, Costa de Cala Ratjada, Puig de sa Cova<\/a><\/h4><div class=\"pt-cv-content\">Esta preciosa ruta se inicia en las murallas del Castell de Capdepera, e iniciamos la ruta 6 marcada por el Ayuntamiento hacia Cala Rajada. Seguimos por la ruta 1.3 que recorre la costa de Cala Rajada pasando por calitas paradis\u00edacas hasta llegar a la Font de sa Cala. La tercera ...<br \/><div class=\"pt-cv-rmwrap\"><a href=\"https:\/\/trailrunningmallorca.es\/index.php\/2024\/01\/04\/capdepera1\/\" class=\"_self pt-cv-readmore btn btn-success\" target=\"_self\">Leer M\u00e1s<\/a><\/div><\/div><\/div><\/div>\n<div class=\" pt-cv-content-item pt-cv-2-col\"  data-pid=\"12221\"><div class=\"pt-cv-thumb-wrapper pull-left \"><a href=\"https:\/\/trailrunningmallorca.es\/index.php\/2022\/09\/05\/son-jaumell\/\" class=\"_self pt-cv-href-thumbnail pt-cv-thumb-left\" target=\"_self\" ><img loading=\"lazy\" decoding=\"async\" width=\"2000\" height=\"1124\" src=\"https:\/\/trailrunningmallorca.es\/wp-content\/uploads\/2022\/09\/nggallery_import\/IMG_3355.jpeg\" class=\"pt-cv-thumbnail img-none pull-left\" alt=\"Talaia de Son Jaumell y Calas de Art\u00e0\" \/><\/a><div class=\"pt-cv-taxoterm over_top_left\"><a href='https:\/\/trailrunningmallorca.es\/index.php\/category\/rutas-comarcas\/llevant\/capdepera\/' title='Capdepera' class='pt-cv-tax-capdepera'>Capdepera<\/a><a href='https:\/\/trailrunningmallorca.es\/index.php\/category\/clasificacion-rutas\/rutas-por-distancia\/entre-15-km-y-20-km\/' title='Entre 15 km y 20 km' class='pt-cv-tax-entre-15-km-y-20-km'>Entre 15 km y 20 km<\/a><a href='https:\/\/trailrunningmallorca.es\/index.php\/category\/rutas-comarcas\/llevant\/' title='Llevant' class='pt-cv-tax-llevant'>Llevant<\/a><a href='https:\/\/trailrunningmallorca.es\/index.php\/category\/clasificacion-rutas\/rutas-por-dificultad\/moderado\/' title='Moderado' class='pt-cv-tax-moderado'>Moderado<\/a><a href='https:\/\/trailrunningmallorca.es\/index.php\/category\/clasificacion-rutas\/rutas-costeras\/' title='Rutas costeras' class='pt-cv-tax-rutas-costeras'>Rutas costeras<\/a><\/div><\/div>\n<div class=\"pt-cv-colwrap\"><h4 class=\"pt-cv-title\"><a href=\"https:\/\/trailrunningmallorca.es\/index.php\/2022\/09\/05\/son-jaumell\/\" class=\"_self\" target=\"_self\" >Talaia de Son Jaumell y Calas de Art\u00e0<\/a><\/h4><div class=\"pt-cv-content\">Una ruta realmente bonita por el Levante mallorqu\u00edn y que transcurre por los municipios de Capdepera y Art\u00e0. Visitaremos la Talaia de Son Jaumell, una antigua torre de vigilancia de forma c\u00f3nica, situada a 273 m. de altitud, en una zona estrat\u00e9gica de Capdepera. En la segunda parte de la ...<br \/><div class=\"pt-cv-rmwrap\"><a href=\"https:\/\/trailrunningmallorca.es\/index.php\/2022\/09\/05\/son-jaumell\/\" class=\"_self pt-cv-readmore btn btn-success\" target=\"_self\">Leer M\u00e1s<\/a><\/div><\/div><\/div><\/div><\/div><\/div><\/div>\t\t\t<style type=\"text\/css\" id=\"pt-cv-inline-style-1b97ac9ipa\">\n#pt-cv-view-4366fd7a3e .pt-cv-thumb-wrapper:not(.miniwrap) { width: 450px; }#pt-cv-view-4366fd7a3e .pt-cv-thumbnail:not(.pt-cv-thumbnailsm) { height: 250px; }#pt-cv-view-4366fd7a3e > .pt-cv-page {grid-template-columns: repeat(1, 1fr);grid-gap: 15px;}\n@media all and (max-width: 1024px) { \n#pt-cv-view-4366fd7a3e > .pt-cv-page {grid-template-columns: repeat(1, 1fr);}\n} \n@media all and (max-width: 767px) { \n#pt-cv-view-4366fd7a3e > .pt-cv-page {grid-template-columns: repeat(1, 1fr);}\n} <\/style>\r\n\t\t\t\t\t\t<style type=\"text\/css\" id=\"pt-cv-inline-style-801c2bb09x\">#pt-cv-view-4366fd7a3e .pt-cv-content-item { padding-top: 0px !important; padding-right: 0px !important; padding-bottom: 0px !important; padding-left: 0px !important; }\n#pt-cv-view-4366fd7a3e  .pt-cv-content-item   { background-color: #ffffff !important; border-width: 1px 1px 1px 1px !important; border-style: none !important; border-radius: 0px 0px 0px 0px !important; }\n#pt-cv-view-4366fd7a3e .pt-cv-taxoterm * { font-family: 'Open Sans', Arial, serif !important; font-size: 11px !important; line-height: 1.3 !important; color: #000000 !important; background-color: #efefef !important; margin: 2px 5px 0px 0px !important; padding: 5px 5px 5px 5px !important; }\n#pt-cv-view-4366fd7a3e .pt-cv-title a, #pt-cv-view-4366fd7a3e  .panel-title { font-family: 'Open Sans', Arial, serif !important; font-size: 18px !important; line-height: 1.3 !important; color: #dd3333 !important; font-weight: 600 !important; padding: 3px 3px 3px 3px !important; display: block !important; }\n#pt-cv-view-4366fd7a3e  .pt-cv-title a:hover, #pt-cv-view-4366fd7a3e  .panel-title:hover   { font-family: 'Open Sans', Arial, serif !important; font-size: 18px !important; line-height: 1.3 !important; color: #3724e5 !important; }\n#pt-cv-view-4366fd7a3e .pt-cv-content , #pt-cv-view-4366fd7a3e  .pt-cv-content *:not(.pt-cv-readmore):not(style):not(script) { font-family: 'Open Sans', Arial, serif !important; font-size: 13px !important; color: #000000 !important; text-transform: capitalize !important; line-height: 2 !important; padding: 5px 5px 5px 5px !important; }\n#pt-cv-view-4366fd7a3e .pt-cv-readmore  { color: #ffffff !important; background-color: #00aeef !important; }\n#pt-cv-view-4366fd7a3e .pt-cv-readmore:hover  { color: #ffffff !important; background-color: #00aeef !important; }\n#pt-cv-view-4366fd7a3e  + .pt-cv-pagination-wrapper .pt-cv-more , #pt-cv-view-4366fd7a3e  + .pt-cv-pagination-wrapper .pagination .active a, .pt-cv-pagination[data-sid='4366fd7a3e'] .active a { color: #ffffff !important; background-color: #00aeef !important; }\n#pt-cv-view-4366fd7a3e { text-align: justify; }<\/style>\r\n\t\t\t<link href='\/\/fonts.googleapis.com\/css?family=Open+Sans' rel='stylesheet' type='text\/css'>\n","protected":false},"excerpt":{"rendered":"<table class=\"rw-rating-table rw-ltr rw-left rw-no-labels\"><tr><td><nobr>&nbsp;<\/nobr><\/td><td><div class=\"rw-left\"><div class=\"rw-ui-container rw-class-blog-post rw-urid-192700\"><\/div><\/div><\/td><\/tr><\/table><p>&nbsp; Itinerario Empezamos la ruta en Cala Mesquida, enseguida podremos ver unas pasarelas de madera que atraviesan las dunas. La subida hacia la atalaya la haremos por el Coll de sa Marina, cogiendo el desv\u00edo la derecha, por una ancha&hellip; <\/p>\n","protected":false},"author":1,"featured_media":0,"parent":0,"menu_order":0,"comment_status":"closed","ping_status":"closed","template":"","meta":{"ngg_post_thumbnail":0,"footnotes":""},"class_list":["post-19269","page","type-page","status-publish","hentry"],"_links":{"self":[{"href":"https:\/\/trailrunningmallorca.es\/index.php\/wp-json\/wp\/v2\/pages\/19269","targetHints":{"allow":["GET"]}}],"collection":[{"href":"https:\/\/trailrunningmallorca.es\/index.php\/wp-json\/wp\/v2\/pages"}],"about":[{"href":"https:\/\/trailrunningmallorca.es\/index.php\/wp-json\/wp\/v2\/types\/page"}],"author":[{"embeddable":true,"href":"https:\/\/trailrunningmallorca.es\/index.php\/wp-json\/wp\/v2\/users\/1"}],"replies":[{"embeddable":true,"href":"https:\/\/trailrunningmallorca.es\/index.php\/wp-json\/wp\/v2\/comments?post=19269"}],"version-history":[{"count":0,"href":"https:\/\/trailrunningmallorca.es\/index.php\/wp-json\/wp\/v2\/pages\/19269\/revisions"}],"wp:attachment":[{"href":"https:\/\/trailrunningmallorca.es\/index.php\/wp-json\/wp\/v2\/media?parent=19269"}],"curies":[{"name":"wp","href":"https:\/\/api.w.org\/{rel}","templated":true}]}}