{"id":19267,"date":"2024-05-25T18:45:39","date_gmt":"2024-05-25T16:45:39","guid":{"rendered":"https:\/\/trailrunningmallorca.es\/?page_id=19267"},"modified":"2024-05-27T09:59:30","modified_gmt":"2024-05-27T07:59:30","slug":"rutas-arta","status":"publish","type":"page","link":"https:\/\/trailrunningmallorca.es\/index.php\/rutas-arta\/","title":{"rendered":"Rutas Art\u00e0"},"content":{"rendered":"<div class=\"pt-cv-wrapper\"><div class=\"pt-cv-view pt-cv-blockgrid iscvblock iscvhybrid list1 layout1 pt-cv-pgregular pt-cv-justify\" id=\"pt-cv-view-aa613eags3\"><div data-id=\"pt-cv-page-1\" class=\"pt-cv-page\" data-cvc=\"1\"><div class=\" pt-cv-content-item pt-cv-2-col\"  data-pid=\"19906\"><div class=\"pt-cv-thumb-wrapper pull-left \"><a href=\"https:\/\/trailrunningmallorca.es\/index.php\/2024\/08\/10\/bec-ferrutx\/\" class=\"_self pt-cv-href-thumbnail pt-cv-thumb-left\" target=\"_self\" ><img loading=\"lazy\" decoding=\"async\" width=\"2000\" height=\"1126\" src=\"https:\/\/trailrunningmallorca.es\/wp-content\/uploads\/2024\/08\/nggallery_import\/20240604_121724.jpg\" class=\"pt-cv-thumbnail img-none pull-left\" alt=\"Bec de Ferrutx desde urbanitzaci\u00f3 Betlem\" \/><\/a><div class=\"pt-cv-taxoterm over_top_left\"><a href='https:\/\/trailrunningmallorca.es\/index.php\/category\/rutas-comarcas\/llevant\/arta\/' title='Art\u00e0' class='pt-cv-tax-arta'>Art\u00e0<\/a><a href='https:\/\/trailrunningmallorca.es\/index.php\/category\/clasificacion-rutas\/rutas-por-distancia\/entre-15-km-y-20-km\/' title='Entre 15 km y 20 km' class='pt-cv-tax-entre-15-km-y-20-km'>Entre 15 km y 20 km<\/a><a href='https:\/\/trailrunningmallorca.es\/index.php\/category\/rutas-comarcas\/llevant\/' title='Llevant' class='pt-cv-tax-llevant'>Llevant<\/a><a href='https:\/\/trailrunningmallorca.es\/index.php\/category\/clasificacion-rutas\/rutas-por-dificultad\/moderado\/' title='Moderado' class='pt-cv-tax-moderado'>Moderado<\/a><\/div><\/div>\n<div class=\"pt-cv-colwrap\"><h4 class=\"pt-cv-title\"><a href=\"https:\/\/trailrunningmallorca.es\/index.php\/2024\/08\/10\/bec-ferrutx\/\" class=\"_self\" target=\"_self\" >Bec de Ferrutx desde urbanitzaci\u00f3 Betlem<\/a><\/h4><div class=\"pt-cv-content\">Una cima cl\u00e1sica del municipio de Art\u00e0 y que ten\u00eda pendiente, se trata del Bec de Farrutx, una monta\u00f1a de 528 metros de altitud y que la subimos desde la urbanizaci\u00f3n de Betlem. La primera parte llega hasta la fuente y Ermita de Betlem, visita obligada y la segunda parte ...<br \/><div class=\"pt-cv-rmwrap\"><a href=\"https:\/\/trailrunningmallorca.es\/index.php\/2024\/08\/10\/bec-ferrutx\/\" class=\"_self pt-cv-readmore btn btn-success\" target=\"_self\">Leer M\u00e1s<\/a><\/div><\/div><\/div><\/div>\n<div class=\" pt-cv-content-item pt-cv-2-col\"  data-pid=\"5417\"><div class=\"pt-cv-thumb-wrapper pull-left \"><a href=\"https:\/\/trailrunningmallorca.es\/index.php\/2018\/06\/18\/parc-llevant-1\/\" class=\"_self pt-cv-href-thumbnail pt-cv-thumb-left\" target=\"_self\" ><img loading=\"lazy\" decoding=\"async\" width=\"2000\" height=\"823\" src=\"https:\/\/trailrunningmallorca.es\/wp-content\/uploads\/ngg_featured\/21_6299.jpeg\" class=\"pt-cv-thumbnail img-none pull-left\" alt=\"Parc Natural Llevant : Alqueria Vella, Arenalet, Cam\u00ed Mondoi, Cam\u00ed dels Presos\" \/><\/a><div class=\"pt-cv-taxoterm over_top_left\"><a href='https:\/\/trailrunningmallorca.es\/index.php\/category\/rutas-comarcas\/llevant\/arta\/' title='Art\u00e0' class='pt-cv-tax-arta'>Art\u00e0<\/a><a href='https:\/\/trailrunningmallorca.es\/index.php\/category\/clasificacion-rutas\/rutas-por-distancia\/entre-15-km-y-20-km\/' title='Entre 15 km y 20 km' class='pt-cv-tax-entre-15-km-y-20-km'>Entre 15 km y 20 km<\/a><a href='https:\/\/trailrunningmallorca.es\/index.php\/category\/clasificacion-rutas\/rutas-por-dificultad\/facil\/' title='F\u00e1cil' class='pt-cv-tax-facil'>F\u00e1cil<\/a><a href='https:\/\/trailrunningmallorca.es\/index.php\/category\/rutas-comarcas\/llevant\/' title='Llevant' class='pt-cv-tax-llevant'>Llevant<\/a><a href='https:\/\/trailrunningmallorca.es\/index.php\/category\/clasificacion-rutas\/rutas-costeras\/' title='Rutas costeras' class='pt-cv-tax-rutas-costeras'>Rutas costeras<\/a><\/div><\/div>\n<div class=\"pt-cv-colwrap\"><h4 class=\"pt-cv-title\"><a href=\"https:\/\/trailrunningmallorca.es\/index.php\/2018\/06\/18\/parc-llevant-1\/\" class=\"_self\" target=\"_self\" >Parc Natural Llevant : Alqueria Vella, Arenalet, Cam\u00ed Mondoi, Cam\u00ed dels Presos<\/a><\/h4><div class=\"pt-cv-content\">El Parc de Llevant siempre es especial, un lugar al que por su lejan\u00eda no solemos acudir muchas veces. La ruta que se presenta es una vuelta larga y muy interesante al juntar varios caminos y visitar una de las calas m\u00e1s bonitas de la isla. Itinerario Cases Alqueria Vella ...<br \/><div class=\"pt-cv-rmwrap\"><a href=\"https:\/\/trailrunningmallorca.es\/index.php\/2018\/06\/18\/parc-llevant-1\/\" class=\"_self pt-cv-readmore btn btn-success\" target=\"_self\">Leer M\u00e1s<\/a><\/div><\/div><\/div><\/div>\n<div class=\" pt-cv-content-item pt-cv-2-col\"  data-pid=\"6000\"><div class=\"pt-cv-thumb-wrapper pull-left \"><a href=\"https:\/\/trailrunningmallorca.es\/index.php\/2018\/11\/01\/talaia-moreia\/\" class=\"_self pt-cv-href-thumbnail pt-cv-thumb-left\" target=\"_self\" ><img loading=\"lazy\" decoding=\"async\" width=\"2000\" height=\"1124\" src=\"https:\/\/trailrunningmallorca.es\/wp-content\/uploads\/ngg_featured\/24_7991.jpeg\" class=\"pt-cv-thumbnail img-none pull-left\" alt=\"Puig de sa Tudossa y sa Talaia Moreia desde Betlem\" \/><\/a><div class=\"pt-cv-taxoterm over_top_left\"><a href='https:\/\/trailrunningmallorca.es\/index.php\/category\/rutas-comarcas\/llevant\/arta\/' title='Art\u00e0' class='pt-cv-tax-arta'>Art\u00e0<\/a><a href='https:\/\/trailrunningmallorca.es\/index.php\/category\/clasificacion-rutas\/rutas-por-dificultad\/dificil\/' title='Dif\u00edcil' class='pt-cv-tax-dificil'>Dif\u00edcil<\/a><a href='https:\/\/trailrunningmallorca.es\/index.php\/category\/clasificacion-rutas\/rutas-por-distancia\/entre-10-km-y-15-km\/' title='Entre 10 km y 15 km' class='pt-cv-tax-entre-10-km-y-15-km'>Entre 10 km y 15 km<\/a><a href='https:\/\/trailrunningmallorca.es\/index.php\/category\/rutas-comarcas\/llevant\/' title='Llevant' class='pt-cv-tax-llevant'>Llevant<\/a><a href='https:\/\/trailrunningmallorca.es\/index.php\/category\/clasificacion-rutas\/rutas-de-senderismo\/' title='Rutas de senderismo' class='pt-cv-tax-rutas-de-senderismo'>Rutas de senderismo<\/a><\/div><\/div>\n<div class=\"pt-cv-colwrap\"><h4 class=\"pt-cv-title\"><a href=\"https:\/\/trailrunningmallorca.es\/index.php\/2018\/11\/01\/talaia-moreia\/\" class=\"_self\" target=\"_self\" >Puig de sa Tudossa y sa Talaia Moreia desde Betlem<\/a><\/h4><div class=\"pt-cv-content\">Nota importante: Para realizar esta ruta, hay que pedir autorizaci\u00f3n a la Direcci\u00f3n General de Medio Ambiente de les Illes Balears Salida fant\u00e1stica por el Parc Natural de Llevant, visitando dos cimas muy interesantes, el Puig de sa Tudossa i la solitaria Torre de sa Talaia Moreia. Excursi\u00f3n con grandes ...<br \/><div class=\"pt-cv-rmwrap\"><a href=\"https:\/\/trailrunningmallorca.es\/index.php\/2018\/11\/01\/talaia-moreia\/\" class=\"_self pt-cv-readmore btn btn-success\" target=\"_self\">Leer M\u00e1s<\/a><\/div><\/div><\/div><\/div>\n<div class=\" pt-cv-content-item pt-cv-2-col\"  data-pid=\"16263\"><div class=\"pt-cv-thumb-wrapper pull-left \"><a href=\"https:\/\/trailrunningmallorca.es\/index.php\/2023\/08\/25\/sos-sastre\/\" class=\"_self pt-cv-href-thumbnail pt-cv-thumb-left\" target=\"_self\" ><img loading=\"lazy\" decoding=\"async\" width=\"2000\" height=\"924\" src=\"https:\/\/trailrunningmallorca.es\/wp-content\/uploads\/2023\/08\/nggallery_import\/11.jpg\" class=\"pt-cv-thumbnail img-none pull-left\" alt=\"Serra de Sos Sastre\" \/><\/a><div class=\"pt-cv-taxoterm over_top_left\"><a href='https:\/\/trailrunningmallorca.es\/index.php\/category\/rutas-comarcas\/llevant\/arta\/' title='Art\u00e0' class='pt-cv-tax-arta'>Art\u00e0<\/a><a href='https:\/\/trailrunningmallorca.es\/index.php\/category\/clasificacion-rutas\/rutas-por-dificultad\/dificil\/' title='Dif\u00edcil' class='pt-cv-tax-dificil'>Dif\u00edcil<\/a><a href='https:\/\/trailrunningmallorca.es\/index.php\/category\/rutas-comarcas\/llevant\/' title='Llevant' class='pt-cv-tax-llevant'>Llevant<\/a><a href='https:\/\/trailrunningmallorca.es\/index.php\/category\/clasificacion-rutas\/rutas-por-distancia\/menos-de-10-km\/' title='Menos de 10 Km' class='pt-cv-tax-menos-de-10-km'>Menos de 10 Km<\/a><a href='https:\/\/trailrunningmallorca.es\/index.php\/category\/clasificacion-rutas\/rutas-de-senderismo\/' title='Rutas de senderismo' class='pt-cv-tax-rutas-de-senderismo'>Rutas de senderismo<\/a><\/div><\/div>\n<div class=\"pt-cv-colwrap\"><h4 class=\"pt-cv-title\"><a href=\"https:\/\/trailrunningmallorca.es\/index.php\/2023\/08\/25\/sos-sastre\/\" class=\"_self\" target=\"_self\" >Serra de Sos Sastre<\/a><\/h4><div class=\"pt-cv-content\">Una ruta desconocida para nosotros y creo que para el p\u00fablico en general. Como tantas veces, gracias al blog de Viaranys, pudimos conocerla y seguir sus pasos. Nos adentramos en la pen\u00ednsula de Llevant por una zona preciosa, desde el Coll des Rac\u00f3 subimos al Puig hom\u00f3nimo y desde all\u00ed ...<br \/><div class=\"pt-cv-rmwrap\"><a href=\"https:\/\/trailrunningmallorca.es\/index.php\/2023\/08\/25\/sos-sastre\/\" class=\"_self pt-cv-readmore btn btn-success\" target=\"_self\">Leer M\u00e1s<\/a><\/div><\/div><\/div><\/div><\/div><\/div><\/div>\t\t\t<style type=\"text\/css\" id=\"pt-cv-inline-style-69804c54xo\">\n#pt-cv-view-aa613eags3 .pt-cv-thumb-wrapper:not(.miniwrap) { width: 450px; }#pt-cv-view-aa613eags3 .pt-cv-thumbnail:not(.pt-cv-thumbnailsm) { height: 250px; }#pt-cv-view-aa613eags3 > .pt-cv-page {grid-template-columns: repeat(1, 1fr);grid-gap: 15px;}\n@media all and (max-width: 1024px) { \n#pt-cv-view-aa613eags3 > .pt-cv-page {grid-template-columns: repeat(1, 1fr);}\n} \n@media all and (max-width: 767px) { \n#pt-cv-view-aa613eags3 > .pt-cv-page {grid-template-columns: repeat(1, 1fr);}\n} <\/style>\r\n\t\t\t\t\t\t<style type=\"text\/css\" id=\"pt-cv-inline-style-5d99936aef\">#pt-cv-view-aa613eags3 .pt-cv-content-item { padding-top: 0px !important; padding-right: 0px !important; padding-bottom: 0px !important; padding-left: 0px !important; }\n#pt-cv-view-aa613eags3  .pt-cv-content-item   { background-color: #ffffff !important; border-width: 1px 1px 1px 1px !important; border-style: none !important; border-radius: 0px 0px 0px 0px !important; }\n#pt-cv-view-aa613eags3 .pt-cv-taxoterm * { font-family: 'Open Sans', Arial, serif !important; font-size: 11px !important; line-height: 1.3 !important; color: #000000 !important; background-color: #efefef !important; margin: 2px 5px 0px 0px !important; padding: 5px 5px 5px 5px !important; }\n#pt-cv-view-aa613eags3 .pt-cv-title a, #pt-cv-view-aa613eags3  .panel-title { font-family: 'Open Sans', Arial, serif !important; font-size: 18px !important; line-height: 1.3 !important; color: #dd3333 !important; font-weight: 600 !important; padding: 3px 3px 3px 3px !important; display: block !important; }\n#pt-cv-view-aa613eags3  .pt-cv-title a:hover, #pt-cv-view-aa613eags3  .panel-title:hover   { font-family: 'Open Sans', Arial, serif !important; font-size: 18px !important; line-height: 1.3 !important; color: #3724e5 !important; }\n#pt-cv-view-aa613eags3 .pt-cv-content , #pt-cv-view-aa613eags3  .pt-cv-content *:not(.pt-cv-readmore):not(style):not(script) { font-family: 'Open Sans', Arial, serif !important; font-size: 13px !important; color: #000000 !important; text-transform: capitalize !important; line-height: 2 !important; padding: 5px 5px 5px 5px !important; }\n#pt-cv-view-aa613eags3 .pt-cv-readmore  { color: #ffffff !important; background-color: #00aeef !important; }\n#pt-cv-view-aa613eags3 .pt-cv-readmore:hover  { color: #ffffff !important; background-color: #00aeef !important; }\n#pt-cv-view-aa613eags3  + .pt-cv-pagination-wrapper .pt-cv-more , #pt-cv-view-aa613eags3  + .pt-cv-pagination-wrapper .pagination .active a, .pt-cv-pagination[data-sid='aa613eags3'] .active a { color: #ffffff !important; background-color: #00aeef !important; }\n#pt-cv-view-aa613eags3 { text-align: justify; }<\/style>\r\n\t\t\t<link href='\/\/fonts.googleapis.com\/css?family=Open+Sans' rel='stylesheet' type='text\/css'>\n","protected":false},"excerpt":{"rendered":"<table class=\"rw-rating-table rw-ltr rw-left rw-no-labels\"><tr><td><nobr>&nbsp;<\/nobr><\/td><td><div class=\"rw-left\"><div class=\"rw-ui-container rw-class-blog-post rw-urid-192680\"><\/div><\/div><\/td><\/tr><\/table><p>&nbsp; Itinerario Desde el Coll des Rac\u00f3, situado en la carretera de Art\u00e0 a Cala Torta, se pueden aparcar unos cuantos coches, iniciamos la subida hacia el Puig des Rac\u00f3, entrando a la Finca p\u00fablica de \u00abSa Duaia &#8211; es&hellip; <\/p>\n","protected":false},"author":1,"featured_media":0,"parent":0,"menu_order":0,"comment_status":"closed","ping_status":"closed","template":"","meta":{"ngg_post_thumbnail":0,"footnotes":""},"class_list":["post-19267","page","type-page","status-publish","hentry"],"_links":{"self":[{"href":"https:\/\/trailrunningmallorca.es\/index.php\/wp-json\/wp\/v2\/pages\/19267","targetHints":{"allow":["GET"]}}],"collection":[{"href":"https:\/\/trailrunningmallorca.es\/index.php\/wp-json\/wp\/v2\/pages"}],"about":[{"href":"https:\/\/trailrunningmallorca.es\/index.php\/wp-json\/wp\/v2\/types\/page"}],"author":[{"embeddable":true,"href":"https:\/\/trailrunningmallorca.es\/index.php\/wp-json\/wp\/v2\/users\/1"}],"replies":[{"embeddable":true,"href":"https:\/\/trailrunningmallorca.es\/index.php\/wp-json\/wp\/v2\/comments?post=19267"}],"version-history":[{"count":0,"href":"https:\/\/trailrunningmallorca.es\/index.php\/wp-json\/wp\/v2\/pages\/19267\/revisions"}],"wp:attachment":[{"href":"https:\/\/trailrunningmallorca.es\/index.php\/wp-json\/wp\/v2\/media?parent=19267"}],"curies":[{"name":"wp","href":"https:\/\/api.w.org\/{rel}","templated":true}]}}