{"id":19232,"date":"2024-05-24T20:52:05","date_gmt":"2024-05-24T18:52:05","guid":{"rendered":"https:\/\/trailrunningmallorca.es\/?page_id=19232"},"modified":"2024-05-27T09:59:10","modified_gmt":"2024-05-27T07:59:10","slug":"rutas-andratx","status":"publish","type":"page","link":"https:\/\/trailrunningmallorca.es\/index.php\/rutas-andratx\/","title":{"rendered":"Rutas Andratx"},"content":{"rendered":"<div class=\"pt-cv-wrapper\"><div class=\"pt-cv-view pt-cv-blockgrid iscvblock iscvhybrid list1 layout1 pt-cv-pgregular pt-cv-justify\" id=\"pt-cv-view-69211bee90\"><div data-id=\"pt-cv-page-1\" class=\"pt-cv-page\" data-cvc=\"1\"><div class=\" pt-cv-content-item pt-cv-2-col\"  data-pid=\"2218\"><div class=\"pt-cv-thumb-wrapper pull-right \"><a href=\"https:\/\/trailrunningmallorca.es\/index.php\/2016\/07\/02\/coll-gramola-la-trapa\/\" class=\"_self pt-cv-href-thumbnail pt-cv-thumb-right cvplbd\" target=\"_self\" ><img loading=\"lazy\" decoding=\"async\" width=\"2048\" height=\"1536\" src=\"https:\/\/trailrunningmallorca.es\/wp-content\/uploads\/ngg_featured\/12_0889.jpg\" class=\"pt-cv-thumbnail img-none pull-right\" alt=\"Coll de sa Gramola a la Trapa\" \/><\/a><div class=\"pt-cv-taxoterm over_top_right\"><a href='https:\/\/trailrunningmallorca.es\/index.php\/category\/rutas-comarcas\/tramuntana_sur\/andratx\/' title='Andratx' class='pt-cv-tax-andratx'>Andratx<\/a><a href='https:\/\/trailrunningmallorca.es\/index.php\/category\/clasificacion-rutas\/rutas-por-distancia\/menos-de-10-km\/' title='Menos de 10 Km' class='pt-cv-tax-menos-de-10-km'>Menos de 10 Km<\/a><a href='https:\/\/trailrunningmallorca.es\/index.php\/category\/clasificacion-rutas\/rutas-por-dificultad\/moderado\/' title='Moderado' class='pt-cv-tax-moderado'>Moderado<\/a><a href='https:\/\/trailrunningmallorca.es\/index.php\/category\/rutas-comarcas\/tramuntana_sur\/' title='Tramuntana Sur' class='pt-cv-tax-tramuntana_sur'>Tramuntana Sur<\/a><\/div><\/div>\n<div class=\"pt-cv-colwrap\"><h4 class=\"pt-cv-title\"><a href=\"https:\/\/trailrunningmallorca.es\/index.php\/2016\/07\/02\/coll-gramola-la-trapa\/\" class=\"_self cvplbd\" target=\"_self\" >Coll de sa Gramola a la Trapa<\/a><\/h4><div class=\"pt-cv-content\">Ruta por Tramuntana Sur, concretamente por la zona de la Trapa. Territorio que visitamos en pocas ocasiones pero que tiene unas vistas privilegiadas, como inconveniente es que no es adecuada para hacer en pleno verano, ya que hay pocas sombras durante el camino. Itinerario Coll de sa Gramola Ses Basses ...<br \/><div class=\"pt-cv-rmwrap\"><a href=\"https:\/\/trailrunningmallorca.es\/index.php\/2016\/07\/02\/coll-gramola-la-trapa\/\" class=\"_self pt-cv-readmore btn btn-success cvplbd\" target=\"_self\">Leer M\u00e1s<\/a><\/div><\/div><\/div><\/div>\n<div class=\" pt-cv-content-item pt-cv-2-col\"  data-pid=\"20756\"><div class=\"pt-cv-thumb-wrapper pull-right \"><a href=\"https:\/\/trailrunningmallorca.es\/index.php\/2024\/12\/25\/cala-ortigues\/\" class=\"_self pt-cv-href-thumbnail pt-cv-thumb-right cvplbd\" target=\"_self\" ><img loading=\"lazy\" decoding=\"async\" width=\"2000\" height=\"1126\" src=\"https:\/\/trailrunningmallorca.es\/wp-content\/uploads\/2024\/12\/nggallery_import\/20241016_150112.jpeg\" class=\"pt-cv-thumbnail img-none pull-right\" alt=\"Pas de sa Selleta y Cala Ses Ortigues\" \/><\/a><div class=\"pt-cv-taxoterm over_top_right\"><a href='https:\/\/trailrunningmallorca.es\/index.php\/category\/rutas-comarcas\/tramuntana_sur\/andratx\/' title='Andratx' class='pt-cv-tax-andratx'>Andratx<\/a><a href='https:\/\/trailrunningmallorca.es\/index.php\/category\/clasificacion-rutas\/rutas-por-distancia\/entre-10-km-y-15-km\/' title='Entre 10 km y 15 km' class='pt-cv-tax-entre-10-km-y-15-km'>Entre 10 km y 15 km<\/a><a href='https:\/\/trailrunningmallorca.es\/index.php\/category\/clasificacion-rutas\/rutas-por-dificultad\/moderado\/' title='Moderado' class='pt-cv-tax-moderado'>Moderado<\/a><a href='https:\/\/trailrunningmallorca.es\/index.php\/category\/clasificacion-rutas\/rutas-de-senderismo\/' title='Rutas de senderismo' class='pt-cv-tax-rutas-de-senderismo'>Rutas de senderismo<\/a><a href='https:\/\/trailrunningmallorca.es\/index.php\/category\/rutas-comarcas\/tramuntana_sur\/' title='Tramuntana Sur' class='pt-cv-tax-tramuntana_sur'>Tramuntana Sur<\/a><\/div><\/div>\n<div class=\"pt-cv-colwrap\"><h4 class=\"pt-cv-title\"><a href=\"https:\/\/trailrunningmallorca.es\/index.php\/2024\/12\/25\/cala-ortigues\/\" class=\"_self cvplbd\" target=\"_self\" >Pas de sa Selleta y Cala Ses Ortigues<\/a><\/h4><div class=\"pt-cv-content\">Aviso Importante: No se recomienda ir a Cala Ortigues con mala mar, es peligroso ya que el recorrido por la cala se hace muy cerca de la orilla. Por otra parte, el acceso a la Torre Nova est\u00e1 restringido debido a una barrera que da acceso a una finca privada ...<br \/><div class=\"pt-cv-rmwrap\"><a href=\"https:\/\/trailrunningmallorca.es\/index.php\/2024\/12\/25\/cala-ortigues\/\" class=\"_self pt-cv-readmore btn btn-success cvplbd\" target=\"_self\">Leer M\u00e1s<\/a><\/div><\/div><\/div><\/div>\n<div class=\" pt-cv-content-item pt-cv-2-col\"  data-pid=\"2153\"><div class=\"pt-cv-thumb-wrapper pull-right \"><a href=\"https:\/\/trailrunningmallorca.es\/index.php\/2016\/06\/08\/pas-vermell-y-torre-de-cala-en-basset\/\" class=\"_self pt-cv-href-thumbnail pt-cv-thumb-right cvplbd\" target=\"_self\" ><img loading=\"lazy\" decoding=\"async\" width=\"1600\" height=\"1200\" src=\"https:\/\/trailrunningmallorca.es\/wp-content\/uploads\/ngg_featured\/30_4201.jpg\" class=\"pt-cv-thumbnail img-none pull-right\" alt=\"Pas Vermell y Torre de Cala en Basset\" \/><\/a><div class=\"pt-cv-taxoterm over_top_right\"><a href='https:\/\/trailrunningmallorca.es\/index.php\/category\/rutas-comarcas\/tramuntana_sur\/andratx\/' title='Andratx' class='pt-cv-tax-andratx'>Andratx<\/a><a href='https:\/\/trailrunningmallorca.es\/index.php\/category\/clasificacion-rutas\/rutas-por-distancia\/entre-10-km-y-15-km\/' title='Entre 10 km y 15 km' class='pt-cv-tax-entre-10-km-y-15-km'>Entre 10 km y 15 km<\/a><a href='https:\/\/trailrunningmallorca.es\/index.php\/category\/clasificacion-rutas\/rutas-por-dificultad\/moderado\/' title='Moderado' class='pt-cv-tax-moderado'>Moderado<\/a><a href='https:\/\/trailrunningmallorca.es\/index.php\/category\/rutas-comarcas\/tramuntana_sur\/' title='Tramuntana Sur' class='pt-cv-tax-tramuntana_sur'>Tramuntana Sur<\/a><\/div><\/div>\n<div class=\"pt-cv-colwrap\"><h4 class=\"pt-cv-title\"><a href=\"https:\/\/trailrunningmallorca.es\/index.php\/2016\/06\/08\/pas-vermell-y-torre-de-cala-en-basset\/\" class=\"_self cvplbd\" target=\"_self\" >Pas Vermell y Torre de Cala en Basset<\/a><\/h4><div class=\"pt-cv-content\">Ruta por Tramuntana Sur muy interesante que transcurre cerca de la costa de Andratx. En la primera parte vamos del Port de Andratx hasta Sant Elm, cogiendo el GR221, pasando por el Pas Vermell. Y el \u00faltimo tramo visitamos la pintoresca Torre de Cala en Basset, con unas vistas privilegiadas ...<br \/><div class=\"pt-cv-rmwrap\"><a href=\"https:\/\/trailrunningmallorca.es\/index.php\/2016\/06\/08\/pas-vermell-y-torre-de-cala-en-basset\/\" class=\"_self pt-cv-readmore btn btn-success cvplbd\" target=\"_self\">Leer M\u00e1s<\/a><\/div><\/div><\/div><\/div>\n<div class=\" pt-cv-content-item pt-cv-2-col\"  data-pid=\"16510\"><div class=\"pt-cv-thumb-wrapper pull-right \"><a href=\"https:\/\/trailrunningmallorca.es\/index.php\/2023\/09\/02\/puig-garrafa\/\" class=\"_self pt-cv-href-thumbnail pt-cv-thumb-right cvplbd\" target=\"_self\" ><img loading=\"lazy\" decoding=\"async\" width=\"2000\" height=\"924\" src=\"https:\/\/trailrunningmallorca.es\/wp-content\/uploads\/2023\/09\/nggallery_import\/20230216_114008.jpg\" class=\"pt-cv-thumbnail img-none pull-right\" alt=\"Puig de Garrafa\" \/><\/a><div class=\"pt-cv-taxoterm over_top_right\"><a href='https:\/\/trailrunningmallorca.es\/index.php\/category\/rutas-comarcas\/tramuntana_sur\/andratx\/' title='Andratx' class='pt-cv-tax-andratx'>Andratx<\/a><a href='https:\/\/trailrunningmallorca.es\/index.php\/category\/clasificacion-rutas\/rutas-por-distancia\/menos-de-10-km\/' title='Menos de 10 Km' class='pt-cv-tax-menos-de-10-km'>Menos de 10 Km<\/a><a href='https:\/\/trailrunningmallorca.es\/index.php\/category\/clasificacion-rutas\/rutas-por-dificultad\/moderado\/' title='Moderado' class='pt-cv-tax-moderado'>Moderado<\/a><a href='https:\/\/trailrunningmallorca.es\/index.php\/category\/rutas-comarcas\/tramuntana_sur\/' title='Tramuntana Sur' class='pt-cv-tax-tramuntana_sur'>Tramuntana Sur<\/a><\/div><\/div>\n<div class=\"pt-cv-colwrap\"><h4 class=\"pt-cv-title\"><a href=\"https:\/\/trailrunningmallorca.es\/index.php\/2023\/09\/02\/puig-garrafa\/\" class=\"_self cvplbd\" target=\"_self\" >Puig de Garrafa<\/a><\/h4><div class=\"pt-cv-content\">Ruta cl\u00e1sica por el municipio de Andratx, ascendiendo al Puig de Garrafa de 462 metros de altitud. Es un itinerario que, aunque sea corto (unos 5 km), es bastante exigente y en algunos tramos fuera de camino y resbaladizo. La subida a la cima, la realizamos por el Comellar de ...<br \/><div class=\"pt-cv-rmwrap\"><a href=\"https:\/\/trailrunningmallorca.es\/index.php\/2023\/09\/02\/puig-garrafa\/\" class=\"_self pt-cv-readmore btn btn-success cvplbd\" target=\"_self\">Leer M\u00e1s<\/a><\/div><\/div><\/div><\/div>\n<div class=\" pt-cv-content-item pt-cv-2-col\"  data-pid=\"17930\"><div class=\"pt-cv-thumb-wrapper pull-right \"><a href=\"https:\/\/trailrunningmallorca.es\/index.php\/2023\/12\/18\/farineta-forn\/\" class=\"_self pt-cv-href-thumbnail pt-cv-thumb-right cvplbd\" target=\"_self\" ><img loading=\"lazy\" decoding=\"async\" width=\"2000\" height=\"1126\" src=\"https:\/\/trailrunningmallorca.es\/wp-content\/uploads\/2023\/12\/nggallery_import\/20231213_151418.jpg\" class=\"pt-cv-thumbnail img-none pull-right\" alt=\"Puig de&#039;n Farineta, Puig de ses Fel\u00b7les, Puntal des Forn\" \/><\/a><div class=\"pt-cv-taxoterm over_top_right\"><a href='https:\/\/trailrunningmallorca.es\/index.php\/category\/rutas-comarcas\/tramuntana_sur\/andratx\/' title='Andratx' class='pt-cv-tax-andratx'>Andratx<\/a><a href='https:\/\/trailrunningmallorca.es\/index.php\/category\/clasificacion-rutas\/rutas-por-dificultad\/dificil\/' title='Dif\u00edcil' class='pt-cv-tax-dificil'>Dif\u00edcil<\/a><a href='https:\/\/trailrunningmallorca.es\/index.php\/category\/clasificacion-rutas\/rutas-por-distancia\/entre-10-km-y-15-km\/' title='Entre 10 km y 15 km' class='pt-cv-tax-entre-10-km-y-15-km'>Entre 10 km y 15 km<\/a><a href='https:\/\/trailrunningmallorca.es\/index.php\/category\/clasificacion-rutas\/rutas-de-senderismo\/' title='Rutas de senderismo' class='pt-cv-tax-rutas-de-senderismo'>Rutas de senderismo<\/a><a href='https:\/\/trailrunningmallorca.es\/index.php\/category\/rutas-comarcas\/tramuntana_sur\/' title='Tramuntana Sur' class='pt-cv-tax-tramuntana_sur'>Tramuntana Sur<\/a><\/div><\/div>\n<div class=\"pt-cv-colwrap\"><h4 class=\"pt-cv-title\"><a href=\"https:\/\/trailrunningmallorca.es\/index.php\/2023\/12\/18\/farineta-forn\/\" class=\"_self cvplbd\" target=\"_self\" >Puig de&#8217;n Farineta, Puig de ses Fel\u00b7les, Puntal des Forn<\/a><\/h4><div class=\"pt-cv-content\">Una nueva ruta por Tramuntana Sur, nos desplazamos hasta Andratx para hacer una preciosa y alternativa vuelta que no conoc\u00eda y que me encant\u00f3. Subimos al Puig den Farineta, una cima modesta con vistas espectaculares. La siguiente cima es el Puig de ses Fel.les, muy exigente y con terreno complicado ...<br \/><div class=\"pt-cv-rmwrap\"><a href=\"https:\/\/trailrunningmallorca.es\/index.php\/2023\/12\/18\/farineta-forn\/\" class=\"_self pt-cv-readmore btn btn-success cvplbd\" target=\"_self\">Leer M\u00e1s<\/a><\/div><\/div><\/div><\/div>\n<div class=\" pt-cv-content-item pt-cv-2-col\"  data-pid=\"16908\"><div class=\"pt-cv-thumb-wrapper pull-right \"><a href=\"https:\/\/trailrunningmallorca.es\/index.php\/2023\/09\/19\/paret-des-moro\/\" class=\"_self pt-cv-href-thumbnail pt-cv-thumb-right cvplbd\" target=\"_self\" ><img loading=\"lazy\" decoding=\"async\" width=\"2000\" height=\"924\" src=\"https:\/\/trailrunningmallorca.es\/wp-content\/uploads\/2023\/09\/nggallery_import\/20230503_123723.jpg\" class=\"pt-cv-thumbnail img-none pull-right\" alt=\"Sa Paret des Moro, Ses Basses, Comellar de Cala Sanutges\" \/><\/a><div class=\"pt-cv-taxoterm over_top_right\"><a href='https:\/\/trailrunningmallorca.es\/index.php\/category\/rutas-comarcas\/tramuntana_sur\/andratx\/' title='Andratx' class='pt-cv-tax-andratx'>Andratx<\/a><a href='https:\/\/trailrunningmallorca.es\/index.php\/category\/clasificacion-rutas\/rutas-por-distancia\/entre-15-km-y-20-km\/' title='Entre 15 km y 20 km' class='pt-cv-tax-entre-15-km-y-20-km'>Entre 15 km y 20 km<\/a><a href='https:\/\/trailrunningmallorca.es\/index.php\/category\/clasificacion-rutas\/rutas-por-dificultad\/moderado\/' title='Moderado' class='pt-cv-tax-moderado'>Moderado<\/a><a href='https:\/\/trailrunningmallorca.es\/index.php\/category\/clasificacion-rutas\/rutas-de-senderismo\/' title='Rutas de senderismo' class='pt-cv-tax-rutas-de-senderismo'>Rutas de senderismo<\/a><a href='https:\/\/trailrunningmallorca.es\/index.php\/category\/rutas-comarcas\/tramuntana_sur\/' title='Tramuntana Sur' class='pt-cv-tax-tramuntana_sur'>Tramuntana Sur<\/a><\/div><\/div>\n<div class=\"pt-cv-colwrap\"><h4 class=\"pt-cv-title\"><a href=\"https:\/\/trailrunningmallorca.es\/index.php\/2023\/09\/19\/paret-des-moro\/\" class=\"_self cvplbd\" target=\"_self\" >Sa Paret des Moro, Ses Basses, Comellar de Cala Sanutges<\/a><\/h4><div class=\"pt-cv-content\">Una vuelta por la red de caminos del municipio de Andratx, una zona que tenemos un poco abandonada, ya que no hay muchos \u00e1rboles e incluso en pleno invierno, con un d\u00eda de sol hace calor. En esta ocasi\u00f3n, hacemos una variante de una ruta que ya tengo publicada. Ascendemos ...<br \/><div class=\"pt-cv-rmwrap\"><a href=\"https:\/\/trailrunningmallorca.es\/index.php\/2023\/09\/19\/paret-des-moro\/\" class=\"_self pt-cv-readmore btn btn-success cvplbd\" target=\"_self\">Leer M\u00e1s<\/a><\/div><\/div><\/div><\/div>\n<div class=\" pt-cv-content-item pt-cv-2-col\"  data-pid=\"9077\"><div class=\"pt-cv-thumb-wrapper pull-right \"><a href=\"https:\/\/trailrunningmallorca.es\/index.php\/2021\/04\/21\/volta-trapa-basses\/\" class=\"_self pt-cv-href-thumbnail pt-cv-thumb-right cvplbd\" target=\"_self\" ><img loading=\"lazy\" decoding=\"async\" width=\"2000\" height=\"1124\" src=\"https:\/\/trailrunningmallorca.es\/wp-content\/uploads\/2021\/04\/nggallery_import\/29.jpeg\" class=\"pt-cv-thumbnail img-none pull-right\" alt=\"Volta s&#039;Arrac\u00f3, La Trapa, Ses Basses, Rotes de s&#039;Hereu\" \/><\/a><div class=\"pt-cv-taxoterm over_top_right\"><a href='https:\/\/trailrunningmallorca.es\/index.php\/category\/rutas-comarcas\/tramuntana_sur\/andratx\/' title='Andratx' class='pt-cv-tax-andratx'>Andratx<\/a><a href='https:\/\/trailrunningmallorca.es\/index.php\/category\/clasificacion-rutas\/rutas-por-distancia\/entre-15-km-y-20-km\/' title='Entre 15 km y 20 km' class='pt-cv-tax-entre-15-km-y-20-km'>Entre 15 km y 20 km<\/a><a href='https:\/\/trailrunningmallorca.es\/index.php\/category\/clasificacion-rutas\/rutas-por-dificultad\/moderado\/' title='Moderado' class='pt-cv-tax-moderado'>Moderado<\/a><a href='https:\/\/trailrunningmallorca.es\/index.php\/category\/rutas-comarcas\/tramuntana_sur\/' title='Tramuntana Sur' class='pt-cv-tax-tramuntana_sur'>Tramuntana Sur<\/a><\/div><\/div>\n<div class=\"pt-cv-colwrap\"><h4 class=\"pt-cv-title\"><a href=\"https:\/\/trailrunningmallorca.es\/index.php\/2021\/04\/21\/volta-trapa-basses\/\" class=\"_self cvplbd\" target=\"_self\" >Volta s&#8217;Arrac\u00f3, La Trapa, Ses Basses, Rotes de s&#8217;Hereu<\/a><\/h4><div class=\"pt-cv-content\">El \u00e1rea de Tramuntana Sur, la tenemos un poco olvidada y hay unas rutas y paisajes preciosos. En esta ocasi\u00f3n nos dirigimos hacia Andratx, para recorrer una preciosa vuelta entre s'Arrac\u00f3 y La Trapa. Una ruta larga y exigente en la que disfrutaremos de lo lindo, por caminos y paisajes ...<br \/><div class=\"pt-cv-rmwrap\"><a href=\"https:\/\/trailrunningmallorca.es\/index.php\/2021\/04\/21\/volta-trapa-basses\/\" class=\"_self pt-cv-readmore btn btn-success cvplbd\" target=\"_self\">Leer M\u00e1s<\/a><\/div><\/div><\/div><\/div><\/div><\/div><\/div>\t\t\t<style type=\"text\/css\" id=\"pt-cv-inline-style-cbb2767brz\">\n#pt-cv-view-69211bee90 .pt-cv-thumb-wrapper:not(.miniwrap) { width: 400px; }#pt-cv-view-69211bee90 .pt-cv-thumbnail:not(.pt-cv-thumbnailsm) { height: 250px; }#pt-cv-view-69211bee90 > .pt-cv-page {grid-template-columns: repeat(1, 1fr);grid-gap: 15px;}\n@media all and (max-width: 1024px) { \n#pt-cv-view-69211bee90 > .pt-cv-page {grid-template-columns: repeat(1, 1fr);}\n} \n@media all and (max-width: 767px) { \n#pt-cv-view-69211bee90 > .pt-cv-page {grid-template-columns: repeat(1, 1fr);}\n} <\/style>\r\n\t\t\t\t\t\t<style type=\"text\/css\" id=\"pt-cv-inline-style-1cfa77bacr\">#pt-cv-view-69211bee90 .pt-cv-content-item { padding-top: 15px !important; padding-right: 15px !important; padding-bottom: 15px !important; padding-left: 15px !important; }\n#pt-cv-view-69211bee90  .pt-cv-content-item   { border-width: 1px 1px 1px 1px !important; border-style: solid !important; }\n#pt-cv-view-69211bee90 .pt-cv-taxoterm * { font-family: 'Open Sans', Arial, serif !important; font-size: 11px !important; line-height: 1.3 !important; background-color: #46992f !important; padding: 5px 5px 5px 5px !important; }\n#pt-cv-view-69211bee90 .pt-cv-title a, #pt-cv-view-69211bee90  .panel-title { font-family: 'Open Sans', Arial, serif !important; font-size: 18px !important; line-height: 1.3 !important; color: #000000 !important; font-weight: 600 !important; }\n#pt-cv-view-69211bee90  .pt-cv-title a:hover, #pt-cv-view-69211bee90  .panel-title:hover   { font-family: 'Open Sans', Arial, serif !important; font-size: 18px !important; line-height: 1.3 !important; color: #3724e5 !important; }\n#pt-cv-view-69211bee90 .pt-cv-content , #pt-cv-view-69211bee90  .pt-cv-content *:not(.pt-cv-readmore):not(style):not(script) { font-family: 'Open Sans', Arial, serif !important; font-size: 13px !important; color: #000000 !important; text-transform: capitalize !important; line-height: 2 !important; }\n#pt-cv-view-69211bee90 .pt-cv-readmore  { color: #ffffff !important; background-color: #00aeef !important; }\n#pt-cv-view-69211bee90 .pt-cv-readmore:hover  { color: #ffffff !important; background-color: #00aeef !important; }\n#pt-cv-view-69211bee90  + .pt-cv-pagination-wrapper .pt-cv-more , #pt-cv-view-69211bee90  + .pt-cv-pagination-wrapper .pagination .active a, .pt-cv-pagination[data-sid='69211bee90'] .active a { color: #ffffff !important; background-color: #00aeef !important; }\n#pt-cv-view-69211bee90 { text-align: justify; }<\/style>\r\n\t\t\t<link href='\/\/fonts.googleapis.com\/css?family=Open+Sans' rel='stylesheet' type='text\/css'>\n","protected":false},"excerpt":{"rendered":"<table class=\"rw-rating-table rw-ltr rw-left rw-no-labels\"><tr><td><nobr>&nbsp;<\/nobr><\/td><td><div class=\"rw-left\"><div class=\"rw-ui-container rw-class-blog-post rw-urid-192330\"><\/div><\/div><\/td><\/tr><\/table><p>&nbsp; Itinerario A rrancamos desde el cementerio de S&#8217;Arrac\u00f3, y nos introducimos enseguida por una bonita pista forestal en direcci\u00f3n Oeste. El camino no tiene complicaci\u00f3n el camino, nosotros llevamos el GPS ya que hay algunos desv\u00edos que pueden despistar&hellip; <\/p>\n","protected":false},"author":1,"featured_media":0,"parent":0,"menu_order":0,"comment_status":"closed","ping_status":"closed","template":"","meta":{"ngg_post_thumbnail":0,"footnotes":""},"class_list":["post-19232","page","type-page","status-publish","hentry"],"_links":{"self":[{"href":"https:\/\/trailrunningmallorca.es\/index.php\/wp-json\/wp\/v2\/pages\/19232","targetHints":{"allow":["GET"]}}],"collection":[{"href":"https:\/\/trailrunningmallorca.es\/index.php\/wp-json\/wp\/v2\/pages"}],"about":[{"href":"https:\/\/trailrunningmallorca.es\/index.php\/wp-json\/wp\/v2\/types\/page"}],"author":[{"embeddable":true,"href":"https:\/\/trailrunningmallorca.es\/index.php\/wp-json\/wp\/v2\/users\/1"}],"replies":[{"embeddable":true,"href":"https:\/\/trailrunningmallorca.es\/index.php\/wp-json\/wp\/v2\/comments?post=19232"}],"version-history":[{"count":0,"href":"https:\/\/trailrunningmallorca.es\/index.php\/wp-json\/wp\/v2\/pages\/19232\/revisions"}],"wp:attachment":[{"href":"https:\/\/trailrunningmallorca.es\/index.php\/wp-json\/wp\/v2\/media?parent=19232"}],"curies":[{"name":"wp","href":"https:\/\/api.w.org\/{rel}","templated":true}]}}